{"id":2226,"date":"2019-09-05T08:43:56","date_gmt":"2019-09-05T06:43:56","guid":{"rendered":"https:\/\/simbarcelona.indianwebs.es\/?page_id=2226"},"modified":"2024-06-16T02:31:45","modified_gmt":"2024-06-16T00:31:45","slug":"home","status":"publish","type":"page","link":"https:\/\/simbarcelona.es\/ca\/","title":{"rendered":"Inici"},"content":{"rendered":"<div>\n<p>    <img decoding=\"async\" src=\"\/wp-content\/uploads\/2023\/08\/it-services-02.jpg\" alt=\"\"><\/p>\n<h3>Inform\u00e0tica de total confian\u00e7a amb SIM Barcelona<\/h3>\n<p>Instal\u00b7laci\u00f3, reparaci\u00f3 i manteniment d&#8217;eines inform\u00e0tiques i multim\u00e8dia<\/p>\n<div>\n<div class=\"uk-flex-middle uk-child-width-auto uk-flex-center uk-grid\" uk-grid=\"\">\n<div class=\"el-item uk-first-column\"><a class=\"el-content uk-button uk-button-primary\" href=\"\/contacto-sim-barcelona-soporte-informatico-barcelona\/\"><span>PRESSUPOST GRATU\u00cfT<\/span><\/a><\/div>\n<div class=\"el-item\"><a class=\"el-content uk-button uk-button-default\" href=\"#js-f204\" uk-toggle=\"\" role=\"button\"><span>POSA&#8217;T EN CONTACTE AMB NOSALTRE<\/span>S <\/a><\/div>\n<\/div>\n<\/div>\n<\/div>\n<div>\n<p><span>Se t&#8217;ha trencat l&#8217;ordinador, tens problemes de connexi\u00f3 a internet o et vindria b\u00e9 assessorament per a comprar maquinari o programari?\u00a0<\/span><span>SIM<\/span><span>\u00a0Barcelona presta servei a particulars i professionals a Barcelona i voltants per a donar resposta a tots els problemes d&#8217;inform\u00e0tica i connectivitat amb els teus equips multim\u00e8dia.<\/span><\/p>\n<\/div>\n<h1>\n<p><span>El nostre treball<\/span><\/p>\n<p><span>Reparaci\u00f3 i assist\u00e8ncia inform\u00e0tica a Barcelona per a empreses i particulars<\/span><\/p>\n<\/h1>\n<div>\n<p><span>El nostre treball consisteix a ajudar-te en el dia a dia amb el teu material inform\u00e0tic i multim\u00e8dia, garantint la protecci\u00f3 dels teus equips sense que hagis de preocupar-te per res.<\/span><\/p>\n<\/div>\n<ul>\n<li>\n<p>        <img decoding=\"async\" src=\"\/wp-content\/uploads\/2023\/08\/herramientas.svg\" alt=\"\"><\/p>\n<h3>Reparaci\u00f3 d&#8217;ordinadors \/ Suport i solucions inform\u00e0tiques<\/h3>\n<\/li>\n<li>\n<p>        <img decoding=\"async\" src=\"\/wp-content\/uploads\/2023\/08\/nube.svg\" alt=\"\"><\/p>\n<h3> Manteniment de sistemes i xarxes<\/h3>\n<\/li>\n<li>\n<p>        <img decoding=\"async\" src=\"\/wp-content\/uploads\/2023\/08\/capas.svg\" alt=\"\"><\/p>\n<h3> Auditoria i assessorament inform\u00e0tic per a empreses<\/h3>\n<\/li>\n<li>\n<p>        <img decoding=\"async\" src=\"\/wp-content\/uploads\/2023\/08\/red.svg\" alt=\"\"><\/p>\n<h3> Assist\u00e8ncia multim\u00e8dia: connexi\u00f3 a internet i perif\u00e8rics<\/h3>\n<\/li>\n<li>\n<p>        <img decoding=\"async\" src=\"\/wp-content\/uploads\/2023\/08\/ordenador.svg\" alt=\"\"><\/p>\n<h3> Instal\u00b7laci\u00f3, configuraci\u00f3 i programaci\u00f3<\/h3>\n<\/li>\n<li>\n<p>        <img decoding=\"async\" src=\"\/wp-content\/uploads\/2023\/08\/hdd.svg\" alt=\"\"><\/p>\n<h3> Neteja d&#8217;ordinador, protecci\u00f3 i c\u00f2pia de seguretat de dades<\/h3>\n<\/li>\n<\/ul>\n<div>\n<p>        <img decoding=\"async\" src=\"\/wp-content\/uploads\/2023\/08\/apple-business-computer-4158-2-scaled.jpg\" alt=\"\"><\/p>\n<h3>Descobreix la flexibilitat dels nostres serveis: els nostres t\u00e8cnics arriben directament al teu domicili o local. Per a m\u00e9s comoditat, tamb\u00e9 us donem la benvinguda a les nostres oficines amb cita pr\u00e8via. I per fer-ho encara m\u00e9s f\u00e0cil, aprofita la nostra assist\u00e8ncia remota per obtenir ajuda instant\u00e0nia, siguis on siguis.<\/h3>\n<div>\n<ul>\n<li>\n<p><span>Despla\u00e7ament per Barcelona i els seus voltants: en un radi m\u00e0xim de 50 km.<br \/><\/span><\/p>\n<\/li>\n<li><span>Suport remot: no importa on siguis: a l&#8217;oficina, treballant a dist\u00e0ncia des de casa o fins i tot de vacances a l&#8217;altre costat del m\u00f3n, estem aqu\u00ed per ajudar-te.<\/span><\/li>\n<\/ul>\n<\/div>\n<p><a href=\"\/contacto-sim-barcelona-soporte-informatico-barcelona\/\"> CONFIA EN UN EXPERT!<\/a><\/p>\n<\/div>\n<div>\n<p>        <img decoding=\"async\" src=\"\/wp-content\/uploads\/2023\/08\/it-services-03.png\" alt=\"\"><\/p>\n<h3>Ens encarreguem de tota mena de dispositius electr\u00f2nics i de tots els sistemes operatius<\/h3>\n<div>\n<ul>\n<li><span><strong>Sistemes operatius<\/strong>: Windows,\u00a0<\/span><span>Mac<\/span><span>\u00a0US, Linux, Windows\u00a0<\/span><span>Phone<\/span><span>,\u00a0<\/span><span>iOS<\/span><span>, Android<\/span><\/li>\n<li><span><strong>Dispositius<\/strong>: PC,\u00a0<\/span><span>Mac<\/span><span>, tauleta, tel\u00e8fon m\u00f2bil, impressora, televisi\u00f3, m\u00f2dem i\u00a0<\/span><span>r\u00fater<\/span><span>\u00a0d&#8217;internet, parab\u00f2lica, consola de videojocs,\u00a0<\/span><span>home<\/span><span>\u00a0<\/span><span>cinema<\/span><span>, mp3, telefonia\u00a0<\/span><span>VOIP<\/span><span>, GPS, c\u00e0mera de fotos, c\u00e0mera IP i de videovigil\u00e0ncia de totes les marques<\/span><\/li>\n<\/ul>\n<\/div>\n<p><a href=\"\/contacto-sim-barcelona-soporte-informatico-barcelona\/\"> PRESSUPOST GRATU\u00cfT<\/a><\/p>\n<\/div>\n<h1>\n<p><span>SIM<\/span><span>\u00a0Barcelona, una soluci\u00f3 experta i efica\u00e7 als teus problemes inform\u00e0tics<\/span><\/p>\n<\/h1>\n<ul>\n<li>\n<p>        <img decoding=\"async\" src=\"\/wp-content\/uploads\/2023\/08\/candado.svg\" alt=\"\"><\/p>\n<h3> Servei professional<\/h3>\n<\/li>\n<li>\n<p>        <img decoding=\"async\" src=\"\/wp-content\/uploads\/2023\/08\/herramientas.svg\" alt=\"\"><\/p>\n<h3> Serveis a mesura<\/h3>\n<\/li>\n<li>\n<p>        <img decoding=\"async\" src=\"\/wp-content\/uploads\/2023\/08\/salvavidas.svg\" alt=\"\"><\/p>\n<h3> Rapidesa d&#8217;intervenci\u00f3<\/h3>\n<\/li>\n<li>\n<p>        <img decoding=\"async\" src=\"\/wp-content\/uploads\/2023\/08\/nube-real.svg\" alt=\"\"><\/p>\n<h3>Anticipaci\u00f3 de futures necessitats<\/h3>\n<\/li>\n<\/ul>\n<h1>\n<p><span>Testimoniatges de clients de\u00a0<\/span><span>SIM<\/span><span>\u00a0Barcelona<\/span><\/p>\n<\/h1>\n<ul>\n<li>\n<p>Alice<\/p>\n<div>\n<blockquote>\n<p><span>Molt professional, eficient i\u00a0<\/span><span>super<\/span><span>\u00a0agradable.<\/span><br \/><span>El meu iPhone X no s&#8217;encenia i tenia por de perdre totes les meves dades. La pantalla estava bloquejada en el logo d&#8217;Apple. Vaig cridar a\u00a0<\/span><span>SIM<\/span><span>\u00a0BARCELONA i ell va treballar sobre aix\u00f2 immediat. El meu problema s&#8217;ha resolt de manera r\u00e0pida i gr\u00e0cies a ell no vaig perdre cap de les meves dades. Estic extremadament satisfet i feli\u00e7. Ho recomanaria a tots<\/span><\/p>\n<\/blockquote>\n<\/div>\n<\/li>\n<li>\n<p>Viviane<\/p>\n<div>\n<blockquote>\n<p><span>He estat molt ben atesa i en un temps r\u00e8cord. Servei d&#8217;alta qualitat.<\/span><br \/><span>Empatia i\u00a0<\/span><span>inovaci\u00f3n<\/span><span>\u00a0caracteritzen aquesta empresa. Recomano el seu servei a tots.<\/span><\/p>\n<\/blockquote>\n<\/div>\n<\/li>\n<li>\n<p>Fortunat<\/p>\n<div>\n<blockquote>\n<div class=\"et_pb_testimonial_description_inner\">\n<div class=\"et_pb_testimonial_content\">\n<p><span>Ludovic<\/span><span>\u00a0de\u00a0<\/span><span>SIM<\/span><span>\u00a0Barcelona va saber aconsellar-me els productes i ofertes corresponents a les meves necessitats en inform\u00e0tica. Amb paci\u00e8ncia i professionalitat. No dubtin a contractar els serveis de\u00a0<\/span><span>SIM<\/span><span>\u00a0Barcelona.<\/span><\/p>\n<\/div>\n<\/div>\n<\/blockquote>\n<\/div>\n<\/li>\n<li>\n<p>Cathy<\/p>\n<div>\n<p><strong>M&#8217;havia quedat sense treball just durant la quarantena i vaig sol-licitar assessorament a Juli\u00e1n de Sim<\/strong><br \/><strong>Barcelona per a triar i comprar-me un ordinador potent requerit en una oferta de treball. Em va dir \u00f3n podia<\/strong><br \/><strong>aconseguir-ho i als pocs dies ja el vaig comen\u00e7ar a utilitzar al meu nou treball ! He pogut instal-lar tots els programes del&#8217;empresa i rebre trucades a dist\u00e1ncia sense problemes de conexi\u00f3. Recomano els serveis.<\/strong><\/p>\n<\/div>\n<\/li>\n<\/ul>\n<p><!--more--><br \/>\n<!-- {\"type\":\"layout\",\"children\":[{\"type\":\"section\",\"props\":{\"image_position\":\"center-center\",\"padding_remove_bottom\":true,\"padding_remove_top\":true,\"style\":\"default\",\"title_breakpoint\":\"xl\",\"title_position\":\"top-left\",\"title_rotation\":\"left\",\"vertical_align\":\"middle\",\"width\":\"\"},\"children\":[{\"type\":\"row\",\"children\":[{\"type\":\"column\",\"props\":{\"image_position\":\"center-center\",\"position_sticky_breakpoint\":\"m\"},\"children\":[{\"type\":\"slideshow\",\"props\":{\"link_style\":\"default\",\"link_text\":\"Read more\",\"margin\":\"default\",\"meta_align\":\"below-title\",\"meta_element\":\"div\",\"meta_style\":\"h4\",\"nav\":\"dotnav\",\"nav_align\":\"center\",\"nav_breakpoint\":\"s\",\"nav_position\":\"bottom-center\",\"nav_position_margin\":\"medium\",\"overlay_animation\":\"parallax\",\"overlay_position\":\"center\",\"overlay_style\":\"overlay-default\",\"show_content\":true,\"show_link\":true,\"show_meta\":true,\"show_thumbnail\":true,\"show_title\":true,\"slidenav\":\"default\",\"slidenav_breakpoint\":\"s\",\"slidenav_margin\":\"medium\",\"slidenav_outside_breakpoint\":\"xl\",\"slideshow_autoplay_pause\":true,\"slideshow_min_height\":\"600\",\"slideshow_ratio\":\"1998:611\",\"text_align\":\"center\",\"thumbnav_height\":\"75\",\"thumbnav_svg_color\":\"emphasis\",\"thumbnav_width\":\"100\",\"title_element\":\"h3\",\"title_style\":\"h2\"},\"children\":[{\"type\":\"slideshow_item\",\"props\":{\"content\":\"\n\n<div class=\\\"uk-flex-middle uk-child-width-auto uk-flex-center uk-grid\\\" uk-grid=\\\"\\\">\\n\n\n<div class=\\\"el-item uk-first-column\\\"><a class=\\\"el-content uk-button uk-button-primary\\\" href=\\\"\\\/contacto-sim-barcelona-soporte-informatico-barcelona\\\/\\\"><span>PRESSUPOST GRATU\\u00cfT<\\\/span><\\\/a><\\\/div>\\n\n\n<div class=\\\"el-item\\\"><a class=\\\"el-content uk-button uk-button-default\\\" href=\\\"#js-f204\\\" uk-toggle=\\\"\\\" role=\\\"button\\\"><span>POSA'T EN CONTACTE AMB NOSALTRE<\\\/span>S <\\\/a><\\\/div>\\n<\\\/div>\",\"image\":\"wp-content\\\/uploads\\\/2023\\\/08\\\/it-services-02.jpg\",\"media_overlay\":\"rgba(55, 155, 218, 0.15)\",\"meta\":\"Instal\\u00b7laci\\u00f3, reparaci\\u00f3 i manteniment d'eines inform\\u00e0tiques i multim\\u00e8dia\",\"title\":\"Inform\\u00e0tica de total confian\\u00e7a amb SIM Barcelona\"}}]}]}]}]},{\"type\":\"section\",\"props\":{\"animation\":\"slide-right\",\"animation_delay\":\"100\",\"header_transparent\":\"light\",\"header_transparent_noplaceholder\":true,\"image\":\"wp-content\\\/uploads\\\/yootheme\\\/hero-bg.svg\",\"image_position\":\"bottom-center\",\"image_size\":\"cover\",\"padding_remove_bottom\":false,\"style\":\"default\",\"title_breakpoint\":\"xl\",\"title_position\":\"top-left\",\"title_rotation\":\"left\",\"vertical_align\":\"middle\",\"width\":\"xlarge\"},\"children\":[{\"type\":\"row\",\"children\":[{\"type\":\"column\",\"props\":{\"image_position\":\"center-center\",\"position_sticky_breakpoint\":\"m\"},\"children\":[{\"type\":\"text\",\"props\":{\"block_align\":\"center\",\"column_breakpoint\":\"m\",\"content\":\"\n\n<p><span>Se t'ha trencat l'ordinador, tens problemes de connexi\\u00f3 a internet o et vindria b\\u00e9 assessorament per a comprar maquinari o programari?\\u00a0<\\\/span><span>SIM<\\\/span><span>\\u00a0Barcelona presta servei a particulars i professionals a Barcelona i voltants per a donar resposta a tots els problemes d'inform\\u00e0tica i connectivitat amb els teus equips multim\\u00e8dia.<\\\/span><\\\/p>\",\"margin\":\"large\",\"maxwidth\":\"2xlarge\",\"text_align\":\"center\",\"text_style\":\"large\"}},{\"type\":\"headline\",\"props\":{\"content\":\"\n\n<p><span>El nostre treball<\\\/span><br \\\/><br \\\/><span>Reparaci\\u00f3 i assist\\u00e8ncia inform\\u00e0tica a Barcelona per a empreses i particulars<\\\/span><\\\/p>\",\"margin\":\"medium\",\"text_align\":\"center\",\"title_element\":\"h1\",\"title_style\":\"h2\"}},{\"type\":\"text\",\"props\":{\"block_align\":\"center\",\"column_breakpoint\":\"m\",\"content\":\"\n\n<p><span>El nostre treball consisteix a ajudar-te en el dia a dia amb el teu material inform\\u00e0tic i multim\\u00e8dia, garantint la protecci\\u00f3 dels teus equips sense que hagis de preocupar-te per res.<\\\/span><\\\/p>\",\"margin\":\"large\",\"maxwidth\":\"2xlarge\",\"text_align\":\"center\",\"text_style\":\"large\"}},{\"type\":\"grid\",\"props\":{\"content_column_breakpoint\":\"m\",\"filter_align\":\"left\",\"filter_all\":true,\"filter_grid_breakpoint\":\"m\",\"filter_grid_width\":\"auto\",\"filter_position\":\"top\",\"filter_style\":\"tab\",\"grid_default\":\"1\",\"grid_divider\":false,\"grid_masonry\":true,\"grid_medium\":\"3\",\"grid_parallax\":\"600\",\"icon_width\":\"\",\"image_align\":\"top\",\"image_grid_breakpoint\":\"m\",\"image_grid_width\":\"1-2\",\"image_height\":\"100px\",\"image_svg_color\":\"emphasis\",\"image_svg_inline\":true,\"item_animation\":true,\"link_style\":\"default\",\"link_text\":\"Read more\",\"margin\":\"default\",\"meta_align\":\"below-title\",\"meta_element\":\"div\",\"meta_style\":\"text-meta\",\"panel_padding\":\"default\",\"panel_style\":\"card-default\",\"show_content\":true,\"show_image\":true,\"show_link\":true,\"show_meta\":true,\"show_title\":true,\"text_align\":\"center\",\"title_align\":\"top\",\"title_element\":\"h3\",\"title_grid_breakpoint\":\"m\",\"title_grid_width\":\"1-2\",\"title_hover_style\":\"reset\"},\"children\":[{\"type\":\"grid_item\",\"props\":{\"image\":\"wp-content\\\/uploads\\\/2023\\\/08\\\/herramientas.svg\",\"title\":\"Reparaci\\u00f3 d'ordinadors \\\/ Suport i solucions inform\\u00e0tiques\"}},{\"type\":\"grid_item\",\"props\":{\"image\":\"wp-content\\\/uploads\\\/2023\\\/08\\\/nube.svg\",\"title\":\" Manteniment de sistemes i xarxes\"}},{\"type\":\"grid_item\",\"props\":{\"image\":\"wp-content\\\/uploads\\\/2023\\\/08\\\/capas.svg\",\"title\":\" Auditoria i assessorament inform\\u00e0tic per a empreses\"}},{\"type\":\"grid_item\",\"props\":{\"image\":\"wp-content\\\/uploads\\\/2023\\\/08\\\/red.svg\",\"title\":\" Assist\\u00e8ncia multim\\u00e8dia: connexi\\u00f3 a internet i perif\\u00e8rics\"}},{\"type\":\"grid_item\",\"props\":{\"image\":\"wp-content\\\/uploads\\\/2023\\\/08\\\/ordenador.svg\",\"title\":\" Instal\\u00b7laci\\u00f3, configuraci\\u00f3 i programaci\\u00f3\"}},{\"type\":\"grid_item\",\"props\":{\"image\":\"wp-content\\\/uploads\\\/2023\\\/08\\\/hdd.svg\",\"title\":\" Neteja d'ordinador, protecci\\u00f3 i c\\u00f2pia de seguretat de dades\"}}]},{\"type\":\"panel\",\"props\":{\"content\":\"\n\n<ul>\\n\n\n<li>\\n\n\n<p><span>Despla\\u00e7ament per Barcelona i els seus voltants: en un radi m\\u00e0xim de 50 km.<br \\\/><\\\/span><\\\/p>\\n<\\\/li>\\n\n\n<li><span>Suport remot: no importa on siguis: a l'oficina, treballant a dist\\u00e0ncia des de casa o fins i tot de vacances a l'altre costat del m\\u00f3n, estem aqu\\u00ed per ajudar-te.<\\\/span><\\\/li>\\n<\\\/ul>\",\"content_column_breakpoint\":\"m\",\"icon_width\":80,\"image\":\"wp-content\\\/uploads\\\/2023\\\/08\\\/apple-business-computer-4158-2-scaled.jpg\",\"image_align\":\"right\",\"image_grid_breakpoint\":\"m\",\"image_grid_width\":\"1-2\",\"image_svg_color\":\"emphasis\",\"link\":\"contacto-sim-barcelona-soporte-informatico-barcelona\\\/\",\"link_style\":\"secondary\",\"link_text\":\" CONFIA EN UN EXPERT!\",\"margin\":\"default\",\"meta_align\":\"below-title\",\"meta_element\":\"div\",\"meta_style\":\"text-meta\",\"panel_image_no_padding\":true,\"panel_padding\":\"default\",\"panel_style\":\"card-primary\",\"title\":\"Descobreix la flexibilitat dels nostres serveis: els nostres t\\u00e8cnics arriben directament al teu domicili o local. Per a m\\u00e9s comoditat, tamb\\u00e9 us donem la benvinguda a les nostres oficines amb cita pr\\u00e8via. I per fer-ho encara m\\u00e9s f\\u00e0cil, aprofita la nostra assist\\u00e8ncia remota per obtenir ajuda instant\\u00e0nia, siguis on siguis.\",\"title_align\":\"top\",\"title_element\":\"h3\",\"title_grid_breakpoint\":\"m\",\"title_grid_width\":\"1-2\",\"title_hover_style\":\"reset\"}},{\"type\":\"panel\",\"props\":{\"content\":\"\n\n<ul>\\n\n\n<li><span><strong>Sistemes operatius<\\\/strong>: Windows,\\u00a0<\\\/span><span>Mac<\\\/span><span>\\u00a0US, Linux, Windows\\u00a0<\\\/span><span>Phone<\\\/span><span>,\\u00a0<\\\/span><span>iOS<\\\/span><span>, Android<\\\/span><\\\/li>\\n\n\n<li><span><strong>Dispositius<\\\/strong>: PC,\\u00a0<\\\/span><span>Mac<\\\/span><span>, tauleta, tel\\u00e8fon m\\u00f2bil, impressora, televisi\\u00f3, m\\u00f2dem i\\u00a0<\\\/span><span>r\\u00fater<\\\/span><span>\\u00a0d'internet, parab\\u00f2lica, consola de videojocs,\\u00a0<\\\/span><span>home<\\\/span><span>\\u00a0<\\\/span><span>cinema<\\\/span><span>, mp3, telefonia\\u00a0<\\\/span><span>VOIP<\\\/span><span>, GPS, c\\u00e0mera de fotos, c\\u00e0mera IP i de videovigil\\u00e0ncia de totes les marques<\\\/span><\\\/li>\\n<\\\/ul>\",\"content_column_breakpoint\":\"m\",\"icon_width\":80,\"image\":\"wp-content\\\/uploads\\\/2023\\\/08\\\/it-services-03.png\",\"image_align\":\"left\",\"image_grid_breakpoint\":\"m\",\"image_grid_width\":\"1-2\",\"image_svg_color\":\"emphasis\",\"link\":\"contacto-sim-barcelona-soporte-informatico-barcelona\\\/\",\"link_style\":\"primary\",\"link_text\":\" PRESSUPOST GRATU\\u00cfT\",\"margin\":\"default\",\"meta_align\":\"below-title\",\"meta_element\":\"div\",\"meta_style\":\"text-meta\",\"panel_image_no_padding\":false,\"panel_padding\":\"default\",\"panel_style\":\"card-default\",\"title\":\"Ens encarreguem de tota mena de dispositius electr\\u00f2nics i de tots els sistemes operatius\",\"title_align\":\"top\",\"title_element\":\"h3\",\"title_grid_breakpoint\":\"m\",\"title_grid_width\":\"1-2\",\"title_hover_style\":\"reset\"}}]}]},{\"type\":\"row\",\"props\":{\"layout\":\"1-3,2-3\"},\"children\":[{\"type\":\"column\",\"props\":{\"image_position\":\"center-center\",\"position_sticky_breakpoint\":\"m\",\"width_medium\":\"1-3\"},\"children\":[{\"type\":\"headline\",\"props\":{\"content\":\"\n\n<p><span>SIM<\\\/span><span>\\u00a0Barcelona, una soluci\\u00f3 experta i efica\\u00e7 als teus problemes inform\\u00e0tics<\\\/span><\\\/p>\",\"margin\":\"medium\",\"title_element\":\"h1\",\"title_style\":\"h2\"}}]},{\"type\":\"column\",\"props\":{\"image_position\":\"center-center\",\"position_sticky_breakpoint\":\"m\",\"width_medium\":\"2-3\"},\"children\":[{\"type\":\"grid\",\"props\":{\"content_column_breakpoint\":\"m\",\"filter_align\":\"left\",\"filter_all\":true,\"filter_grid_breakpoint\":\"m\",\"filter_grid_width\":\"auto\",\"filter_position\":\"top\",\"filter_style\":\"tab\",\"grid_default\":\"1\",\"grid_divider\":false,\"grid_masonry\":true,\"grid_medium\":\"2\",\"grid_parallax\":\"300\",\"icon_width\":\"\",\"image_align\":\"top\",\"image_grid_breakpoint\":\"m\",\"image_grid_width\":\"1-2\",\"image_height\":\"100px\",\"image_svg_color\":\"emphasis\",\"image_svg_inline\":true,\"item_animation\":true,\"link_style\":\"default\",\"link_text\":\"Read more\",\"margin\":\"default\",\"meta_align\":\"below-title\",\"meta_element\":\"div\",\"meta_style\":\"text-meta\",\"panel_padding\":\"default\",\"panel_style\":\"card-primary\",\"show_content\":true,\"show_image\":true,\"show_link\":true,\"show_meta\":true,\"show_title\":true,\"text_align\":\"center\",\"title_align\":\"top\",\"title_element\":\"h3\",\"title_grid_breakpoint\":\"m\",\"title_grid_width\":\"1-2\",\"title_hover_style\":\"reset\"},\"children\":[{\"type\":\"grid_item\",\"props\":{\"image\":\"wp-content\\\/uploads\\\/2023\\\/08\\\/candado.svg\",\"title\":\" Servei professional\"}},{\"type\":\"grid_item\",\"props\":{\"image\":\"wp-content\\\/uploads\\\/2023\\\/08\\\/herramientas.svg\",\"title\":\" Serveis a mesura\"}},{\"type\":\"grid_item\",\"props\":{\"image\":\"wp-content\\\/uploads\\\/2023\\\/08\\\/salvavidas.svg\",\"title\":\" Rapidesa d'intervenci\\u00f3\"}},{\"type\":\"grid_item\",\"props\":{\"image\":\"wp-content\\\/uploads\\\/2023\\\/08\\\/nube-real.svg\",\"title\":\"Anticipaci\\u00f3 de futures necessitats\"}}]}]}]},{\"type\":\"row\",\"children\":[{\"type\":\"column\",\"props\":{\"image_position\":\"center-center\",\"position_sticky_breakpoint\":\"m\"},\"children\":[{\"type\":\"headline\",\"props\":{\"content\":\"\n\n<p><span>Testimoniatges de clients de\\u00a0<\\\/span><span>SIM<\\\/span><span>\\u00a0Barcelona<\\\/span><\\\/p>\",\"margin\":\"medium\",\"text_align\":\"center\",\"title_element\":\"h1\",\"title_style\":\"h2\"}},{\"type\":\"grid\",\"props\":{\"content_column_breakpoint\":\"m\",\"filter_align\":\"left\",\"filter_all\":true,\"filter_grid_breakpoint\":\"m\",\"filter_grid_width\":\"auto\",\"filter_position\":\"top\",\"filter_style\":\"tab\",\"grid_default\":\"1\",\"grid_divider\":false,\"grid_masonry\":true,\"grid_medium\":\"2\",\"grid_parallax\":\"0\",\"icon_width\":\"\",\"image_align\":\"top\",\"image_grid_breakpoint\":\"m\",\"image_grid_width\":\"1-2\",\"image_height\":\"100px\",\"image_svg_color\":\"emphasis\",\"image_svg_inline\":true,\"item_animation\":true,\"link_style\":\"default\",\"link_text\":\"Read more\",\"margin\":\"default\",\"meta_align\":\"below-title\",\"meta_element\":\"div\",\"meta_style\":\"text-meta\",\"panel_padding\":\"default\",\"panel_style\":\"card-secondary\",\"show_content\":true,\"show_image\":true,\"show_link\":true,\"show_meta\":true,\"show_title\":true,\"text_align\":\"center\",\"title_align\":\"top\",\"title_element\":\"h3\",\"title_grid_breakpoint\":\"m\",\"title_grid_width\":\"1-2\",\"title_hover_style\":\"reset\"},\"children\":[{\"type\":\"grid_item\",\"props\":{\"content\":\"\n\n<blockquote>\\n\n\n<p><span>Molt professional, eficient i\\u00a0<\\\/span><span>super<\\\/span><span>\\u00a0agradable.<\\\/span><br \\\/><span>El meu iPhone X no s'encenia i tenia por de perdre totes les meves dades. La pantalla estava bloquejada en el logo d'Apple. Vaig cridar a\\u00a0<\\\/span><span>SIM<\\\/span><span>\\u00a0BARCELONA i ell va treballar sobre aix\\u00f2 immediat. El meu problema s'ha resolt de manera r\\u00e0pida i gr\\u00e0cies a ell no vaig perdre cap de les meves dades. Estic extremadament satisfet i feli\\u00e7. Ho recomanaria a tots<\\\/span><\\\/p>\\n<\\\/blockquote>\",\"image\":\"\",\"meta\":\"Alice\",\"title\":\"\"}},{\"type\":\"grid_item\",\"props\":{\"content\":\"\n\n<blockquote>\\n\n\n<p><span>He estat molt ben atesa i en un temps r\\u00e8cord. Servei d'alta qualitat.<\\\/span><br \\\/><span>Empatia i\\u00a0<\\\/span><span>inovaci\\u00f3n<\\\/span><span>\\u00a0caracteritzen aquesta empresa. Recomano el seu servei a tots.<\\\/span><\\\/p>\\n<\\\/blockquote>\",\"image\":\"\",\"meta\":\"Viviane\",\"title\":\"\"}},{\"type\":\"grid_item\",\"props\":{\"content\":\"\n\n<blockquote>\\n\n\n<div class=\\\"et_pb_testimonial_description_inner\\\">\\n\n\n<div class=\\\"et_pb_testimonial_content\\\">\\n\n\n<p><span>Ludovic<\\\/span><span>\\u00a0de\\u00a0<\\\/span><span>SIM<\\\/span><span>\\u00a0Barcelona va saber aconsellar-me els productes i ofertes corresponents a les meves necessitats en inform\\u00e0tica. Amb paci\\u00e8ncia i professionalitat. No dubtin a contractar els serveis de\\u00a0<\\\/span><span>SIM<\\\/span><span>\\u00a0Barcelona.<\\\/span><\\\/p>\\n<\\\/div>\\n<\\\/div>\\n<\\\/blockquote>\",\"image\":\"\",\"meta\":\"Fortunat\",\"title\":\"\"}},{\"type\":\"grid_item\",\"props\":{\"content\":\"\n\n<p><strong>M'havia quedat sense treball just durant la quarantena i vaig sol-licitar assessorament a Juli\\u00e1n de Sim<\\\/strong><br \\\/><strong>Barcelona per a triar i comprar-me un ordinador potent requerit en una oferta de treball. Em va dir \\u00f3n podia<\\\/strong><br \\\/><strong>aconseguir-ho i als pocs dies ja el vaig comen\\u00e7ar a utilitzar al meu nou treball ! He pogut instal-lar tots els programes del'empresa i rebre trucades a dist\\u00e1ncia sense problemes de conexi\\u00f3. Recomano els serveis.<\\\/strong><\\\/p>\",\"image\":\"\",\"meta\":\"Cathy\",\"title\":\"\"}}]}]}]}],\"name\":\"Hero\"}],\"version\":\"4.0.13\"} --><\/p>\n","protected":false},"excerpt":{"rendered":"<p>Inform\u00e0tica de total confian\u00e7a amb SIM Barcelona Instal\u00b7laci\u00f3, reparaci\u00f3 i manteniment d&#8217;eines inform\u00e0tiques i multim\u00e8dia PRESSUPOST GRATU\u00cfT POSA&#8217;T EN CONTACTE AMB NOSALTRES Se t&#8217;ha trencat l&#8217;ordinador, tens problemes de connexi\u00f3 a internet o et vindria b\u00e9 assessorament per a comprar maquinari o programari?\u00a0SIM\u00a0Barcelona presta servei a particulars i professionals a Barcelona i voltants per a [&hellip;]<\/p>\n","protected":false},"author":1,"featured_media":0,"parent":0,"menu_order":11,"comment_status":"closed","ping_status":"closed","template":"","meta":{"footnotes":""},"class_list":["post-2226","page","type-page","status-publish","hentry"],"acf":[],"_links":{"self":[{"href":"https:\/\/simbarcelona.es\/ca\/wp-json\/wp\/v2\/pages\/2226","targetHints":{"allow":["GET"]}}],"collection":[{"href":"https:\/\/simbarcelona.es\/ca\/wp-json\/wp\/v2\/pages"}],"about":[{"href":"https:\/\/simbarcelona.es\/ca\/wp-json\/wp\/v2\/types\/page"}],"author":[{"embeddable":true,"href":"https:\/\/simbarcelona.es\/ca\/wp-json\/wp\/v2\/users\/1"}],"replies":[{"embeddable":true,"href":"https:\/\/simbarcelona.es\/ca\/wp-json\/wp\/v2\/comments?post=2226"}],"version-history":[{"count":0,"href":"https:\/\/simbarcelona.es\/ca\/wp-json\/wp\/v2\/pages\/2226\/revisions"}],"wp:attachment":[{"href":"https:\/\/simbarcelona.es\/ca\/wp-json\/wp\/v2\/media?parent=2226"}],"curies":[{"name":"wp","href":"https:\/\/api.w.org\/{rel}","templated":true}]}}