{"id":2559,"date":"2023-08-24T08:17:43","date_gmt":"2023-08-24T06:17:43","guid":{"rendered":"https:\/\/simbarcelona.indianwebs.es\/?page_id=2559"},"modified":"2025-12-10T22:38:09","modified_gmt":"2025-12-10T21:38:09","slug":"tarifes-sim-barcelona-assistencia-i-serveis-informatics","status":"publish","type":"page","link":"https:\/\/simbarcelona.es\/ca\/tarifes-sim-barcelona-assistencia-i-serveis-informatics\/","title":{"rendered":"Tarifes SIM Barcelona \u2013 Assist\u00e8ncia i serveis Inform\u00e0tics"},"content":{"rendered":"<div>\n<p>    <img decoding=\"async\" src=\"\/wp-content\/uploads\/2023\/09\/it-services-07.jpg\" alt=\"\"><\/p>\n<h3>Tarifes<\/h3>\n<div>\n<div class=\"uk-flex-middle uk-child-width-auto uk-flex-center uk-grid\" uk-grid=\"\">\n<div class=\"el-item uk-first-column\"><a class=\"el-content uk-button uk-button-primary\" href=\"\/contacto-sim-barcelona-soporte-informatico-barcelona\/\"><span>PRESSUPOST GRATU\u00cfT<\/span><\/a><\/div>\n<div class=\"el-item\"><a class=\"el-content uk-button uk-button-default\" href=\"#js-f204\" uk-toggle=\"\" role=\"button\"><span>POSA&#8217;T EN CONTACTE AMB NOSALTRES<\/span><\/a><\/div>\n<\/div>\n<\/div>\n<\/div>\n<h1>\n<p><span>Els nostres preus es calculen segons el temps d&#8217;intervenci\u00f3 i les despeses de despla\u00e7ament<br \/><\/span><\/p>\n<\/h1>\n<hr>\n<h1>\n<div class=\"traductor-textarea form-group\">\n<div class=\"textarea-desti col-xs-12 col-sm-6\">\n<div class=\"form-control second-textarea\">De dilluns a divendres de 8:<span>00h<\/span><span>\u00a0<\/span>a 20:<span>00h<\/span><\/div>\n<\/div>\n<\/div>\n<div class=\"traductor-checkbox form-group\">\n<div class=\"row\">\n<div class=\"col-sm-offset-2 col-sm-5\"><\/div>\n<\/div>\n<\/div>\n<\/h1>\n<div>\n<p>Preu per a particulars i empreses<\/p>\n<p>Al teu domicili, a l&#8217;oficina, per control remot o als despatxos de SIM Barcelona<\/p>\n<\/div>\n<div>\n<p>Preu fix<\/p>\n<\/div>\n<h1>\n<p>42\u20ac +iva \/hora<\/p>\n<\/h1>\n<h1>\n<p><span>Demana una cita<\/span><\/p>\n<\/h1>\n<ul>\n<li>\n        <a href=\"tel:+34644670795\">Per Tel\u00e8fon<\/a>\n    <\/li>\n<li>\n        <a href=\"mailto:info@simbarcelona.es\">Per correu<\/a>\n    <\/li>\n<\/ul>\n<hr>\n<h1>\n<p><span>Nits i caps de setmana<\/span><\/p>\n<\/h1>\n<div>\n<p><span>Preu per a particulars i empreses<\/p>\n<p>Al teu domicili, a l&#8217;oficina, per control remot o als despatxos de SIM Barcelona<br \/><\/span><\/p>\n<\/div>\n<div>\n<p>Preu fix<\/p>\n<\/div>\n<h1>\n<p>65\u20ac +iva \/hora<\/p>\n<\/h1>\n<h1>\n<p><span>Demana una cita<\/span><\/p>\n<\/h1>\n<ul>\n<li>\n        <a href=\"tel:+34644670795\">Per Tel\u00e8fon<\/a>\n    <\/li>\n<li>\n        <a href=\"mailto:info@simbarcelona.es\">Per correu<\/a>\n    <\/li>\n<\/ul>\n<hr>\n<h1>\n<p><span>Despla\u00e7ament &#8211; Zona 1<\/span><\/p>\n<\/h1>\n<div>\n<p><span>L&#8217;Hospitalet de Llobregat \/ Esplugues de Llobregat \/ <\/span><span>Cornell\u00e0 de Llobregat<\/span><\/p>\n<\/div>\n<div>\n<p>Preu fix<\/p>\n<\/div>\n<h1>\n<p>15\u20ac +iva<\/p>\n<\/h1>\n<h1>\n<p><span>Demana una cita<\/span><\/p>\n<\/h1>\n<ul>\n<li>\n        <a href=\"tel:+34644670795\">Per Tel\u00e8fon<\/a>\n    <\/li>\n<li>\n        <a href=\"mailto:info@simbarcelona.es\">Per correu<\/a>\n    <\/li>\n<\/ul>\n<hr>\n<h1>\n<p><span>Despla\u00e7ament &#8211; Zona 2<\/span><\/p>\n<\/h1>\n<div>\n<p><span>Barcelona i fins a 50 kms de Barcelona (fora de la zona 1)<\/span><\/p>\n<p><span>Si<\/span><span>\u00a0ho desitges, pots sol\u00b7licitar la llista completa de tarifes per<\/span><span> correu electr\u00f2nic: info@simbarcelona.es<\/span><\/p>\n<\/div>\n<div>\n<p>Des de<\/p>\n<\/div>\n<h1>\n<p>20\u20ac +iva<\/p>\n<\/h1>\n<h1>\n<p><span>Demana una cita<\/span><\/p>\n<\/h1>\n<ul>\n<li>\n        <a href=\"tel:+34644670795\">Per Tel\u00e8fon<\/a>\n    <\/li>\n<li>\n        <a href=\"mailto:info@simbarcelona.es\">Per correu<\/a>\n    <\/li>\n<\/ul>\n<hr>\n<h1>\n<p><span>Descobreixi els nostres serveis per a particulars i empreses<\/span><\/p>\n<\/h1>\n<ul>\n<li>\n<p>        <img decoding=\"async\" src=\"\/wp-content\/uploads\/2023\/09\/adult-beautiful-beauty-826349-2-scaled.jpg\" alt=\"\"><\/p>\n<h3>Assist\u00e8ncia Inform\u00e0tica a Particulars<\/h3>\n<p><a href=\"https:\/\/simbarcelona.es\/ca\/assistencia-informatica-a-particulars\/\"> M\u00c9S INFORMACI\u00d3<\/a><\/p>\n<\/li>\n<li>\n<p>        <img decoding=\"async\" src=\"\/wp-content\/uploads\/2023\/09\/Formacion-2-1-scaled.jpg\" alt=\"\"><\/p>\n<h3>Servei de Suport Inform\u00e0tic per a aut\u00f2noms i pimes<\/h3>\n<p><a href=\"https:\/\/simbarcelona.es\/ca\/servei-de-suport-informatic-professionals\/\"> M\u00c9S INFORMACI\u00d3<\/a><\/p>\n<\/li>\n<\/ul>\n<p><!--more--><br \/>\n<!-- {\"type\":\"layout\",\"children\":[{\"type\":\"section\",\"props\":{\"image_position\":\"center-center\",\"padding_remove_bottom\":true,\"padding_remove_top\":true,\"style\":\"default\",\"title_breakpoint\":\"xl\",\"title_position\":\"top-left\",\"title_rotation\":\"left\",\"vertical_align\":\"middle\",\"width\":\"\"},\"children\":[{\"type\":\"row\",\"children\":[{\"type\":\"column\",\"props\":{\"image_position\":\"center-center\",\"position_sticky_breakpoint\":\"m\"},\"children\":[{\"type\":\"slideshow\",\"props\":{\"link_style\":\"default\",\"link_text\":\"Read more\",\"margin\":\"default\",\"meta_align\":\"below-title\",\"meta_element\":\"div\",\"meta_style\":\"h4\",\"nav\":\"dotnav\",\"nav_align\":\"center\",\"nav_breakpoint\":\"s\",\"nav_position\":\"bottom-center\",\"nav_position_margin\":\"medium\",\"overlay_animation\":\"parallax\",\"overlay_position\":\"center\",\"overlay_style\":\"overlay-default\",\"show_content\":true,\"show_link\":true,\"show_meta\":true,\"show_thumbnail\":true,\"show_title\":true,\"slidenav\":\"default\",\"slidenav_breakpoint\":\"s\",\"slidenav_margin\":\"medium\",\"slidenav_outside_breakpoint\":\"xl\",\"slideshow_autoplay_pause\":true,\"slideshow_min_height\":300,\"slideshow_ratio\":\"1998:611\",\"text_align\":\"center\",\"thumbnav_height\":\"75\",\"thumbnav_svg_color\":\"emphasis\",\"thumbnav_width\":\"100\",\"title_element\":\"h3\",\"title_style\":\"h2\"},\"children\":[{\"type\":\"slideshow_item\",\"props\":{\"content\":\"\n\n<div class=\\\"uk-flex-middle uk-child-width-auto uk-flex-center uk-grid\\\" uk-grid=\\\"\\\">\\n\n\n<div class=\\\"el-item uk-first-column\\\"><a class=\\\"el-content uk-button uk-button-primary\\\" href=\\\"\\\/contacto-sim-barcelona-soporte-informatico-barcelona\\\/\\\"><span>PRESSUPOST GRATU\\u00cfT<\\\/span><\\\/a><\\\/div>\\n\n\n<div class=\\\"el-item\\\"><a class=\\\"el-content uk-button uk-button-default\\\" href=\\\"#js-f204\\\" uk-toggle=\\\"\\\" role=\\\"button\\\"><span>POSA'T EN CONTACTE AMB NOSALTRES<\\\/span><\\\/a><\\\/div>\\n<\\\/div>\",\"image\":\"wp-content\\\/uploads\\\/2023\\\/09\\\/it-services-07.jpg\",\"media_overlay\":\"rgba(55, 155, 218, 0.15)\",\"meta\":\"\",\"title\":\"Tarifes\"}}]}]}]}]},{\"type\":\"section\",\"props\":{\"animation\":\"slide-right\",\"animation_delay\":\"100\",\"header_transparent\":\"light\",\"header_transparent_noplaceholder\":true,\"image\":\"wp-content\\\/uploads\\\/yootheme\\\/hero-bg.svg\",\"image_position\":\"bottom-center\",\"image_size\":\"cover\",\"padding_remove_bottom\":false,\"style\":\"default\",\"title_breakpoint\":\"xl\",\"title_position\":\"top-left\",\"title_rotation\":\"left\",\"vertical_align\":\"middle\",\"width\":\"xlarge\"},\"children\":[{\"type\":\"row\",\"children\":[{\"type\":\"column\",\"props\":{\"image_position\":\"center-center\",\"position_sticky_breakpoint\":\"m\"},\"children\":[{\"type\":\"headline\",\"props\":{\"content\":\"\n\n<p><span>Els nostres preus es calculen segons el temps d'intervenci\\u00f3 i les despeses de despla\\u00e7ament<br \\\/><\\\/span><\\\/p>\",\"margin\":\"medium\",\"text_align\":\"center\",\"title_element\":\"h1\",\"title_style\":\"h2\"}},{\"type\":\"fragment\",\"props\":{\"margin\":\"default\"},\"children\":[{\"type\":\"row\",\"props\":{\"margin_remove_bottom\":true,\"margin_remove_top\":true},\"children\":[{\"type\":\"column\",\"props\":{\"image_position\":\"center-center\",\"position_sticky_breakpoint\":\"m\"},\"children\":[{\"type\":\"divider\",\"props\":{\"divider_element\":\"hr\"}}]}]},{\"type\":\"row\",\"props\":{\"divider\":true,\"layout\":\"1-2,1-4,1-4|1-1,1-2,1-2\"},\"children\":[{\"type\":\"column\",\"props\":{\"image_position\":\"center-center\",\"position_sticky_breakpoint\":\"m\",\"width_medium\":\"1-2\",\"width_small\":\"1-1\"},\"children\":[{\"type\":\"headline\",\"props\":{\"content\":\"\n\n<div class=\\\"traductor-textarea form-group\\\">\\n\n\n<div class=\\\"textarea-desti col-xs-12 col-sm-6\\\">\\n\n\n<div class=\\\"form-control second-textarea\\\">De dilluns a divendres de 8:<span>00h<\\\/span><span>\\u00a0<\\\/span>a 20:<span>00h<\\\/span><\\\/div>\\n<\\\/div>\\n<\\\/div>\\n\n\n<div class=\\\"traductor-checkbox form-group\\\">\\n\n\n<div class=\\\"row\\\">\\n\n\n<div class=\\\"col-sm-offset-2 col-sm-5\\\"><\\\/div>\\n<\\\/div>\\n<\\\/div>\",\"title_element\":\"h1\",\"title_style\":\"h3\"}},{\"type\":\"text\",\"props\":{\"column_breakpoint\":\"m\",\"content\":\"\n\n<p>Preu per a particulars i empreses<\\\/p>\\n\n\n<p>Al teu domicili, a l'oficina, per control remot o als despatxos de SIM Barcelona<\\\/p>\",\"margin\":\"default\"}}]},{\"type\":\"column\",\"props\":{\"image_position\":\"center-center\",\"position_sticky_breakpoint\":\"m\",\"width_medium\":\"1-4\",\"width_small\":\"1-2\"},\"children\":[{\"type\":\"text\",\"props\":{\"column_breakpoint\":\"m\",\"content\":\"\n\n<p>Preu fix<\\\/p>\",\"margin\":\"default\"}},{\"type\":\"headline\",\"props\":{\"content\":\"\n\n<p>42\\u20ac +iva \\\/hora<\\\/p>\",\"margin_remove_top\":true,\"title_element\":\"h1\",\"title_style\":\"h3\"}}]},{\"type\":\"column\",\"props\":{\"image_position\":\"center-center\",\"position_sticky_breakpoint\":\"m\",\"width_medium\":\"1-4\",\"width_small\":\"1-2\"},\"children\":[{\"type\":\"headline\",\"props\":{\"content\":\"\n\n<p><span>Demana una cita<\\\/span><\\\/p>\",\"title_element\":\"h1\",\"title_style\":\"h3\"}},{\"type\":\"button\",\"props\":{\"grid_column_gap\":\"small\",\"grid_row_gap\":\"small\",\"margin\":\"default\"},\"children\":[{\"type\":\"button_item\",\"props\":{\"button_style\":\"default\",\"content\":\"Per Tel\\u00e8fon\",\"icon_align\":\"left\",\"link\":\"tel:+34644670795\"}},{\"type\":\"button_item\",\"props\":{\"button_style\":\"default\",\"content\":\"Per correu\",\"icon_align\":\"left\",\"link\":\"mailto:info@simbarcelona.es\"}}]}]}]},{\"type\":\"row\",\"props\":{\"margin_remove_bottom\":true,\"margin_remove_top\":false},\"children\":[{\"type\":\"column\",\"props\":{\"image_position\":\"center-center\",\"position_sticky_breakpoint\":\"m\"},\"children\":[{\"type\":\"divider\",\"props\":{\"divider_element\":\"hr\"}}]}]},{\"type\":\"row\",\"props\":{\"divider\":true,\"layout\":\"1-2,1-4,1-4|1-1,1-2,1-2\"},\"children\":[{\"type\":\"column\",\"props\":{\"image_position\":\"center-center\",\"position_sticky_breakpoint\":\"m\",\"width_medium\":\"1-2\",\"width_small\":\"1-1\"},\"children\":[{\"type\":\"headline\",\"props\":{\"content\":\"\n\n<p><span>Nits i caps de setmana<\\\/span><\\\/p>\",\"title_element\":\"h1\",\"title_style\":\"h3\"}},{\"type\":\"text\",\"props\":{\"column_breakpoint\":\"m\",\"content\":\"\n\n<p><span>Preu per a particulars i empreses<br \\\/><br \\\/>Al teu domicili, a l'oficina, per control remot o als despatxos de SIM Barcelona<br \\\/><\\\/span><\\\/p>\",\"margin\":\"default\"}}]},{\"type\":\"column\",\"props\":{\"image_position\":\"center-center\",\"position_sticky_breakpoint\":\"m\",\"width_medium\":\"1-4\",\"width_small\":\"1-2\"},\"children\":[{\"type\":\"text\",\"props\":{\"column_breakpoint\":\"m\",\"content\":\"\n\n<p>Preu fix<\\\/p>\",\"margin\":\"default\"}},{\"type\":\"headline\",\"props\":{\"content\":\"\n\n<p>65\\u20ac +iva \\\/hora<\\\/p>\",\"margin_remove_top\":true,\"title_element\":\"h1\",\"title_style\":\"h3\"}}]},{\"type\":\"column\",\"props\":{\"image_position\":\"center-center\",\"position_sticky_breakpoint\":\"m\",\"width_medium\":\"1-4\",\"width_small\":\"1-2\"},\"children\":[{\"type\":\"headline\",\"props\":{\"content\":\"\n\n<p><span>Demana una cita<\\\/span><\\\/p>\",\"title_element\":\"h1\",\"title_style\":\"h3\"}},{\"type\":\"button\",\"props\":{\"grid_column_gap\":\"small\",\"grid_row_gap\":\"small\",\"margin\":\"default\"},\"children\":[{\"type\":\"button_item\",\"props\":{\"button_style\":\"default\",\"content\":\"Per Tel\\u00e8fon\",\"icon_align\":\"left\",\"link\":\"tel:+34644670795\"}},{\"type\":\"button_item\",\"props\":{\"button_style\":\"default\",\"content\":\"Per correu\",\"icon_align\":\"left\",\"link\":\"mailto:info@simbarcelona.es\"}}]}]}]},{\"type\":\"row\",\"props\":{\"margin_remove_bottom\":true,\"margin_remove_top\":false},\"children\":[{\"type\":\"column\",\"props\":{\"image_position\":\"center-center\",\"position_sticky_breakpoint\":\"m\"},\"children\":[{\"type\":\"divider\",\"props\":{\"divider_element\":\"hr\"}}]}]},{\"type\":\"row\",\"props\":{\"divider\":true,\"layout\":\"1-2,1-4,1-4|1-1,1-2,1-2\"},\"children\":[{\"type\":\"column\",\"props\":{\"image_position\":\"center-center\",\"position_sticky_breakpoint\":\"m\",\"width_medium\":\"1-2\",\"width_small\":\"1-1\"},\"children\":[{\"type\":\"headline\",\"props\":{\"content\":\"\n\n<p><span>Despla\\u00e7ament - Zona 1<\\\/span><\\\/p>\",\"title_element\":\"h1\",\"title_style\":\"h3\"}},{\"type\":\"text\",\"props\":{\"column_breakpoint\":\"m\",\"content\":\"\n\n<p><span>L'Hospitalet de Llobregat \\\/ Esplugues de Llobregat \\\/ <\\\/span><span>Cornell\\u00e0 de Llobregat<\\\/span><\\\/p>\",\"margin\":\"default\"}}]},{\"type\":\"column\",\"props\":{\"image_position\":\"center-center\",\"position_sticky_breakpoint\":\"m\",\"width_medium\":\"1-4\",\"width_small\":\"1-2\"},\"children\":[{\"type\":\"text\",\"props\":{\"column_breakpoint\":\"m\",\"content\":\"\n\n<p>Preu fix<\\\/p>\",\"margin\":\"default\"}},{\"type\":\"headline\",\"props\":{\"content\":\"\n\n<p>15\\u20ac +iva<\\\/p>\",\"margin_remove_top\":true,\"title_element\":\"h1\",\"title_style\":\"h3\"}}]},{\"type\":\"column\",\"props\":{\"image_position\":\"center-center\",\"position_sticky_breakpoint\":\"m\",\"width_medium\":\"1-4\",\"width_small\":\"1-2\"},\"children\":[{\"type\":\"headline\",\"props\":{\"content\":\"\n\n<p><span>Demana una cita<\\\/span><\\\/p>\",\"title_element\":\"h1\",\"title_style\":\"h3\"}},{\"type\":\"button\",\"props\":{\"grid_column_gap\":\"small\",\"grid_row_gap\":\"small\",\"margin\":\"default\"},\"children\":[{\"type\":\"button_item\",\"props\":{\"button_style\":\"default\",\"content\":\"Per Tel\\u00e8fon\",\"icon_align\":\"left\",\"link\":\"tel:+34644670795\"}},{\"type\":\"button_item\",\"props\":{\"button_style\":\"default\",\"content\":\"Per correu\",\"icon_align\":\"left\",\"link\":\"mailto:info@simbarcelona.es\"}}]}]}]},{\"type\":\"row\",\"props\":{\"margin_remove_bottom\":true,\"margin_remove_top\":false},\"children\":[{\"type\":\"column\",\"props\":{\"image_position\":\"center-center\",\"position_sticky_breakpoint\":\"m\"},\"children\":[{\"type\":\"divider\",\"props\":{\"divider_element\":\"hr\"}}]}]},{\"type\":\"row\",\"props\":{\"divider\":true,\"layout\":\"1-2,1-4,1-4|1-1,1-2,1-2\"},\"children\":[{\"type\":\"column\",\"props\":{\"image_position\":\"center-center\",\"position_sticky_breakpoint\":\"m\",\"width_medium\":\"1-2\",\"width_small\":\"1-1\"},\"children\":[{\"type\":\"headline\",\"props\":{\"content\":\"\n\n<p><span>Despla\\u00e7ament - Zona 2<\\\/span><\\\/p>\",\"title_element\":\"h1\",\"title_style\":\"h3\"}},{\"type\":\"text\",\"props\":{\"column_breakpoint\":\"m\",\"content\":\"\n\n<p><span>Barcelona i fins a 50 kms de Barcelona (fora de la zona 1)<\\\/span><br \\\/><br \\\/><span>Si<\\\/span><span>\\u00a0ho desitges, pots sol\\u00b7licitar la llista completa de tarifes per<\\\/span><span> correu electr\\u00f2nic: info@simbarcelona.es<\\\/span><\\\/p>\",\"margin\":\"default\"}}]},{\"type\":\"column\",\"props\":{\"image_position\":\"center-center\",\"position_sticky_breakpoint\":\"m\",\"width_medium\":\"1-4\",\"width_small\":\"1-2\"},\"children\":[{\"type\":\"text\",\"props\":{\"column_breakpoint\":\"m\",\"content\":\"\n\n<p>Des de<\\\/p>\",\"margin\":\"default\"}},{\"type\":\"headline\",\"props\":{\"content\":\"\n\n<p>20\\u20ac +iva<\\\/p>\",\"margin_remove_top\":true,\"title_element\":\"h1\",\"title_style\":\"h3\"}}]},{\"type\":\"column\",\"props\":{\"image_position\":\"center-center\",\"position_sticky_breakpoint\":\"m\",\"width_medium\":\"1-4\",\"width_small\":\"1-2\"},\"children\":[{\"type\":\"headline\",\"props\":{\"content\":\"\n\n<p><span>Demana una cita<\\\/span><\\\/p>\",\"title_element\":\"h1\",\"title_style\":\"h3\"}},{\"type\":\"button\",\"props\":{\"grid_column_gap\":\"small\",\"grid_row_gap\":\"small\",\"margin\":\"default\"},\"children\":[{\"type\":\"button_item\",\"props\":{\"button_style\":\"default\",\"content\":\"Per Tel\\u00e8fon\",\"icon_align\":\"left\",\"link\":\"tel:+34644670795\"}},{\"type\":\"button_item\",\"props\":{\"button_style\":\"default\",\"content\":\"Per correu\",\"icon_align\":\"left\",\"link\":\"mailto:info@simbarcelona.es\"}}]}]}]},{\"type\":\"row\",\"props\":{\"margin_remove_bottom\":true,\"margin_remove_top\":false},\"children\":[{\"type\":\"column\",\"props\":{\"image_position\":\"center-center\",\"position_sticky_breakpoint\":\"m\"},\"children\":[{\"type\":\"divider\",\"props\":{\"divider_element\":\"hr\"}}]}]}]},{\"type\":\"headline\",\"props\":{\"content\":\"\n\n<p><span>Descobreixi els nostres serveis per a particulars i empreses<\\\/span><\\\/p>\",\"margin\":\"medium\",\"text_align\":\"center\",\"title_element\":\"h1\",\"title_style\":\"h2\"}},{\"type\":\"grid\",\"props\":{\"content_column_breakpoint\":\"m\",\"filter_align\":\"left\",\"filter_all\":true,\"filter_grid_breakpoint\":\"m\",\"filter_grid_width\":\"auto\",\"filter_position\":\"top\",\"filter_style\":\"tab\",\"grid_default\":\"1\",\"grid_divider\":false,\"grid_masonry\":true,\"grid_medium\":\"2\",\"grid_parallax\":\"0\",\"icon_width\":\"\",\"image_align\":\"top\",\"image_grid_breakpoint\":\"m\",\"image_grid_width\":\"1-2\",\"image_svg_color\":\"emphasis\",\"image_svg_inline\":true,\"item_animation\":true,\"link_style\":\"default\",\"link_text\":\" M\\u00c9S INFORMACI\\u00d3\",\"margin\":\"default\",\"meta_align\":\"below-title\",\"meta_element\":\"div\",\"meta_style\":\"text-meta\",\"panel_image_no_padding\":true,\"panel_padding\":\"default\",\"panel_style\":\"card-secondary\",\"show_content\":true,\"show_image\":true,\"show_link\":true,\"show_meta\":true,\"show_title\":true,\"text_align\":\"center\",\"title_align\":\"top\",\"title_element\":\"h3\",\"title_grid_breakpoint\":\"m\",\"title_grid_width\":\"1-2\",\"title_hover_style\":\"reset\"},\"children\":[{\"type\":\"grid_item\",\"props\":{\"content\":\"\",\"image\":\"wp-content\\\/uploads\\\/2023\\\/09\\\/adult-beautiful-beauty-826349-2-scaled.jpg\",\"link\":\"asistencia-informatica-a-particulares\\\/\",\"meta\":\"\",\"title\":\"Assist\\u00e8ncia Inform\\u00e0tica a Particulars\"}},{\"type\":\"grid_item\",\"props\":{\"content\":\"\",\"image\":\"wp-content\\\/uploads\\\/2023\\\/09\\\/Formacion-2-1-scaled.jpg\",\"link\":\"servicio-de-soporte-informatico-profesionales\\\/\",\"meta\":\"\",\"title\":\"Servei de Suport Inform\\u00e0tic per a aut\\u00f2noms i pimes\"}}]}]}]}],\"name\":\"Hero\"}],\"version\":\"4.0.13\"} --><\/p>\n","protected":false},"excerpt":{"rendered":"<p>Tarifes PRESSUPOST GRATU\u00cfT POSA&#8217;T EN CONTACTE AMB NOSALTRES Els nostres preus es calculen segons el temps d&#8217;intervenci\u00f3 i les despeses de despla\u00e7ament De dilluns a divendres de 8:00h\u00a0a 20:00h Preu per a particulars i empreses Al teu domicili, a l&#8217;oficina, per control remot o als despatxos de SIM Barcelona Preu fix 42\u20ac +iva \/hora Demana [&hellip;]<\/p>\n","protected":false},"author":1,"featured_media":0,"parent":0,"menu_order":0,"comment_status":"closed","ping_status":"closed","template":"","meta":{"footnotes":""},"class_list":["post-2559","page","type-page","status-publish","hentry"],"acf":[],"_links":{"self":[{"href":"https:\/\/simbarcelona.es\/ca\/wp-json\/wp\/v2\/pages\/2559","targetHints":{"allow":["GET"]}}],"collection":[{"href":"https:\/\/simbarcelona.es\/ca\/wp-json\/wp\/v2\/pages"}],"about":[{"href":"https:\/\/simbarcelona.es\/ca\/wp-json\/wp\/v2\/types\/page"}],"author":[{"embeddable":true,"href":"https:\/\/simbarcelona.es\/ca\/wp-json\/wp\/v2\/users\/1"}],"replies":[{"embeddable":true,"href":"https:\/\/simbarcelona.es\/ca\/wp-json\/wp\/v2\/comments?post=2559"}],"version-history":[{"count":3,"href":"https:\/\/simbarcelona.es\/ca\/wp-json\/wp\/v2\/pages\/2559\/revisions"}],"predecessor-version":[{"id":3350,"href":"https:\/\/simbarcelona.es\/ca\/wp-json\/wp\/v2\/pages\/2559\/revisions\/3350"}],"wp:attachment":[{"href":"https:\/\/simbarcelona.es\/ca\/wp-json\/wp\/v2\/media?parent=2559"}],"curies":[{"name":"wp","href":"https:\/\/api.w.org\/{rel}","templated":true}]}}