{"id":2637,"date":"2023-08-24T08:18:21","date_gmt":"2023-08-24T06:18:21","guid":{"rendered":"https:\/\/simbarcelona.indianwebs.es\/?page_id=2637"},"modified":"2024-06-16T18:45:31","modified_gmt":"2024-06-16T16:45:31","slug":"qui-som","status":"publish","type":"page","link":"https:\/\/simbarcelona.es\/ca\/qui-som\/","title":{"rendered":"Reparaci\u00f3, Assist\u00e8ncia, Manteniment Inform\u00e0tic Barcelona"},"content":{"rendered":"<div>\n<p>    <img decoding=\"async\" src=\"\/wp-content\/uploads\/2023\/09\/assistance-informatique-particuliers-sim-barcelona.png\" alt=\"\"><\/p>\n<h3>Qui s\u00f3m?<\/h3>\n<p> Reparaci\u00f3, Assist\u00e8ncia, Manteniment Inform\u00e0tic Barcelona<\/p>\n<div>\n<div class=\"uk-flex-middle uk-child-width-auto uk-flex-center uk-grid\" uk-grid=\"\">\n<div class=\"el-item uk-first-column\"><a class=\"el-content uk-button uk-button-primary\" href=\"\/contacto-sim-barcelona-soporte-informatico-barcelona\/\"><span>PRESSUPOST GRATU\u00cfT<\/span><\/a><\/div>\n<div class=\"el-item\"><a class=\"el-content uk-button uk-button-default\" href=\"#js-f204\" uk-toggle=\"\" role=\"button\"><span>POSA&#8217;T EN CONTACTE AMB NOSALTRES<\/span><\/a><\/div>\n<\/div>\n<\/div>\n<\/div>\n<h1>\n<p><span>M\u00e9s de 25 anys d&#8217;experi\u00e8ncia<\/span><\/p>\n<\/h1>\n<div>\n<p><span>SIM<\/span><span>\u00a0Barcelona \u00e9s una empresa que presta serveis inform\u00e0tics i multim\u00e8dia a particulars i professionals a Barcelona i voltants.<\/span><br \/><span>Som especialistes en reparaci\u00f3, assist\u00e8ncia i manteniment inform\u00e0tic.<\/span><\/p>\n<\/div>\n<ul>\n<li>\n<h2 class=\"uk-margin-remove\">\n\t\t        <span>3<span><\/p>\n<p>\t\t\t<span>\/<span><\/p>\n<p>\t\t\t<span>100<span><br \/>\n\t    <\/h2>\n<h3 class=\"uk-margin-remove\"> Experts<\/h3>\n<\/li>\n<li>\n<h2 class=\"uk-margin-remove\">\n\t\t        <span>25<span><\/p>\n<p>\t\t\t<span>\/<span><\/p>\n<p>\t\t\t<span>100<span><br \/>\n\t    <\/h2>\n<h3 class=\"uk-margin-remove\">Anys d&#8217;experi\u00e8ncia<\/h3>\n<\/li>\n<li>\n<h2 class=\"uk-margin-remove\">\n\t\t        <span>2000<span><\/p>\n<p>\t\t\t<span>\/<span><\/p>\n<p>\t\t\t<span>2000<span><br \/>\n\t    <\/h2>\n<h3 class=\"uk-margin-remove\"> Projectes<\/h3>\n<\/li>\n<\/ul>\n<div>\n<p>        <img decoding=\"async\" src=\"\/wp-content\/uploads\/2023\/09\/depannage-informatique-sim-barcelona.png\" alt=\"\"><\/p>\n<div>\n<p><span>Els nostres t\u00e8cnics s\u00f3n polivalents i comunicatius i s\u00f3n capa\u00e7os de resoldre una avaria d&#8217;un ordinador\u00a0<\/span><span>Mac<\/span><span>\u00a0o PC, arreglar un port\u00e0til, una CPU o ajudar-te amb qualsevol equip electr\u00f2nic o inform\u00e0tic.<\/span><\/p>\n<p><strong>Comprar\u00e0s material multim\u00e8dia i necessites consell?<\/strong><\/p>\n<p>Estarem encantats de compartir amb tu els nostres coneixements sobre les \u00faltimes innovacions tecnol\u00f2giques. I si necessites una mica m\u00e9s d&#8217;ajuda, *SIM Barcelona s&#8217;encarrega tamb\u00e9 d&#8217;instal\u00b7lar, configurar i connectar els teus equips inform\u00e0tics.<\/p>\n<p>Estalvia temps i gana tranquil\u00b7litat, est\u00e0s en mans dels millors t\u00e8cnics de Barcelona!<\/p>\n<\/div>\n<p><a href=\"\/tarifas-sim-barcelona-asistencia-y-servicios-informaticos\/\">TARIFES<\/a><\/p>\n<\/div>\n<div>\n<p>        <img decoding=\"async\" src=\"\/wp-content\/uploads\/2023\/09\/Formacion-2-1-1-scaled.jpg\" alt=\"\"><\/p>\n<h3>SIM Barcelona, el teu servei d&#8217;inform\u00e0tica a Barcelona<\/h3>\n<div>\n<div class=\"et_pb_module et_pb_text et_pb_text_4  et_pb_text_align_left et_pb_bg_layout_light\">\n<div class=\"et_pb_text_inner\">\n<p><span>Als professionals, el nostre servei de suport inform\u00e0tic els ofereix la possibilitat de comptar amb personal d&#8217;alt nivell i amb les millors tecnologies al millor preu. Aix\u00ed podr\u00e0s aprofitar els avantatges de poder comptar amb un equip especialitzat i amb els millors procediments del sector, sense perdre de flexibilitat en el funcionament de la teva empresa. En confiar a\u00a0<\/span><span>SIM<\/span><span>\u00a0Barcelona la gesti\u00f3 i el manteniment inform\u00e0tic de la teva empresa, podr\u00e0s concentrar-te en el desenvolupament i creixement de la teva activitat amb total tranquil\u00b7litat.<\/span><\/p>\n<\/div>\n<\/div>\n<\/div>\n<p><a href=\"\/servicio-de-soporte-informatico-profesionales\/\"> SERVEIS PER A EMPRESES<\/a><\/p>\n<\/div>\n<div>\n<p>        <img decoding=\"async\" src=\"\/wp-content\/uploads\/2023\/09\/arc-1936510_1920-2.jpg\" alt=\"\"><\/p>\n<h3>\u00c0mbit de treball d&#8217;assist\u00e8ncia i manteniment inform\u00e0tic<\/h3>\n<div>\n<p><span>El nostre equip de reparaci\u00f3 d&#8217;ordinadors, en empreses o a domicili, es despla\u00e7a per la ciutat i la prov\u00edncia de Barcelona, en llocs com a L\u2019Hospitalet, Sant Just Desvern o Sant Cugat del Vall\u00e8s. En funci\u00f3 de l&#8217;avaria, t&#8217;oferim igualment un servei d&#8217;assist\u00e8ncia inform\u00e0tica remota.<\/span><\/p>\n<p><span>El nostre personal parla castell\u00e0, catal\u00e0, angl\u00e8s i franc\u00e8s. Aix\u00ed que no hi haur\u00e0 p\u00e8rdua a l&#8217;hora de seguir les seves explicacions.<\/span><\/p>\n<\/div>\n<p><a href=\"\/contacto-sim-barcelona-soporte-informatico-barcelona\/\"> PRESSUPOST GRATU\u00cfT<\/a><\/p>\n<\/div>\n<h1>\n<p><span>Equip de\u00a0<\/span><span>SIM<\/span><span>\u00a0Barcelona<\/span><\/p>\n<\/h1>\n<ul>\n<li>\n<p>        <img decoding=\"async\" src=\"\/wp-content\/uploads\/2023\/09\/Ludovic-Julian-Laboury-CEO-sim-Barcelona-1.png\" alt=\"\"><\/p>\n<h3>Juli\u00e1n Laboury<\/h3>\n<p>CEO \u2013 Expert en maquinari i programari<\/p>\n<div>\n<p><span>\u201cLa inform\u00e0tica \u00e9s la meva passi\u00f3. Les persones, la meva prioritat. La velocitat i la seguretat s\u00f3n el meu comprom\u00eds.\u00bb<\/span><\/p>\n<\/div>\n<\/li>\n<li>\n<p>        <img decoding=\"async\" src=\"\/wp-content\/uploads\/2023\/09\/Harold-Albors-expert-sim-barcelona-1.png\" alt=\"\"><\/p>\n<h3>Harold Albors Romero<\/h3>\n<p>Especialista en xarxes<\/p>\n<div>\n<p><span>\u00abApassionat de les noves tecnologies i la inform\u00e0tica amb m\u00e9s de 25 anys d&#8217;experi\u00e8ncia en el sector i sempre aprenent\u2026\u00bb<\/span><\/p>\n<\/div>\n<\/li>\n<li>\n<p>        <img decoding=\"async\" src=\"\/wp-content\/uploads\/2023\/09\/Christian-Ravohangy-experto-sim-barcelona-1.png\" alt=\"\"><\/p>\n<h3>Christian Ravohangy<\/h3>\n<p>T\u00e8cnic inform\u00e0tic de maquinari i programari<\/p>\n<div>\n<div class=\"et_pb_row et_pb_row_7\">\n<div class=\"et_pb_column et_pb_column_1_3 et_pb_column_16  et_pb_css_mix_blend_mode_passthrough et-last-child\">\n<div class=\"et_pb_module et_pb_blurb et_pb_blurb_3  et_pb_text_align_left  et_pb_blurb_position_top et_pb_bg_layout_light\">\n<div class=\"et_pb_blurb_content\">\n<div class=\"et_pb_blurb_container\">\n<div class=\"et_pb_blurb_description\">\n<p><span>\u201cVaig provar per primera vegada la inform\u00e0tica quan tenia 10 anys. El que sent un passatemps, s&#8217;ha convertit en una passi\u00f3, una formaci\u00f3 i ha acabat sent el meu treball.\u00bb<\/span><\/p>\n<\/div>\n<\/div>\n<\/div>\n<\/div>\n<\/div>\n<\/div>\n<\/div>\n<\/li>\n<\/ul>\n<p>\n    <a href=\"\/contacto-sim-barcelona-soporte-informatico-barcelona\/\"> CONFIA EN UN EXPERT!<\/a>\n<\/p>\n<p><!--more--><br \/>\n<!-- {\"type\":\"layout\",\"children\":[{\"type\":\"section\",\"props\":{\"image_position\":\"center-center\",\"padding_remove_bottom\":true,\"padding_remove_top\":true,\"style\":\"default\",\"title_breakpoint\":\"xl\",\"title_position\":\"top-left\",\"title_rotation\":\"left\",\"vertical_align\":\"middle\",\"width\":\"\"},\"children\":[{\"type\":\"row\",\"children\":[{\"type\":\"column\",\"props\":{\"image_position\":\"center-center\",\"position_sticky_breakpoint\":\"m\"},\"children\":[{\"type\":\"slideshow\",\"props\":{\"link_style\":\"default\",\"link_text\":\"Read more\",\"margin\":\"default\",\"meta_align\":\"below-title\",\"meta_element\":\"div\",\"meta_style\":\"h4\",\"nav\":\"dotnav\",\"nav_align\":\"center\",\"nav_breakpoint\":\"s\",\"nav_position\":\"bottom-center\",\"nav_position_margin\":\"medium\",\"overlay_animation\":\"parallax\",\"overlay_position\":\"center\",\"overlay_style\":\"overlay-default\",\"show_content\":true,\"show_link\":true,\"show_meta\":true,\"show_thumbnail\":true,\"show_title\":true,\"slidenav\":\"default\",\"slidenav_breakpoint\":\"s\",\"slidenav_margin\":\"medium\",\"slidenav_outside_breakpoint\":\"xl\",\"slideshow_autoplay_pause\":true,\"slideshow_min_height\":300,\"slideshow_ratio\":\"1998:611\",\"text_align\":\"center\",\"thumbnav_height\":\"75\",\"thumbnav_svg_color\":\"emphasis\",\"thumbnav_width\":\"100\",\"title_element\":\"h3\",\"title_style\":\"h2\"},\"children\":[{\"type\":\"slideshow_item\",\"props\":{\"content\":\"\n\n<div class=\\\"uk-flex-middle uk-child-width-auto uk-flex-center uk-grid\\\" uk-grid=\\\"\\\">\\n\n\n<div class=\\\"el-item uk-first-column\\\"><a class=\\\"el-content uk-button uk-button-primary\\\" href=\\\"\\\/contacto-sim-barcelona-soporte-informatico-barcelona\\\/\\\"><span>PRESSUPOST GRATU\\u00cfT<\\\/span><\\\/a><\\\/div>\\n\n\n<div class=\\\"el-item\\\"><a class=\\\"el-content uk-button uk-button-default\\\" href=\\\"#js-f204\\\" uk-toggle=\\\"\\\" role=\\\"button\\\"><span>POSA'T EN CONTACTE AMB NOSALTRES<\\\/span><\\\/a><\\\/div>\\n<\\\/div>\",\"image\":\"wp-content\\\/uploads\\\/2023\\\/09\\\/assistance-informatique-particuliers-sim-barcelona.png\",\"media_overlay\":\"rgba(55, 155, 218, 0.15)\",\"meta\":\" Reparaci\\u00f3, Assist\\u00e8ncia, Manteniment Inform\\u00e0tic Barcelona\",\"title\":\"Qui s\\u00f3m?\"}}]}]}]}]},{\"type\":\"section\",\"props\":{\"animation\":\"slide-right\",\"animation_delay\":\"100\",\"header_transparent\":\"light\",\"header_transparent_noplaceholder\":true,\"image\":\"wp-content\\\/uploads\\\/yootheme\\\/hero-bg.svg\",\"image_position\":\"bottom-center\",\"image_size\":\"cover\",\"padding_remove_bottom\":false,\"style\":\"default\",\"title_breakpoint\":\"xl\",\"title_position\":\"top-left\",\"title_rotation\":\"left\",\"vertical_align\":\"middle\",\"width\":\"xlarge\"},\"children\":[{\"type\":\"row\",\"children\":[{\"type\":\"column\",\"props\":{\"image_position\":\"center-center\",\"position_sticky_breakpoint\":\"m\"},\"children\":[{\"type\":\"headline\",\"props\":{\"content\":\"\n\n<p><span>M\\u00e9s de 25 anys d'experi\\u00e8ncia<\\\/span><\\\/p>\",\"margin\":\"medium\",\"text_align\":\"center\",\"title_element\":\"h1\",\"title_style\":\"h2\"}},{\"type\":\"text\",\"props\":{\"block_align\":\"center\",\"column_breakpoint\":\"m\",\"content\":\"\n\n<p><span>SIM<\\\/span><span>\\u00a0Barcelona \\u00e9s una empresa que presta serveis inform\\u00e0tics i multim\\u00e8dia a particulars i professionals a Barcelona i voltants.<\\\/span><br \\\/><span>Som especialistes en reparaci\\u00f3, assist\\u00e8ncia i manteniment inform\\u00e0tic.<\\\/span><\\\/p>\",\"margin\":\"\",\"maxwidth\":\"2xlarge\",\"text_align\":\"center\",\"text_style\":\"large\"}},{\"type\":\"circleprogress\",\"props\":{\"bar_align\":\"top\",\"bar_animation_duration\":\"600\",\"bar_animation_repeat\":false,\"bar_animation_scrollspy_offset\":\"100\",\"bar_animation_style\":\"linear\",\"bar_circle_color\":\"#f2f2f2\",\"bar_circle_stroke\":\"1\",\"bar_clockwise\":\"true\",\"bar_constrain\":\"false\",\"bar_da_dashes\":\"0.5\",\"bar_da_gaps\":\"4\",\"bar_font_weight\":\"400\",\"bar_format\":\"value\",\"bar_grid_breakpoint\":\"m\",\"bar_grid_width\":\"1-2\",\"bar_size\":\"180\",\"bar_start_angle\":\"0\",\"bar_text_color\":\"#999\",\"bar_text_size\":\"16\",\"bar_value_color\":\"#3696f3\",\"bar_value_stroke\":\"3\",\"bar_value_stroke_linecap\":\"butt\",\"bar_vertical_align\":true,\"block_align\":\"center\",\"content_column_breakpoint\":\"m\",\"content_limit_length\":\"80\",\"css\":\".el-item svg circle, .el-item svg path{\\n    display: none;\\n}\",\"filter_align\":\"left\",\"filter_all\":true,\"filter_grid_breakpoint\":\"m\",\"filter_grid_width\":\"auto\",\"filter_position\":\"top\",\"filter_style\":\"tab\",\"grid_default\":\"1\",\"grid_medium\":\"3\",\"item_animation\":true,\"link_style\":\"default\",\"link_text\":\"Read more\",\"margin\":\"medium\",\"margin_remove_top\":true,\"maxwidth\":\"2xlarge\",\"meta_align\":\"below-title\",\"meta_element\":\"div\",\"meta_limit_length\":\"80\",\"meta_style\":\"text-meta\",\"show_content\":true,\"show_link\":true,\"show_meta\":true,\"show_title\":true,\"text_align\":\"center\",\"title_align\":\"top\",\"title_element\":\"h3\",\"title_grid_breakpoint\":\"m\",\"title_grid_width\":\"1-2\",\"title_hover_style\":\"reset\",\"title_limit_length\":\"80\"},\"children\":[{\"type\":\"circleprogress_item\",\"props\":{\"bar_animation_duration_item\":\"3000\",\"bar_animation_style_item\":\"linear\",\"bar_clockwise_item\":\"true\",\"bar_constrain_item\":\"true\",\"bar_format_item\":\"value\",\"max\":\"100\",\"title\":\" Experts\",\"value\":3}},{\"type\":\"circleprogress_item\",\"props\":{\"bar_animation_duration_item\":\"3000\",\"bar_animation_style_item\":\"linear\",\"bar_clockwise_item\":\"true\",\"bar_constrain_item\":\"true\",\"bar_format_item\":\"value\",\"max\":\"100\",\"title\":\"Anys d'experi\\u00e8ncia\",\"value\":25}},{\"type\":\"circleprogress_item\",\"props\":{\"bar_animation_duration_item\":\"3000\",\"bar_animation_style_item\":\"linear\",\"bar_clockwise_item\":\"true\",\"bar_constrain_item\":\"true\",\"bar_format_item\":\"value\",\"max\":2000,\"title\":\" Projectes\",\"value\":2000}}]},{\"type\":\"panel\",\"props\":{\"content\":\"\n\n<p><span>Els nostres t\\u00e8cnics s\\u00f3n polivalents i comunicatius i s\\u00f3n capa\\u00e7os de resoldre una avaria d'un ordinador\\u00a0<\\\/span><span>Mac<\\\/span><span>\\u00a0o PC, arreglar un port\\u00e0til, una CPU o ajudar-te amb qualsevol equip electr\\u00f2nic o inform\\u00e0tic.<\\\/span><\\\/p>\\n\n\n<p><strong>Comprar\\u00e0s material multim\\u00e8dia i necessites consell?<\\\/strong><\\\/p>\\n\n\n<p>Estarem encantats de compartir amb tu els nostres coneixements sobre les \\u00faltimes innovacions tecnol\\u00f2giques. I si necessites una mica m\\u00e9s d'ajuda, *SIM Barcelona s'encarrega tamb\\u00e9 d'instal\\u00b7lar, configurar i connectar els teus equips inform\\u00e0tics.<\\\/p>\\n\n\n<p>Estalvia temps i gana tranquil\\u00b7litat, est\\u00e0s en mans dels millors t\\u00e8cnics de Barcelona!<\\\/p>\",\"content_column_breakpoint\":\"m\",\"icon_width\":80,\"image\":\"wp-content\\\/uploads\\\/2023\\\/09\\\/depannage-informatique-sim-barcelona.png\",\"image_align\":\"right\",\"image_grid_breakpoint\":\"m\",\"image_grid_width\":\"1-2\",\"image_svg_color\":\"emphasis\",\"link\":\"tarifas-sim-barcelona-asistencia-y-servicios-informaticos\\\/\",\"link_style\":\"secondary\",\"link_text\":\"TARIFES\",\"margin\":\"default\",\"meta_align\":\"below-title\",\"meta_element\":\"div\",\"meta_style\":\"text-meta\",\"panel_image_no_padding\":true,\"panel_padding\":\"default\",\"panel_style\":\"card-primary\",\"title\":\"\",\"title_align\":\"top\",\"title_element\":\"h3\",\"title_grid_breakpoint\":\"m\",\"title_grid_width\":\"1-2\",\"title_hover_style\":\"reset\"}},{\"type\":\"panel\",\"props\":{\"content\":\"\n\n<div class=\\\"et_pb_module et_pb_text et_pb_text_4  et_pb_text_align_left et_pb_bg_layout_light\\\">\\n\n\n<div class=\\\"et_pb_text_inner\\\">\\n\n\n<p><span>Als professionals, el nostre servei de suport inform\\u00e0tic els ofereix la possibilitat de comptar amb personal d'alt nivell i amb les millors tecnologies al millor preu. Aix\\u00ed podr\\u00e0s aprofitar els avantatges de poder comptar amb un equip especialitzat i amb els millors procediments del sector, sense perdre de flexibilitat en el funcionament de la teva empresa. En confiar a\\u00a0<\\\/span><span>SIM<\\\/span><span>\\u00a0Barcelona la gesti\\u00f3 i el manteniment inform\\u00e0tic de la teva empresa, podr\\u00e0s concentrar-te en el desenvolupament i creixement de la teva activitat amb total tranquil\\u00b7litat.<\\\/span><\\\/p>\\n<\\\/div>\\n<\\\/div>\",\"content_column_breakpoint\":\"m\",\"icon_width\":80,\"image\":\"wp-content\\\/uploads\\\/2023\\\/09\\\/Formacion-2-1-1-scaled.jpg\",\"image_align\":\"left\",\"image_grid_breakpoint\":\"m\",\"image_grid_width\":\"1-2\",\"image_svg_color\":\"emphasis\",\"link\":\"servicio-de-soporte-informatico-profesionales\\\/\",\"link_style\":\"primary\",\"link_text\":\" SERVEIS PER A EMPRESES\",\"margin\":\"default\",\"meta_align\":\"below-title\",\"meta_element\":\"div\",\"meta_style\":\"text-meta\",\"panel_image_no_padding\":true,\"panel_padding\":\"default\",\"panel_style\":\"card-default\",\"title\":\"SIM Barcelona, el teu servei d'inform\\u00e0tica a Barcelona\",\"title_align\":\"top\",\"title_element\":\"h3\",\"title_grid_breakpoint\":\"m\",\"title_grid_width\":\"1-2\",\"title_hover_style\":\"reset\"}},{\"type\":\"panel\",\"props\":{\"content\":\"\n\n<p><span>El nostre equip de reparaci\\u00f3 d'ordinadors, en empreses o a domicili, es despla\\u00e7a per la ciutat i la prov\\u00edncia de Barcelona, en llocs com a L\\u2019Hospitalet, Sant Just Desvern o Sant Cugat del Vall\\u00e8s. En funci\\u00f3 de l'avaria, t'oferim igualment un servei d'assist\\u00e8ncia inform\\u00e0tica remota.<\\\/span><br \\\/><br \\\/><span>El nostre personal parla castell\\u00e0, catal\\u00e0, angl\\u00e8s i franc\\u00e8s. Aix\\u00ed que no hi haur\\u00e0 p\\u00e8rdua a l'hora de seguir les seves explicacions.<\\\/span><\\\/p>\",\"content_column_breakpoint\":\"m\",\"icon_width\":80,\"image\":\"wp-content\\\/uploads\\\/2023\\\/09\\\/arc-1936510_1920-2.jpg\",\"image_align\":\"right\",\"image_grid_breakpoint\":\"m\",\"image_grid_width\":\"1-2\",\"image_svg_color\":\"emphasis\",\"link\":\"contacto-sim-barcelona-soporte-informatico-barcelona\\\/\",\"link_style\":\"secondary\",\"link_text\":\" PRESSUPOST GRATU\\u00cfT\",\"margin\":\"default\",\"meta_align\":\"below-title\",\"meta_element\":\"div\",\"meta_style\":\"text-meta\",\"panel_image_no_padding\":true,\"panel_padding\":\"default\",\"panel_style\":\"card-primary\",\"title\":\"\\u00c0mbit de treball d'assist\\u00e8ncia i manteniment inform\\u00e0tic\",\"title_align\":\"top\",\"title_element\":\"h3\",\"title_grid_breakpoint\":\"m\",\"title_grid_width\":\"1-2\",\"title_hover_style\":\"reset\"}}]}]},{\"type\":\"row\",\"children\":[{\"type\":\"column\",\"props\":{\"image_position\":\"center-center\",\"position_sticky_breakpoint\":\"m\"},\"children\":[{\"type\":\"headline\",\"props\":{\"content\":\"\n\n<p><span>Equip de\\u00a0<\\\/span><span>SIM<\\\/span><span>\\u00a0Barcelona<\\\/span><\\\/p>\",\"margin\":\"medium\",\"text_align\":\"center\",\"title_element\":\"h1\",\"title_style\":\"h2\"}},{\"type\":\"grid\",\"props\":{\"content_column_breakpoint\":\"m\",\"filter_align\":\"left\",\"filter_all\":true,\"filter_grid_breakpoint\":\"m\",\"filter_grid_width\":\"auto\",\"filter_position\":\"top\",\"filter_style\":\"tab\",\"grid_default\":\"1\",\"grid_divider\":false,\"grid_masonry\":true,\"grid_medium\":\"3\",\"grid_parallax\":\"0\",\"icon_width\":\"\",\"image_align\":\"top\",\"image_grid_breakpoint\":\"m\",\"image_grid_width\":\"1-2\",\"image_svg_color\":\"emphasis\",\"image_svg_inline\":true,\"item_animation\":true,\"link_style\":\"default\",\"link_text\":\"Read more\",\"margin\":\"default\",\"meta_align\":\"below-title\",\"meta_element\":\"div\",\"meta_style\":\"text-meta\",\"panel_image_no_padding\":true,\"panel_padding\":\"default\",\"panel_style\":\"card-secondary\",\"show_content\":true,\"show_image\":true,\"show_link\":true,\"show_meta\":true,\"show_title\":true,\"text_align\":\"center\",\"title_align\":\"top\",\"title_element\":\"h3\",\"title_grid_breakpoint\":\"m\",\"title_grid_width\":\"1-2\",\"title_hover_style\":\"reset\"},\"children\":[{\"type\":\"grid_item\",\"props\":{\"content\":\"\n\n<p><span>\\u201cLa inform\\u00e0tica \\u00e9s la meva passi\\u00f3. Les persones, la meva prioritat. La velocitat i la seguretat s\\u00f3n el meu comprom\\u00eds.\\u00bb<\\\/span><\\\/p>\",\"image\":\"wp-content\\\/uploads\\\/2023\\\/09\\\/Ludovic-Julian-Laboury-CEO-sim-Barcelona-1.png\",\"meta\":\"CEO \\u2013 Expert en maquinari i programari\",\"title\":\"Juli\\u00e1n Laboury\"}},{\"type\":\"grid_item\",\"props\":{\"content\":\"\n\n<p><span>\\u00abApassionat de les noves tecnologies i la inform\\u00e0tica amb m\\u00e9s de 25 anys d'experi\\u00e8ncia en el sector i sempre aprenent\\u2026\\u00bb<\\\/span><\\\/p>\",\"image\":\"wp-content\\\/uploads\\\/2023\\\/09\\\/Harold-Albors-expert-sim-barcelona-1.png\",\"meta\":\"Especialista en xarxes\",\"title\":\"Harold Albors Romero\"}},{\"type\":\"grid_item\",\"props\":{\"content\":\"\n\n<div class=\\\"et_pb_row et_pb_row_7\\\">\\n\n\n<div class=\\\"et_pb_column et_pb_column_1_3 et_pb_column_16  et_pb_css_mix_blend_mode_passthrough et-last-child\\\">\\n\n\n<div class=\\\"et_pb_module et_pb_blurb et_pb_blurb_3  et_pb_text_align_left  et_pb_blurb_position_top et_pb_bg_layout_light\\\">\\n\n\n<div class=\\\"et_pb_blurb_content\\\">\\n\n\n<div class=\\\"et_pb_blurb_container\\\">\\n\n\n<div class=\\\"et_pb_blurb_description\\\">\\n\n\n<p><span>\\u201cVaig provar per primera vegada la inform\\u00e0tica quan tenia 10 anys. El que sent un passatemps, s'ha convertit en una passi\\u00f3, una formaci\\u00f3 i ha acabat sent el meu treball.\\u00bb<\\\/span><\\\/p>\\n<\\\/div>\\n<\\\/div>\\n<\\\/div>\\n<\\\/div>\\n<\\\/div>\\n<\\\/div>\",\"image\":\"wp-content\\\/uploads\\\/2023\\\/09\\\/Christian-Ravohangy-experto-sim-barcelona-1.png\",\"meta\":\"T\\u00e8cnic inform\\u00e0tic de maquinari i programari\",\"title\":\"Christian Ravohangy\"}}]},{\"type\":\"button\",\"props\":{\"grid_column_gap\":\"small\",\"grid_row_gap\":\"small\",\"margin\":\"default\",\"text_align\":\"center\"},\"children\":[{\"type\":\"button_item\",\"props\":{\"button_style\":\"default\",\"content\":\" CONFIA EN UN EXPERT!\",\"icon_align\":\"left\",\"link\":\"contacto-sim-barcelona-soporte-informatico-barcelona\\\/\"}}]}]}]}],\"name\":\"Hero\"}],\"version\":\"4.0.13\"} --><\/p>\n","protected":false},"excerpt":{"rendered":"<p>Qui s\u00f3m? Reparaci\u00f3, Assist\u00e8ncia, Manteniment Inform\u00e0tic Barcelona PRESSUPOST GRATU\u00cfT POSA&#8217;T EN CONTACTE AMB NOSALTRES M\u00e9s de 25 anys d&#8217;experi\u00e8ncia SIM\u00a0Barcelona \u00e9s una empresa que presta serveis inform\u00e0tics i multim\u00e8dia a particulars i professionals a Barcelona i voltants.Som especialistes en reparaci\u00f3, assist\u00e8ncia i manteniment inform\u00e0tic. 3 \/ 100 Experts 25 \/ 100 Anys d&#8217;experi\u00e8ncia 2000 \/ [&hellip;]<\/p>\n","protected":false},"author":1,"featured_media":0,"parent":0,"menu_order":0,"comment_status":"closed","ping_status":"closed","template":"","meta":{"footnotes":""},"class_list":["post-2637","page","type-page","status-publish","hentry"],"acf":[],"_links":{"self":[{"href":"https:\/\/simbarcelona.es\/ca\/wp-json\/wp\/v2\/pages\/2637","targetHints":{"allow":["GET"]}}],"collection":[{"href":"https:\/\/simbarcelona.es\/ca\/wp-json\/wp\/v2\/pages"}],"about":[{"href":"https:\/\/simbarcelona.es\/ca\/wp-json\/wp\/v2\/types\/page"}],"author":[{"embeddable":true,"href":"https:\/\/simbarcelona.es\/ca\/wp-json\/wp\/v2\/users\/1"}],"replies":[{"embeddable":true,"href":"https:\/\/simbarcelona.es\/ca\/wp-json\/wp\/v2\/comments?post=2637"}],"version-history":[{"count":0,"href":"https:\/\/simbarcelona.es\/ca\/wp-json\/wp\/v2\/pages\/2637\/revisions"}],"wp:attachment":[{"href":"https:\/\/simbarcelona.es\/ca\/wp-json\/wp\/v2\/media?parent=2637"}],"curies":[{"name":"wp","href":"https:\/\/api.w.org\/{rel}","templated":true}]}}