{"id":2687,"date":"2023-08-24T08:17:05","date_gmt":"2023-08-24T06:17:05","guid":{"rendered":"https:\/\/simbarcelona.indianwebs.es\/?page_id=2687"},"modified":"2024-06-16T18:34:14","modified_gmt":"2024-06-16T16:34:14","slug":"assistencia-informatica-a-particulars","status":"publish","type":"page","link":"https:\/\/simbarcelona.es\/ca\/assistencia-informatica-a-particulars\/","title":{"rendered":"Assist\u00e8ncia Inform\u00e0tica a Particulars"},"content":{"rendered":"<div>\n<p>    <img decoding=\"async\" src=\"\/wp-content\/uploads\/2023\/08\/assistance-informatique-aux-particuliers-sim-barcelona.png\" alt=\"\"><\/p>\n<h3>Assist\u00e8ncia Inform\u00e0tica a Particulars<\/h3>\n<div>\n<div class=\"uk-flex-middle uk-child-width-auto uk-flex-center uk-grid\" uk-grid=\"\">\n<div class=\"el-item uk-first-column\"><a class=\"el-content uk-button uk-button-primary\" href=\"\/contacto-sim-barcelona-soporte-informatico-barcelona\/\">PRESSUPOST GRATU\u00cfT<\/a><\/div>\n<div class=\"el-item\"><a class=\"el-content uk-button uk-button-default\" href=\"#js-f204\" uk-toggle=\"\" role=\"button\"><span>POSA&#8217;T EN CONTACTE AMB NOSALTRES<\/span><\/a><\/div>\n<\/div>\n<\/div>\n<\/div>\n<h1>\n<p><span>Per a vosaltres, els particulars<\/span><\/p>\n<\/h1>\n<div>\n<h3><span>Les eines inform\u00e0tiques s&#8217;han convertit en una cosa indispensable en el dia a dia<\/span><\/h3>\n<p><span>Perdre el contingut del teu disc dur pot suposar una experi\u00e8ncia traum\u00e0tica. Per aix\u00f2 \u00e9s important fer una c\u00f2pia de seguretat dels arxius i arreglar l&#8217;ordinador per a evitar arribar a una situaci\u00f3 irremeiable.<\/span><br \/><span>No surt res en la pantalla? El sistema operatiu o alguns programes no responen? La connexi\u00f3 a internet falla? \u00c9s molt lenta o es talla constantment? No et preocupis, no perdis la paci\u00e8ncia.\u00a0<\/span><span>SIM<\/span><span>\u00a0Barcelona resol tots els teus problemes inform\u00e0tics a domicili o per control remot perqu\u00e8 tu puguis gaudir dels teus equips amb tranquil\u00b7litat.<\/span><\/p>\n<\/div>\n<h1>\n<p>El nostre servei d&#8217;assist\u00e8ncia inform\u00e0tica a particulars s&#8217;ocupa de<\/p>\n<\/h1>\n<ul>\n<li>\n<h3>Reparaci\u00f3 de material inform\u00e0tic (PC o Mac)<\/h3>\n<\/li>\n<li>\n<h3> Instal\u00b7laci\u00f3 i manteniment<\/h3>\n<div>\n<ul>\n<li><span>Instal\u00b7laci\u00f3 i configuraci\u00f3 del sistema operatiu, del correu electr\u00f2nic, de programes i d&#8217;eines digitals<\/span><\/li>\n<li><span>Actualitzaci\u00f3 i optimitzaci\u00f3 d&#8217;ordinadors<\/span><\/li>\n<li><span>Protecci\u00f3, amb eliminaci\u00f3 de programes espia i instal\u00b7laci\u00f3 d&#8217;un antivirus<\/span><\/li>\n<\/ul>\n<\/div>\n<\/li>\n<li>\n<h3> Assist\u00e8ncia i reparaci\u00f3 d&#8217;ordinadors i perif\u00e8rics multim\u00e8dia (impressora amb esc\u00e0ner, emissor wifi, tel\u00e8fon intel\u00b7ligent, tauleta&#8230;)<\/h3>\n<div>\n<ul>\n<li><span>Restauraci\u00f3 del sistema operatiu<\/span><\/li>\n<li><span>Recuperaci\u00f3 i c\u00f2pia de dades<\/span><\/li>\n<li><span>Resoluci\u00f3 de problemes amb internet, amplificaci\u00f3 de la xarxa wifi<\/span><\/li>\n<li><span>Eliminaci\u00f3 de virus,\u00a0<\/span><span>malware<\/span><span>\u00a0i\u00a0<\/span><span>spyware<\/span><\/li>\n<\/ul>\n<\/div>\n<\/li>\n<li>\n<h3> Transfer\u00e8ncia de dades entre dispositius<\/h3>\n<div>\n<ul>\n<li><span>Podem transferir dades d&#8217;un dispositiu a un altre (d&#8217;un antic al nou, per exemple) o a un disc dur extern.<\/span><\/li>\n<li><span>Com es tracta d&#8217;una tasca molt delicada, no ho dubtis millor confia en un expert!<\/span><\/li>\n<\/ul>\n<\/div>\n<\/li>\n<li>\n<h3> Formaci\u00f3, assessorament i guia a l&#8217;hora de comprar o aprendre a manejar eines inform\u00e0tiques<\/h3>\n<\/li>\n<\/ul>\n<div>\n<h3><span>Els nostres t\u00e8cnics inform\u00e0tics es desplacen al teu domicili, si vius a Barcelona o voltants.<\/span><\/h3>\n<p style=\"text-align: left;\"><span>No obstant aix\u00f2, si tens molta pressa, tamb\u00e9 t&#8217;oferim un servei d&#8217;assist\u00e8ncia inform\u00e0tica remota, estiguis on estiguis. <\/span><span>Connectat a internet amb un programari totalment segura i gratis, el nostre expert pot veure la teva pantalla i aix\u00ed ajudar-te de la forma m\u00e9s efica\u00e7.<\/span><\/p>\n<\/div>\n<p>\n    <a href=\"\/contacto-sim-barcelona-soporte-informatico-barcelona\/\"> CONFIA EN UN EXPERT!<\/a>\n<\/p>\n<div>\n<p>        <img decoding=\"async\" src=\"\/wp-content\/uploads\/2023\/08\/diagnostique-assistance-informatique-sim-barcelona.png\" alt=\"\"><\/p>\n<h3>Funcionament del nostre servei de reparaci\u00f3 i assist\u00e8ncia inform\u00e0tica personalitzada<\/h3>\n<div>\n<ul>\n<li><span>Comencem per fer un diagn\u00f2stic del teu problema inform\u00e0tic o amb internet<\/span><\/li>\n<li><span>R\u00e0pidament, elaborem un pressupost en funci\u00f3 de la soluci\u00f3 que necessitis.<\/span><\/li>\n<li><span>Segons la modalitat que tri\u00efs, un t\u00e8cnic es despla\u00e7a o treballa a dist\u00e0ncia en el teu dispositiu.<\/span><\/li>\n<li><span>Si no resolem el problema, el servei ser\u00e0 totalment gratu\u00eft. Si hi hagu\u00e9s alguna pe\u00e7a defectuosa, nom\u00e9s haur\u00e0s de pagar el cost del diagn\u00f2stic: 36,90 \u20ac +IVA<\/span><\/li>\n<\/ul>\n<\/div>\n<p><a href=\"\/contacto-sim-barcelona-soporte-informatico-barcelona\/\"> TARIFES<\/a><\/p>\n<\/div>\n<div>\n<p>        <img decoding=\"async\" src=\"\/wp-content\/uploads\/2023\/08\/support-informatique-particulier-et-entreprise-sim-barcelona-.png\" alt=\"\"><\/p>\n<h3> Els nostres compromisos d&#8217;assist\u00e8ncia i reparaci\u00f3 inform\u00e0tica<\/h3>\n<div>\n<ul>\n<li><span>R\u00e0pida intervenci\u00f3 dels nostres especialistes inform\u00e0tics perqu\u00e8 tu puguis continuar usant els teus dispositius al m\u00e9s aviat possible<\/span><\/li>\n<li><span>Assist\u00e8ncia personalitzada i adaptada als teus problemes inform\u00e0tics<\/span><\/li>\n<li><span>Un servei de qualitat, prestat per inform\u00e0tics professionals i comunicatius<\/span><\/li>\n<li><span>Consells diligents per a garantir el correcte funcionament del teu equip<\/span><\/li>\n<\/ul>\n<\/div>\n<p><a href=\"\/contacto-sim-barcelona-soporte-informatico-barcelona\/\"> PRESSUPOST GRATU\u00cfT<\/a><\/p>\n<\/div>\n<h1>\n<p><span>Ressenyes de clients de\u00a0<\/span><span>SIM<\/span><span>\u00a0Barcelona<\/span><\/p>\n<\/h1>\n<ul>\n<li>\n<p>Javier<\/p>\n<div>\n<blockquote>\n<p><span>Vaig quedar molt satisfet amb el seu treball. Vam tenir algun problema amb el meu vell ordinador per\u00f2 ho va solucionar tot amb molta paci\u00e8ncia.<\/span><\/p>\n<\/blockquote>\n<\/div>\n<\/li>\n<li>\n<p>Aida<\/p>\n<div>\n<blockquote>\n<div class=\"et_pb_testimonial_description_inner\">\n<div class=\"et_pb_testimonial_content\">\n<p><span>Totalment recomanable! De confian\u00e7a i efica\u00e7. A mi m&#8217;ha solucionat diversos problemes de l&#8217;ordinador i m\u00f2bil amb molta rapidesa. Tamb\u00e9 em va assessorar genial per a la compra de l&#8217;ordinador i del m\u00f2bil. Gran disponibilitat i flexibilitat.<\/span><\/p>\n<\/div>\n<\/div>\n<\/blockquote>\n<\/div>\n<\/li>\n<li>\n<p>Viviane<\/p>\n<div>\n<blockquote>\n<div class=\"et_pb_testimonial_description_inner\">\n<div class=\"et_pb_testimonial_content\">\n<p><span>SIM<\/span><span>\u00a0Barcelona m&#8217;ha assistit durant les etapes d&#8217;instal\u00b7laci\u00f3 de programes i m&#8217;ha aconsellat els mes efica\u00e7os. Estan al dia de les tecnologies inform\u00e0tiques.<\/span><\/p>\n<p><span>Pel tema del COVID-19 i de seguretat ,tamb\u00e9 proposen ajudar a dist\u00e0ncia mitjan\u00e7ant el \u00ab<\/span><span>Team<\/span><span>\u00a0<\/span><span>Viewer\u00bb<\/span><span>\u00a0durant el proc\u00e9s. Aix\u00f2 facilita la resoluci\u00f3 r\u00e0pida de l&#8217;incident quan els cridem.<\/span><\/p>\n<\/div>\n<\/div>\n<\/blockquote>\n<\/div>\n<\/li>\n<\/ul>\n<p><!--more--><br \/>\n<!-- {\"type\":\"layout\",\"children\":[{\"type\":\"section\",\"props\":{\"image_position\":\"center-center\",\"padding_remove_bottom\":true,\"padding_remove_top\":true,\"style\":\"default\",\"title_breakpoint\":\"xl\",\"title_position\":\"top-left\",\"title_rotation\":\"left\",\"vertical_align\":\"middle\",\"width\":\"\"},\"children\":[{\"type\":\"row\",\"children\":[{\"type\":\"column\",\"props\":{\"image_position\":\"center-center\",\"position_sticky_breakpoint\":\"m\"},\"children\":[{\"type\":\"slideshow\",\"props\":{\"link_style\":\"default\",\"link_text\":\"Read more\",\"margin\":\"default\",\"meta_align\":\"below-title\",\"meta_element\":\"div\",\"meta_style\":\"h4\",\"nav\":\"dotnav\",\"nav_align\":\"center\",\"nav_breakpoint\":\"s\",\"nav_position\":\"bottom-center\",\"nav_position_margin\":\"medium\",\"overlay_animation\":\"parallax\",\"overlay_position\":\"center\",\"overlay_style\":\"overlay-default\",\"show_content\":true,\"show_link\":true,\"show_meta\":true,\"show_thumbnail\":true,\"show_title\":true,\"slidenav\":\"default\",\"slidenav_breakpoint\":\"s\",\"slidenav_margin\":\"medium\",\"slidenav_outside_breakpoint\":\"xl\",\"slideshow_autoplay_pause\":true,\"slideshow_min_height\":300,\"slideshow_ratio\":\"1998:611\",\"text_align\":\"center\",\"thumbnav_height\":\"75\",\"thumbnav_svg_color\":\"emphasis\",\"thumbnav_width\":\"100\",\"title_element\":\"h3\",\"title_style\":\"h2\"},\"children\":[{\"type\":\"slideshow_item\",\"props\":{\"content\":\"\n\n<div class=\\\"uk-flex-middle uk-child-width-auto uk-flex-center uk-grid\\\" uk-grid=\\\"\\\">\\n\n\n<div class=\\\"el-item uk-first-column\\\"><a class=\\\"el-content uk-button uk-button-primary\\\" href=\\\"\\\/contacto-sim-barcelona-soporte-informatico-barcelona\\\/\\\">PRESSUPOST GRATU\\u00cfT<\\\/a><\\\/div>\\n\n\n<div class=\\\"el-item\\\"><a class=\\\"el-content uk-button uk-button-default\\\" href=\\\"#js-f204\\\" uk-toggle=\\\"\\\" role=\\\"button\\\"><span>POSA'T EN CONTACTE AMB NOSALTRES<\\\/span><\\\/a><\\\/div>\\n<\\\/div>\",\"image\":\"wp-content\\\/uploads\\\/2023\\\/08\\\/assistance-informatique-aux-particuliers-sim-barcelona.png\",\"media_overlay\":\"rgba(14, 64, 96, 0.5)\",\"meta\":\"\",\"title\":\"Assist\\u00e8ncia Inform\\u00e0tica a Particulars\"}}]}]}]}]},{\"type\":\"section\",\"props\":{\"animation\":\"slide-right\",\"animation_delay\":\"100\",\"header_transparent\":\"light\",\"header_transparent_noplaceholder\":true,\"image\":\"wp-content\\\/uploads\\\/yootheme\\\/hero-bg.svg\",\"image_position\":\"bottom-center\",\"image_size\":\"cover\",\"padding_remove_bottom\":false,\"style\":\"default\",\"title_breakpoint\":\"xl\",\"title_position\":\"top-left\",\"title_rotation\":\"left\",\"vertical_align\":\"middle\",\"width\":\"xlarge\"},\"children\":[{\"type\":\"row\",\"children\":[{\"type\":\"column\",\"props\":{\"image_position\":\"center-center\",\"position_sticky_breakpoint\":\"m\"},\"children\":[{\"type\":\"headline\",\"props\":{\"content\":\"\n\n<p><span>Per a vosaltres, els particulars<\\\/span><\\\/p>\",\"margin\":\"medium\",\"text_align\":\"center\",\"title_element\":\"h1\",\"title_style\":\"h2\"}},{\"type\":\"text\",\"props\":{\"block_align\":\"center\",\"column_breakpoint\":\"m\",\"content\":\"\n\n<h3><span>Les eines inform\\u00e0tiques s'han convertit en una cosa indispensable en el dia a dia<\\\/span><\\\/h3>\\n\n\n<p><span>Perdre el contingut del teu disc dur pot suposar una experi\\u00e8ncia traum\\u00e0tica. Per aix\\u00f2 \\u00e9s important fer una c\\u00f2pia de seguretat dels arxius i arreglar l'ordinador per a evitar arribar a una situaci\\u00f3 irremeiable.<\\\/span><br \\\/><span>No surt res en la pantalla? El sistema operatiu o alguns programes no responen? La connexi\\u00f3 a internet falla? \\u00c9s molt lenta o es talla constantment? No et preocupis, no perdis la paci\\u00e8ncia.\\u00a0<\\\/span><span>SIM<\\\/span><span>\\u00a0Barcelona resol tots els teus problemes inform\\u00e0tics a domicili o per control remot perqu\\u00e8 tu puguis gaudir dels teus equips amb tranquil\\u00b7litat.<\\\/span><\\\/p>\",\"margin\":\"large\",\"maxwidth\":\"2xlarge\",\"text_align\":\"center\",\"text_style\":\"large\"}},{\"type\":\"headline\",\"props\":{\"content\":\"\n\n<p>El nostre servei d'assist\\u00e8ncia inform\\u00e0tica a particulars s'ocupa de<\\\/p>\",\"margin\":\"medium\",\"title_element\":\"h1\",\"title_style\":\"h1\"}},{\"type\":\"grid\",\"props\":{\"content_column_breakpoint\":\"m\",\"filter_align\":\"left\",\"filter_all\":true,\"filter_grid_breakpoint\":\"m\",\"filter_grid_width\":\"auto\",\"filter_position\":\"top\",\"filter_style\":\"tab\",\"grid_default\":\"1\",\"grid_divider\":false,\"grid_masonry\":true,\"grid_medium\":\"2\",\"grid_parallax\":\"0\",\"icon_width\":\"50\",\"image_align\":\"left\",\"image_grid_breakpoint\":\"m\",\"image_grid_width\":\"1-5\",\"image_height\":\"100px\",\"image_svg_color\":\"emphasis\",\"image_svg_inline\":true,\"item_animation\":true,\"link_style\":\"default\",\"link_text\":\"Read more\",\"margin\":\"default\",\"meta_align\":\"below-title\",\"meta_element\":\"div\",\"meta_style\":\"text-meta\",\"panel_padding\":\"default\",\"panel_style\":\"card-default\",\"show_content\":true,\"show_image\":true,\"show_link\":true,\"show_meta\":true,\"show_title\":true,\"title_align\":\"top\",\"title_element\":\"h3\",\"title_grid_breakpoint\":\"m\",\"title_grid_width\":\"1-2\",\"title_hover_style\":\"reset\",\"title_style\":\"h4\"},\"children\":[{\"type\":\"grid_item\",\"props\":{\"icon\":\"check\",\"image\":\"\",\"title\":\"Reparaci\\u00f3 de material inform\\u00e0tic (PC o Mac)\"}},{\"type\":\"grid_item\",\"props\":{\"content\":\"\n\n<ul>\\n\n\n<li><span>Instal\\u00b7laci\\u00f3 i configuraci\\u00f3 del sistema operatiu, del correu electr\\u00f2nic, de programes i d'eines digitals<\\\/span><\\\/li>\\n\n\n<li><span>Actualitzaci\\u00f3 i optimitzaci\\u00f3 d'ordinadors<\\\/span><\\\/li>\\n\n\n<li><span>Protecci\\u00f3, amb eliminaci\\u00f3 de programes espia i instal\\u00b7laci\\u00f3 d'un antivirus<\\\/span><\\\/li>\\n<\\\/ul>\",\"icon\":\"check\",\"image\":\"\",\"title\":\" Instal\\u00b7laci\\u00f3 i manteniment\"}},{\"type\":\"grid_item\",\"props\":{\"content\":\"\n\n<ul>\\n\n\n<li><span>Restauraci\\u00f3 del sistema operatiu<\\\/span><\\\/li>\\n\n\n<li><span>Recuperaci\\u00f3 i c\\u00f2pia de dades<\\\/span><\\\/li>\\n\n\n<li><span>Resoluci\\u00f3 de problemes amb internet, amplificaci\\u00f3 de la xarxa wifi<\\\/span><\\\/li>\\n\n\n<li><span>Eliminaci\\u00f3 de virus,\\u00a0<\\\/span><span>malware<\\\/span><span>\\u00a0i\\u00a0<\\\/span><span>spyware<\\\/span><\\\/li>\\n<\\\/ul>\",\"icon\":\"check\",\"image\":\"\",\"title\":\" Assist\\u00e8ncia i reparaci\\u00f3 d'ordinadors i perif\\u00e8rics multim\\u00e8dia (impressora amb esc\\u00e0ner, emissor wifi, tel\\u00e8fon intel\\u00b7ligent, tauleta...)\"}},{\"type\":\"grid_item\",\"props\":{\"content\":\"\n\n<ul>\\n\n\n<li><span>Podem transferir dades d'un dispositiu a un altre (d'un antic al nou, per exemple) o a un disc dur extern.<\\\/span><\\\/li>\\n\n\n<li><span>Com es tracta d'una tasca molt delicada, no ho dubtis millor confia en un expert!<\\\/span><\\\/li>\\n<\\\/ul>\",\"icon\":\"check\",\"image\":\"\",\"title\":\" Transfer\\u00e8ncia de dades entre dispositius\"}},{\"type\":\"grid_item\",\"props\":{\"icon\":\"check\",\"image\":\"\",\"title\":\" Formaci\\u00f3, assessorament i guia a l'hora de comprar o aprendre a manejar eines inform\\u00e0tiques\"}}]},{\"type\":\"text\",\"props\":{\"block_align\":\"center\",\"column_breakpoint\":\"m\",\"content\":\"\n\n<h3><span>Els nostres t\\u00e8cnics inform\\u00e0tics es desplacen al teu domicili, si vius a Barcelona o voltants.<\\\/span><\\\/h3>\\n\n\n<p style=\\\"text-align: left;\\\"><span>No obstant aix\\u00f2, si tens molta pressa, tamb\\u00e9 t'oferim un servei d'assist\\u00e8ncia inform\\u00e0tica remota, estiguis on estiguis. <\\\/span><span>Connectat a internet amb un programari totalment segura i gratis, el nostre expert pot veure la teva pantalla i aix\\u00ed ajudar-te de la forma m\\u00e9s efica\\u00e7.<\\\/span><\\\/p>\",\"margin\":\"large\",\"maxwidth\":\"2xlarge\",\"text_align\":\"center\",\"text_style\":\"large\"}},{\"type\":\"button\",\"props\":{\"grid_column_gap\":\"small\",\"grid_row_gap\":\"small\",\"margin\":\"default\",\"text_align\":\"center\"},\"children\":[{\"type\":\"button_item\",\"props\":{\"button_style\":\"default\",\"content\":\" CONFIA EN UN EXPERT!\",\"icon_align\":\"left\",\"link\":\"contacto-sim-barcelona-soporte-informatico-barcelona\\\/\"}}]},{\"type\":\"panel\",\"props\":{\"content\":\"\n\n<ul>\\n\n\n<li><span>Comencem per fer un diagn\\u00f2stic del teu problema inform\\u00e0tic o amb internet<\\\/span><\\\/li>\\n\n\n<li><span>R\\u00e0pidament, elaborem un pressupost en funci\\u00f3 de la soluci\\u00f3 que necessitis.<\\\/span><\\\/li>\\n\n\n<li><span>Segons la modalitat que tri\\u00efs, un t\\u00e8cnic es despla\\u00e7a o treballa a dist\\u00e0ncia en el teu dispositiu.<\\\/span><\\\/li>\\n\n\n<li><span>Si no resolem el problema, el servei ser\\u00e0 totalment gratu\\u00eft. Si hi hagu\\u00e9s alguna pe\\u00e7a defectuosa, nom\\u00e9s haur\\u00e0s de pagar el cost del diagn\\u00f2stic: 36,90 \\u20ac +IVA<\\\/span><\\\/li>\\n<\\\/ul>\",\"content_column_breakpoint\":\"m\",\"icon_width\":80,\"image\":\"wp-content\\\/uploads\\\/2023\\\/08\\\/diagnostique-assistance-informatique-sim-barcelona.png\",\"image_align\":\"right\",\"image_grid_breakpoint\":\"m\",\"image_grid_width\":\"1-2\",\"image_svg_color\":\"emphasis\",\"link\":\"contacto-sim-barcelona-soporte-informatico-barcelona\\\/\",\"link_style\":\"secondary\",\"link_text\":\" TARIFES\",\"margin\":\"default\",\"meta_align\":\"below-title\",\"meta_element\":\"div\",\"meta_style\":\"text-meta\",\"panel_image_no_padding\":true,\"panel_padding\":\"default\",\"panel_style\":\"card-primary\",\"title\":\"Funcionament del nostre servei de reparaci\\u00f3 i assist\\u00e8ncia inform\\u00e0tica personalitzada\",\"title_align\":\"top\",\"title_element\":\"h3\",\"title_grid_breakpoint\":\"m\",\"title_grid_width\":\"1-2\",\"title_hover_style\":\"reset\"}},{\"type\":\"panel\",\"props\":{\"content\":\"\n\n<ul>\\n\n\n<li><span>R\\u00e0pida intervenci\\u00f3 dels nostres especialistes inform\\u00e0tics perqu\\u00e8 tu puguis continuar usant els teus dispositius al m\\u00e9s aviat possible<\\\/span><\\\/li>\\n\n\n<li><span>Assist\\u00e8ncia personalitzada i adaptada als teus problemes inform\\u00e0tics<\\\/span><\\\/li>\\n\n\n<li><span>Un servei de qualitat, prestat per inform\\u00e0tics professionals i comunicatius<\\\/span><\\\/li>\\n\n\n<li><span>Consells diligents per a garantir el correcte funcionament del teu equip<\\\/span><\\\/li>\\n<\\\/ul>\",\"content_column_breakpoint\":\"m\",\"icon_width\":80,\"image\":\"wp-content\\\/uploads\\\/2023\\\/08\\\/support-informatique-particulier-et-entreprise-sim-barcelona-.png\",\"image_align\":\"left\",\"image_grid_breakpoint\":\"m\",\"image_grid_width\":\"1-2\",\"image_svg_color\":\"emphasis\",\"link\":\"contacto-sim-barcelona-soporte-informatico-barcelona\\\/\",\"link_style\":\"primary\",\"link_text\":\" PRESSUPOST GRATU\\u00cfT\",\"margin\":\"default\",\"meta_align\":\"below-title\",\"meta_element\":\"div\",\"meta_style\":\"text-meta\",\"panel_image_no_padding\":true,\"panel_padding\":\"default\",\"panel_style\":\"card-default\",\"title\":\" Els nostres compromisos d'assist\\u00e8ncia i reparaci\\u00f3 inform\\u00e0tica\",\"title_align\":\"top\",\"title_element\":\"h3\",\"title_grid_breakpoint\":\"m\",\"title_grid_width\":\"1-2\",\"title_hover_style\":\"reset\"}}]}]},{\"type\":\"row\",\"children\":[{\"type\":\"column\",\"props\":{\"image_position\":\"center-center\",\"position_sticky_breakpoint\":\"m\"},\"children\":[{\"type\":\"headline\",\"props\":{\"content\":\"\n\n<p><span>Ressenyes de clients de\\u00a0<\\\/span><span>SIM<\\\/span><span>\\u00a0Barcelona<\\\/span><\\\/p>\",\"margin\":\"medium\",\"text_align\":\"center\",\"title_element\":\"h1\",\"title_style\":\"h2\"}},{\"type\":\"grid\",\"props\":{\"content_column_breakpoint\":\"m\",\"filter_align\":\"left\",\"filter_all\":true,\"filter_grid_breakpoint\":\"m\",\"filter_grid_width\":\"auto\",\"filter_position\":\"top\",\"filter_style\":\"tab\",\"grid_default\":\"1\",\"grid_divider\":false,\"grid_masonry\":true,\"grid_medium\":\"3\",\"grid_parallax\":\"0\",\"icon_width\":\"\",\"image_align\":\"top\",\"image_grid_breakpoint\":\"m\",\"image_grid_width\":\"1-2\",\"image_height\":\"100px\",\"image_svg_color\":\"emphasis\",\"image_svg_inline\":true,\"item_animation\":true,\"link_style\":\"default\",\"link_text\":\"Read more\",\"margin\":\"default\",\"meta_align\":\"below-title\",\"meta_element\":\"div\",\"meta_style\":\"text-meta\",\"panel_padding\":\"default\",\"panel_style\":\"card-secondary\",\"show_content\":true,\"show_image\":true,\"show_link\":true,\"show_meta\":true,\"show_title\":true,\"text_align\":\"center\",\"title_align\":\"top\",\"title_element\":\"h3\",\"title_grid_breakpoint\":\"m\",\"title_grid_width\":\"1-2\",\"title_hover_style\":\"reset\"},\"children\":[{\"type\":\"grid_item\",\"props\":{\"content\":\"\n\n<blockquote>\\n\n\n<p><span>Vaig quedar molt satisfet amb el seu treball. Vam tenir algun problema amb el meu vell ordinador per\\u00f2 ho va solucionar tot amb molta paci\\u00e8ncia.<\\\/span><\\\/p>\\n<\\\/blockquote>\",\"image\":\"\",\"meta\":\"Javier\",\"title\":\"\"}},{\"type\":\"grid_item\",\"props\":{\"content\":\"\n\n<blockquote>\\n\n\n<div class=\\\"et_pb_testimonial_description_inner\\\">\\n\n\n<div class=\\\"et_pb_testimonial_content\\\">\\n\n\n<p><span>Totalment recomanable! De confian\\u00e7a i efica\\u00e7. A mi m'ha solucionat diversos problemes de l'ordinador i m\\u00f2bil amb molta rapidesa. Tamb\\u00e9 em va assessorar genial per a la compra de l'ordinador i del m\\u00f2bil. Gran disponibilitat i flexibilitat.<\\\/span><\\\/p>\\n<\\\/div>\\n<\\\/div>\\n<\\\/blockquote>\",\"image\":\"\",\"meta\":\"Aida\",\"title\":\"\"}},{\"type\":\"grid_item\",\"props\":{\"content\":\"\n\n<blockquote>\\n\n\n<div class=\\\"et_pb_testimonial_description_inner\\\">\\n\n\n<div class=\\\"et_pb_testimonial_content\\\">\\n\n\n<p><span>SIM<\\\/span><span>\\u00a0Barcelona m'ha assistit durant les etapes d'instal\\u00b7laci\\u00f3 de programes i m'ha aconsellat els mes efica\\u00e7os. Estan al dia de les tecnologies inform\\u00e0tiques.<\\\/span><br \\\/><br \\\/><span>Pel tema del COVID-19 i de seguretat ,tamb\\u00e9 proposen ajudar a dist\\u00e0ncia mitjan\\u00e7ant el \\u00ab<\\\/span><span>Team<\\\/span><span>\\u00a0<\\\/span><span>Viewer\\u00bb<\\\/span><span>\\u00a0durant el proc\\u00e9s. Aix\\u00f2 facilita la resoluci\\u00f3 r\\u00e0pida de l'incident quan els cridem.<\\\/span><\\\/p>\\n<\\\/div>\\n<\\\/div>\\n<\\\/blockquote>\",\"image\":\"\",\"meta\":\"Viviane\",\"title\":\"\"}}]}]}]}],\"name\":\"Hero\"}],\"version\":\"4.0.13\"} --><\/p>\n","protected":false},"excerpt":{"rendered":"<p>Assist\u00e8ncia Inform\u00e0tica a Particulars PRESSUPOST GRATU\u00cfT POSA&#8217;T EN CONTACTE AMB NOSALTRES Per a vosaltres, els particulars Les eines inform\u00e0tiques s&#8217;han convertit en una cosa indispensable en el dia a dia Perdre el contingut del teu disc dur pot suposar una experi\u00e8ncia traum\u00e0tica. Per aix\u00f2 \u00e9s important fer una c\u00f2pia de seguretat dels arxius i arreglar [&hellip;]<\/p>\n","protected":false},"author":1,"featured_media":0,"parent":0,"menu_order":0,"comment_status":"closed","ping_status":"closed","template":"","meta":{"footnotes":""},"class_list":["post-2687","page","type-page","status-publish","hentry"],"acf":[],"_links":{"self":[{"href":"https:\/\/simbarcelona.es\/ca\/wp-json\/wp\/v2\/pages\/2687","targetHints":{"allow":["GET"]}}],"collection":[{"href":"https:\/\/simbarcelona.es\/ca\/wp-json\/wp\/v2\/pages"}],"about":[{"href":"https:\/\/simbarcelona.es\/ca\/wp-json\/wp\/v2\/types\/page"}],"author":[{"embeddable":true,"href":"https:\/\/simbarcelona.es\/ca\/wp-json\/wp\/v2\/users\/1"}],"replies":[{"embeddable":true,"href":"https:\/\/simbarcelona.es\/ca\/wp-json\/wp\/v2\/comments?post=2687"}],"version-history":[{"count":0,"href":"https:\/\/simbarcelona.es\/ca\/wp-json\/wp\/v2\/pages\/2687\/revisions"}],"wp:attachment":[{"href":"https:\/\/simbarcelona.es\/ca\/wp-json\/wp\/v2\/media?parent=2687"}],"curies":[{"name":"wp","href":"https:\/\/api.w.org\/{rel}","templated":true}]}}