{"id":2225,"date":"2019-09-05T08:43:56","date_gmt":"2019-09-05T06:43:56","guid":{"rendered":"https:\/\/simbarcelona.indianwebs.es\/?page_id=2225"},"modified":"2024-06-16T00:16:26","modified_gmt":"2024-06-15T22:16:26","slug":"home","status":"publish","type":"page","link":"https:\/\/simbarcelona.es\/fr\/","title":{"rendered":"Accueil"},"content":{"rendered":"<div>\n<p>    <img decoding=\"async\" src=\"\/wp-content\/uploads\/2023\/08\/it-services-02.jpg\" alt=\"\"><\/p>\n<h3>Rapidit\u00e9 et S\u00e9curit\u00e9 avec SIM Barcelona<\/h3>\n<p>Installation, r\u00e9paration et maintenance d&rsquo;outils informatiques et multim\u00e9dias<\/p>\n<div>\n<div class=\"uk-flex-middle uk-child-width-auto uk-flex-center uk-grid\" uk-grid=\"\">\n<div class=\"el-item uk-first-column\"><a class=\"el-content uk-button uk-button-primary\" href=\"\/fr\/contact-sim-barcelona-it-support-barcelona\/\">DEVIS GRATUIT<\/a><\/div>\n<div class=\"el-item\"><a class=\"el-content uk-button uk-button-default\" href=\"#js-f204\" uk-toggle=\"\" role=\"button\">PRENEZ CONTACT AVEC NOUS <\/a><\/div>\n<\/div>\n<\/div>\n<\/div>\n<div>\n<p>Votre ordinateur est en panne, vous rencontrez des probl\u00e8mes de connexion internet ou vous avez besoin de conseils pour l&rsquo;achat de mat\u00e9riel ou de logiciels ? SIM Barcelona propose ses services aux particuliers et aux professionnels de Barcelone et ses environs pour r\u00e9pondre \u00e0 toutes les probl\u00e9matiques informatiques et de connectivit\u00e9 de vos \u00e9quipements multim\u00e9dia.<\/p>\n<\/div>\n<h1>\n<p>Notre travail<\/p>\n<p>R\u00e9paration et assistance informatique \u00e0 Barcelone pour entreprises et particuliers<\/p>\n<\/h1>\n<div>\n<p>Notre objectif est de vous aider au quotidien avec votre mat\u00e9riel informatique et multim\u00e9dia, en garantissant la protection de votre mat\u00e9riel sans que vous ayez \u00e0 vous soucier de quoi que ce soit.<\/p>\n<\/div>\n<ul>\n<li>\n<p>        <img decoding=\"async\" src=\"\/wp-content\/uploads\/2023\/08\/herramientas.svg\" alt=\"\"><\/p>\n<h3>R\u00e9paration d&rsquo;ordinateurs \/ Support et solutions informatiques<\/h3>\n<\/li>\n<li>\n<p>        <img decoding=\"async\" src=\"\/wp-content\/uploads\/2023\/08\/nube.svg\" alt=\"\"><\/p>\n<h3>Maintenance des syst\u00e8mes et r\u00e9seaux<\/h3>\n<\/li>\n<li>\n<p>        <img decoding=\"async\" src=\"\/wp-content\/uploads\/2023\/08\/capas.svg\" alt=\"\"><\/p>\n<h3>Audit et conseil informatique pour les entreprises<\/h3>\n<\/li>\n<li>\n<p>        <img decoding=\"async\" src=\"\/wp-content\/uploads\/2023\/08\/red.svg\" alt=\"\"><\/p>\n<h3>Assistance multim\u00e9dia : connexion internet et p\u00e9riph\u00e9riques<\/h3>\n<\/li>\n<li>\n<p>        <img decoding=\"async\" src=\"\/wp-content\/uploads\/2023\/08\/ordenador.svg\" alt=\"\"><\/p>\n<h3>Installation, configuration et programmation<\/h3>\n<\/li>\n<li>\n<p>        <img decoding=\"async\" src=\"\/wp-content\/uploads\/2023\/08\/hdd.svg\" alt=\"\"><\/p>\n<h3>Nettoyage informatique, protection et sauvegarde des donn\u00e9es<\/h3>\n<\/li>\n<\/ul>\n<div>\n<p>        <img decoding=\"async\" src=\"\/wp-content\/uploads\/2023\/08\/apple-business-computer-4158-2-scaled.jpg\" alt=\"\"><\/p>\n<h3>D\u00e9couvrez la flexibilit\u00e9 de nos services : nos techniciens se d\u00e9placent directement chez vous ou dans vos locaux. Pour plus de commodit\u00e9, nous vous accueillons \u00e9galement dans nos bureaux sur rendez-vous. Et pour encore plus de facilit\u00e9, profitez de notre t\u00e9l\u00e9assistance pour une aide instantan\u00e9e, o\u00f9 que vous soyez.<\/h3>\n<div>\n<ul>\n<li>\n<p>D\u00e9placements \u00e0 Barcelone et ses environs : dans un rayon maximum de 50 km.<\/p>\n<\/li>\n<li>\n<p>T\u00e9l\u00e9assistance : peu importe o\u00f9 vous vous trouvez \u2013 au bureau, en t\u00e9l\u00e9travail \u00e0 domicile, ou m\u00eame en vacances \u00e0 l\u2019autre bout du monde \u2013 nous sommes l\u00e0 pour vous aider.<\/p>\n<\/li>\n<\/ul>\n<\/div>\n<p><a href=\"\/contacto-sim-barcelona-soporte-informatico-barcelona\/\">FAITES CONFIANCE \u00c0 UN EXPERT !<\/a><\/p>\n<\/div>\n<div>\n<p>        <img decoding=\"async\" src=\"\/wp-content\/uploads\/2023\/08\/it-services-03.png\" alt=\"\"><\/p>\n<h3>Nous nous occupons de tous types d&rsquo;appareils \u00e9lectroniques et de tous les syst\u00e8mes d&rsquo;exploitation<\/h3>\n<div>\n<ul>\n<li><strong>Syst\u00e8mes d&rsquo;exploitation<\/strong> : Windows, Mac OS, Linux, Windows Phone, iOS, Android<\/li>\n<li><strong>Appareils<\/strong> : PC, Mac, tablette, t\u00e9l\u00e9phone portable, imprimante, t\u00e9l\u00e9vision, modem et routeur internet, antenne parabolique, console de jeux vid\u00e9o, home cin\u00e9ma, mp3, t\u00e9l\u00e9phonie VOIP, GPS, appareil photo, cam\u00e9ra IP et vid\u00e9osurveillance toutes marques<\/li>\n<\/ul>\n<\/div>\n<p><a href=\"\/contacto-sim-barcelona-soporte-informatico-barcelona\/\">DEVIS GRATUIT<\/a><\/p>\n<\/div>\n<h1>\n<p>SIM Barcelona, \u200b\u200bune solution experte et efficace \u00e0 vos probl\u00e8mes informatiques<\/p>\n<\/h1>\n<ul>\n<li>\n<p>        <img decoding=\"async\" src=\"\/wp-content\/uploads\/2023\/08\/candado.svg\" alt=\"\"><\/p>\n<h3>Service professionnel<\/h3>\n<\/li>\n<li>\n<p>        <img decoding=\"async\" src=\"\/wp-content\/uploads\/2023\/08\/herramientas.svg\" alt=\"\"><\/p>\n<h3>Des prestations sur mesure<\/h3>\n<\/li>\n<li>\n<p>        <img decoding=\"async\" src=\"\/wp-content\/uploads\/2023\/08\/salvavidas.svg\" alt=\"\"><\/p>\n<h3>Rapidit\u00e9 d&rsquo;intervention<\/h3>\n<\/li>\n<li>\n<p>        <img decoding=\"async\" src=\"\/wp-content\/uploads\/2023\/08\/nube-real.svg\" alt=\"\"><\/p>\n<h3>Anticipation des besoins futurs<\/h3>\n<\/li>\n<\/ul>\n<h1>\n<p>T\u00e9moignages de clients SIM Barcelone<\/p>\n<\/h1>\n<ul>\n<li>\n<p>Alice<\/p>\n<div>\n<blockquote>\n<p>Tr\u00e8s professionnel, efficace et super sympa.<br \/>Mon iPhone X ne s&rsquo;allumait plus et j&rsquo;avais peur de perdre toutes mes donn\u00e9es. L&rsquo;\u00e9cran \u00e9tait verrouill\u00e9 sur le logo Apple. J&rsquo;ai appel\u00e9 SIM BARCELONA et il a imm\u00e9diatement travaill\u00e9 dessus. Mon probl\u00e8me a \u00e9t\u00e9 r\u00e9solu rapidement et gr\u00e2ce \u00e0 cela je n&rsquo;ai perdu aucune de mes donn\u00e9es. Je suis extr\u00eamement satisfait et heureux. Je le recommanderais \u00e0 tout le monde<\/p>\n<\/blockquote>\n<\/div>\n<\/li>\n<li>\n<p>Viviane<\/p>\n<div>\n<blockquote>\n<p>J&rsquo;ai \u00e9t\u00e9 tr\u00e8s bien servi et en un temps record. Prestation de haute qualit\u00e9.<br \/>L&#8217;empathie et l&rsquo;innovation caract\u00e9risent cette entreprise. Je recommande votre service \u00e0 tout le monde.<\/p>\n<\/blockquote>\n<\/div>\n<\/li>\n<li>\n<p>Fortunat<\/p>\n<div>\n<blockquote>\n<div class=\"et_pb_testimonial_description_inner\">\n<div class=\"et_pb_testimonial_content\">\n<p>Ludovic de SIM Barcelona a su me conseiller sur les produits et offres correspondant \u00e0 mes besoins informatiques. Avec patience et professionnalisme. N&rsquo;h\u00e9sitez pas \u00e0 faire appel aux services de SIM Barcelona.<\/p>\n<\/div>\n<\/div>\n<\/blockquote>\n<\/div>\n<\/li>\n<li>\n<p>Cathy<\/p>\n<div>\n<blockquote>\n<div class=\"et_pb_testimonial_description_inner\">\n<div class=\"et_pb_testimonial_content\">\n<p>J&rsquo;avais perdu mon emploi en pleine quarantaine, j&rsquo;ai demand\u00e9 conseil \u00e0 Ludovic de Sim Barcelona pour choisir et acheter un ordinateur puissant requis dans une offre d&#8217;emploi, il m&rsquo;a dit o\u00f9 je pouvais l&rsquo;obtenir et quelques jours plus tard j&rsquo;ai commenc\u00e9 \u00e0 l&rsquo;utiliser dans mon nouveau travail! J&rsquo;ai pu installer tous les programmes de l&rsquo;entreprise et recevoir des appels \u00e0 distance sans aucun probl\u00e8me de connexion. Je le recommande comme conseiller en informatique.<\/p>\n<\/div>\n<\/div>\n<\/blockquote>\n<\/div>\n<\/li>\n<\/ul>\n<p><!--more--><br \/>\n<!-- {\"type\":\"layout\",\"children\":[{\"type\":\"section\",\"props\":{\"image_position\":\"center-center\",\"padding_remove_bottom\":true,\"padding_remove_top\":true,\"style\":\"default\",\"title_breakpoint\":\"xl\",\"title_position\":\"top-left\",\"title_rotation\":\"left\",\"vertical_align\":\"middle\",\"width\":\"\"},\"children\":[{\"type\":\"row\",\"children\":[{\"type\":\"column\",\"props\":{\"image_position\":\"center-center\",\"position_sticky_breakpoint\":\"m\"},\"children\":[{\"type\":\"slideshow\",\"props\":{\"link_style\":\"default\",\"link_text\":\"Read more\",\"margin\":\"default\",\"meta_align\":\"below-title\",\"meta_element\":\"div\",\"meta_style\":\"h4\",\"nav\":\"dotnav\",\"nav_align\":\"center\",\"nav_breakpoint\":\"s\",\"nav_position\":\"bottom-center\",\"nav_position_margin\":\"medium\",\"overlay_animation\":\"parallax\",\"overlay_position\":\"center\",\"overlay_style\":\"overlay-default\",\"show_content\":true,\"show_link\":true,\"show_meta\":true,\"show_thumbnail\":true,\"show_title\":true,\"slidenav\":\"default\",\"slidenav_breakpoint\":\"s\",\"slidenav_margin\":\"medium\",\"slidenav_outside_breakpoint\":\"xl\",\"slideshow_autoplay_pause\":true,\"slideshow_min_height\":\"600\",\"slideshow_ratio\":\"1998:611\",\"text_align\":\"center\",\"thumbnav_height\":\"75\",\"thumbnav_svg_color\":\"emphasis\",\"thumbnav_width\":\"100\",\"title_element\":\"h3\",\"title_style\":\"h2\"},\"children\":[{\"type\":\"slideshow_item\",\"props\":{\"content\":\"\n\n<div class=\\\"uk-flex-middle uk-child-width-auto uk-flex-center uk-grid\\\" uk-grid=\\\"\\\">\\n\n\n<div class=\\\"el-item uk-first-column\\\"><a class=\\\"el-content uk-button uk-button-primary\\\" href=\\\"\\\/fr\\\/contact-sim-barcelona-it-support-barcelona\\\/\\\">DEVIS GRATUIT<\\\/a><\\\/div>\\n\n\n<div class=\\\"el-item\\\"><a class=\\\"el-content uk-button uk-button-default\\\" href=\\\"#js-f204\\\" uk-toggle=\\\"\\\" role=\\\"button\\\">PRENEZ CONTACT AVEC NOUS <\\\/a><\\\/div>\\n<\\\/div>\",\"image\":\"wp-content\\\/uploads\\\/2023\\\/08\\\/it-services-02.jpg\",\"media_overlay\":\"rgba(55, 155, 218, 0.15)\",\"meta\":\"Installation, r\\u00e9paration et maintenance d'outils informatiques et multim\\u00e9dias\",\"title\":\"Rapidit\\u00e9 et S\\u00e9curit\\u00e9 avec SIM Barcelona\"}}]}]}]}]},{\"type\":\"section\",\"props\":{\"animation\":\"slide-right\",\"animation_delay\":\"100\",\"header_transparent\":\"light\",\"header_transparent_noplaceholder\":true,\"image\":\"wp-content\\\/uploads\\\/yootheme\\\/hero-bg.svg\",\"image_position\":\"bottom-center\",\"image_size\":\"cover\",\"padding_remove_bottom\":false,\"style\":\"default\",\"title_breakpoint\":\"xl\",\"title_position\":\"top-left\",\"title_rotation\":\"left\",\"vertical_align\":\"middle\",\"width\":\"xlarge\"},\"children\":[{\"type\":\"row\",\"children\":[{\"type\":\"column\",\"props\":{\"image_position\":\"center-center\",\"position_sticky_breakpoint\":\"m\"},\"children\":[{\"type\":\"text\",\"props\":{\"block_align\":\"center\",\"column_breakpoint\":\"m\",\"content\":\"\n\n<p>Votre ordinateur est en panne, vous rencontrez des probl\\u00e8mes de connexion internet ou vous avez besoin de conseils pour l'achat de mat\\u00e9riel ou de logiciels ? SIM Barcelona propose ses services aux particuliers et aux professionnels de Barcelone et ses environs pour r\\u00e9pondre \\u00e0 toutes les probl\\u00e9matiques informatiques et de connectivit\\u00e9 de vos \\u00e9quipements multim\\u00e9dia.<\\\/p>\",\"margin\":\"large\",\"maxwidth\":\"2xlarge\",\"text_align\":\"center\",\"text_style\":\"large\"}},{\"type\":\"headline\",\"props\":{\"content\":\"\n\n<p>Notre travail<br \\\/><br \\\/>R\\u00e9paration et assistance informatique \\u00e0 Barcelone pour entreprises et particuliers<\\\/p>\",\"margin\":\"medium\",\"text_align\":\"center\",\"title_element\":\"h1\",\"title_style\":\"h2\"}},{\"type\":\"text\",\"props\":{\"block_align\":\"center\",\"column_breakpoint\":\"m\",\"content\":\"\n\n<p>Notre objectif est de vous aider au quotidien avec votre mat\\u00e9riel informatique et multim\\u00e9dia, en garantissant la protection de votre mat\\u00e9riel sans que vous ayez \\u00e0 vous soucier de quoi que ce soit.<\\\/p>\",\"margin\":\"large\",\"maxwidth\":\"2xlarge\",\"text_align\":\"center\",\"text_style\":\"large\"}},{\"type\":\"grid\",\"props\":{\"content_column_breakpoint\":\"m\",\"filter_align\":\"left\",\"filter_all\":true,\"filter_grid_breakpoint\":\"m\",\"filter_grid_width\":\"auto\",\"filter_position\":\"top\",\"filter_style\":\"tab\",\"grid_default\":\"1\",\"grid_divider\":false,\"grid_masonry\":true,\"grid_medium\":\"3\",\"grid_parallax\":\"600\",\"icon_width\":\"\",\"image_align\":\"top\",\"image_grid_breakpoint\":\"m\",\"image_grid_width\":\"1-2\",\"image_height\":\"100px\",\"image_svg_color\":\"emphasis\",\"image_svg_inline\":true,\"item_animation\":true,\"link_style\":\"default\",\"link_text\":\"Read more\",\"margin\":\"default\",\"meta_align\":\"below-title\",\"meta_element\":\"div\",\"meta_style\":\"text-meta\",\"panel_padding\":\"default\",\"panel_style\":\"card-default\",\"show_content\":true,\"show_image\":true,\"show_link\":true,\"show_meta\":true,\"show_title\":true,\"text_align\":\"center\",\"title_align\":\"top\",\"title_element\":\"h3\",\"title_grid_breakpoint\":\"m\",\"title_grid_width\":\"1-2\",\"title_hover_style\":\"reset\"},\"children\":[{\"type\":\"grid_item\",\"props\":{\"image\":\"wp-content\\\/uploads\\\/2023\\\/08\\\/herramientas.svg\",\"title\":\"R\\u00e9paration d'ordinateurs \\\/ Support et solutions informatiques\"}},{\"type\":\"grid_item\",\"props\":{\"image\":\"wp-content\\\/uploads\\\/2023\\\/08\\\/nube.svg\",\"title\":\"Maintenance des syst\\u00e8mes et r\\u00e9seaux\"}},{\"type\":\"grid_item\",\"props\":{\"image\":\"wp-content\\\/uploads\\\/2023\\\/08\\\/capas.svg\",\"title\":\"Audit et conseil informatique pour les entreprises\"}},{\"type\":\"grid_item\",\"props\":{\"image\":\"wp-content\\\/uploads\\\/2023\\\/08\\\/red.svg\",\"title\":\"Assistance multim\\u00e9dia : connexion internet et p\\u00e9riph\\u00e9riques\"}},{\"type\":\"grid_item\",\"props\":{\"image\":\"wp-content\\\/uploads\\\/2023\\\/08\\\/ordenador.svg\",\"title\":\"Installation, configuration et programmation\"}},{\"type\":\"grid_item\",\"props\":{\"image\":\"wp-content\\\/uploads\\\/2023\\\/08\\\/hdd.svg\",\"title\":\"Nettoyage informatique, protection et sauvegarde des donn\\u00e9es\"}}]},{\"type\":\"panel\",\"props\":{\"content\":\"\n\n<ul>\\n\n\n<li>\\n\n\n<p>D\\u00e9placements \\u00e0 Barcelone et ses environs : dans un rayon maximum de 50 km.<\\\/p>\\n<\\\/li>\\n\n\n<li>\\n\n\n<p>T\\u00e9l\\u00e9assistance : peu importe o\\u00f9 vous vous trouvez \\u2013 au bureau, en t\\u00e9l\\u00e9travail \\u00e0 domicile, ou m\\u00eame en vacances \\u00e0 l\\u2019autre bout du monde \\u2013 nous sommes l\\u00e0 pour vous aider.<\\\/p>\\n<\\\/li>\\n<\\\/ul>\",\"content_column_breakpoint\":\"m\",\"icon_width\":80,\"image\":\"wp-content\\\/uploads\\\/2023\\\/08\\\/apple-business-computer-4158-2-scaled.jpg\",\"image_align\":\"right\",\"image_grid_breakpoint\":\"m\",\"image_grid_width\":\"1-2\",\"image_svg_color\":\"emphasis\",\"link\":\"contacto-sim-barcelona-soporte-informatico-barcelona\\\/\",\"link_style\":\"secondary\",\"link_text\":\"FAITES CONFIANCE \\u00c0 UN EXPERT !\",\"margin\":\"default\",\"meta_align\":\"below-title\",\"meta_element\":\"div\",\"meta_style\":\"text-meta\",\"panel_image_no_padding\":true,\"panel_padding\":\"default\",\"panel_style\":\"card-primary\",\"title\":\"D\\u00e9couvrez la flexibilit\\u00e9 de nos services : nos techniciens se d\\u00e9placent directement chez vous ou dans vos locaux. Pour plus de commodit\\u00e9, nous vous accueillons \\u00e9galement dans nos bureaux sur rendez-vous. Et pour encore plus de facilit\\u00e9, profitez de notre t\\u00e9l\\u00e9assistance pour une aide instantan\\u00e9e, o\\u00f9 que vous soyez.\",\"title_align\":\"top\",\"title_element\":\"h3\",\"title_grid_breakpoint\":\"m\",\"title_grid_width\":\"1-2\",\"title_hover_style\":\"reset\"}},{\"type\":\"panel\",\"props\":{\"content\":\"\n\n<ul>\\n\n\n<li><strong>Syst\\u00e8mes d'exploitation<\\\/strong> : Windows, Mac OS, Linux, Windows Phone, iOS, Android<\\\/li>\\n\n\n<li><strong>Appareils<\\\/strong> : PC, Mac, tablette, t\\u00e9l\\u00e9phone portable, imprimante, t\\u00e9l\\u00e9vision, modem et routeur internet, antenne parabolique, console de jeux vid\\u00e9o, home cin\\u00e9ma, mp3, t\\u00e9l\\u00e9phonie VOIP, GPS, appareil photo, cam\\u00e9ra IP et vid\\u00e9osurveillance toutes marques<\\\/li>\\n<\\\/ul>\",\"content_column_breakpoint\":\"m\",\"icon_width\":80,\"image\":\"wp-content\\\/uploads\\\/2023\\\/08\\\/it-services-03.png\",\"image_align\":\"left\",\"image_grid_breakpoint\":\"m\",\"image_grid_width\":\"1-2\",\"image_svg_color\":\"emphasis\",\"link\":\"contacto-sim-barcelona-soporte-informatico-barcelona\\\/\",\"link_style\":\"primary\",\"link_text\":\"DEVIS GRATUIT\",\"margin\":\"default\",\"meta_align\":\"below-title\",\"meta_element\":\"div\",\"meta_style\":\"text-meta\",\"panel_image_no_padding\":false,\"panel_padding\":\"default\",\"panel_style\":\"card-default\",\"title\":\"Nous nous occupons de tous types d'appareils \\u00e9lectroniques et de tous les syst\\u00e8mes d'exploitation\",\"title_align\":\"top\",\"title_element\":\"h3\",\"title_grid_breakpoint\":\"m\",\"title_grid_width\":\"1-2\",\"title_hover_style\":\"reset\"}}]}]},{\"type\":\"row\",\"props\":{\"layout\":\"1-3,2-3\"},\"children\":[{\"type\":\"column\",\"props\":{\"image_position\":\"center-center\",\"position_sticky_breakpoint\":\"m\",\"width_medium\":\"1-3\"},\"children\":[{\"type\":\"headline\",\"props\":{\"content\":\"\n\n<p>SIM Barcelona, \\u200b\\u200bune solution experte et efficace \\u00e0 vos probl\\u00e8mes informatiques<\\\/p>\",\"margin\":\"medium\",\"title_element\":\"h1\",\"title_style\":\"h2\"}}]},{\"type\":\"column\",\"props\":{\"image_position\":\"center-center\",\"position_sticky_breakpoint\":\"m\",\"width_medium\":\"2-3\"},\"children\":[{\"type\":\"grid\",\"props\":{\"content_column_breakpoint\":\"m\",\"filter_align\":\"left\",\"filter_all\":true,\"filter_grid_breakpoint\":\"m\",\"filter_grid_width\":\"auto\",\"filter_position\":\"top\",\"filter_style\":\"tab\",\"grid_default\":\"1\",\"grid_divider\":false,\"grid_masonry\":true,\"grid_medium\":\"2\",\"grid_parallax\":\"300\",\"icon_width\":\"\",\"image_align\":\"top\",\"image_grid_breakpoint\":\"m\",\"image_grid_width\":\"1-2\",\"image_height\":\"100px\",\"image_svg_color\":\"emphasis\",\"image_svg_inline\":true,\"item_animation\":true,\"link_style\":\"default\",\"link_text\":\"Read more\",\"margin\":\"default\",\"meta_align\":\"below-title\",\"meta_element\":\"div\",\"meta_style\":\"text-meta\",\"panel_padding\":\"default\",\"panel_style\":\"card-primary\",\"show_content\":true,\"show_image\":true,\"show_link\":true,\"show_meta\":true,\"show_title\":true,\"text_align\":\"center\",\"title_align\":\"top\",\"title_element\":\"h3\",\"title_grid_breakpoint\":\"m\",\"title_grid_width\":\"1-2\",\"title_hover_style\":\"reset\"},\"children\":[{\"type\":\"grid_item\",\"props\":{\"image\":\"wp-content\\\/uploads\\\/2023\\\/08\\\/candado.svg\",\"title\":\"Service professionnel\"}},{\"type\":\"grid_item\",\"props\":{\"image\":\"wp-content\\\/uploads\\\/2023\\\/08\\\/herramientas.svg\",\"title\":\"Des prestations sur mesure\"}},{\"type\":\"grid_item\",\"props\":{\"image\":\"wp-content\\\/uploads\\\/2023\\\/08\\\/salvavidas.svg\",\"title\":\"Rapidit\\u00e9 d'intervention\"}},{\"type\":\"grid_item\",\"props\":{\"image\":\"wp-content\\\/uploads\\\/2023\\\/08\\\/nube-real.svg\",\"title\":\"Anticipation des besoins futurs\"}}]}]}]},{\"type\":\"row\",\"children\":[{\"type\":\"column\",\"props\":{\"image_position\":\"center-center\",\"position_sticky_breakpoint\":\"m\"},\"children\":[{\"type\":\"headline\",\"props\":{\"content\":\"\n\n<p>T\\u00e9moignages de clients SIM Barcelone<\\\/p>\",\"margin\":\"medium\",\"text_align\":\"center\",\"title_element\":\"h1\",\"title_style\":\"h2\"}},{\"type\":\"grid\",\"props\":{\"content_column_breakpoint\":\"m\",\"filter_align\":\"left\",\"filter_all\":true,\"filter_grid_breakpoint\":\"m\",\"filter_grid_width\":\"auto\",\"filter_position\":\"top\",\"filter_style\":\"tab\",\"grid_default\":\"1\",\"grid_divider\":false,\"grid_masonry\":true,\"grid_medium\":\"2\",\"grid_parallax\":\"0\",\"icon_width\":\"\",\"image_align\":\"top\",\"image_grid_breakpoint\":\"m\",\"image_grid_width\":\"1-2\",\"image_height\":\"100px\",\"image_svg_color\":\"emphasis\",\"image_svg_inline\":true,\"item_animation\":true,\"link_style\":\"default\",\"link_text\":\"Read more\",\"margin\":\"default\",\"meta_align\":\"below-title\",\"meta_element\":\"div\",\"meta_style\":\"text-meta\",\"panel_padding\":\"default\",\"panel_style\":\"card-secondary\",\"show_content\":true,\"show_image\":true,\"show_link\":true,\"show_meta\":true,\"show_title\":true,\"text_align\":\"center\",\"title_align\":\"top\",\"title_element\":\"h3\",\"title_grid_breakpoint\":\"m\",\"title_grid_width\":\"1-2\",\"title_hover_style\":\"reset\"},\"children\":[{\"type\":\"grid_item\",\"props\":{\"content\":\"\n\n<blockquote>\\n\n\n<p>Tr\\u00e8s professionnel, efficace et super sympa.<br \\\/>Mon iPhone X ne s'allumait plus et j'avais peur de perdre toutes mes donn\\u00e9es. L'\\u00e9cran \\u00e9tait verrouill\\u00e9 sur le logo Apple. J'ai appel\\u00e9 SIM BARCELONA et il a imm\\u00e9diatement travaill\\u00e9 dessus. Mon probl\\u00e8me a \\u00e9t\\u00e9 r\\u00e9solu rapidement et gr\\u00e2ce \\u00e0 cela je n'ai perdu aucune de mes donn\\u00e9es. Je suis extr\\u00eamement satisfait et heureux. Je le recommanderais \\u00e0 tout le monde<\\\/p>\\n<\\\/blockquote>\",\"image\":\"\",\"meta\":\"Alice\",\"title\":\"\"}},{\"type\":\"grid_item\",\"props\":{\"content\":\"\n\n<blockquote>\\n\n\n<p>J'ai \\u00e9t\\u00e9 tr\\u00e8s bien servi et en un temps record. Prestation de haute qualit\\u00e9.<br \\\/>L'empathie et l'innovation caract\\u00e9risent cette entreprise. Je recommande votre service \\u00e0 tout le monde.<\\\/p>\\n<\\\/blockquote>\",\"image\":\"\",\"meta\":\"Viviane\",\"title\":\"\"}},{\"type\":\"grid_item\",\"props\":{\"content\":\"\n\n<blockquote>\\n\n\n<div class=\\\"et_pb_testimonial_description_inner\\\">\\n\n\n<div class=\\\"et_pb_testimonial_content\\\">\\n\n\n<p>Ludovic de SIM Barcelona a su me conseiller sur les produits et offres correspondant \\u00e0 mes besoins informatiques. Avec patience et professionnalisme. N'h\\u00e9sitez pas \\u00e0 faire appel aux services de SIM Barcelona.<\\\/p>\\n<\\\/div>\\n<\\\/div>\\n<\\\/blockquote>\",\"image\":\"\",\"meta\":\"Fortunat\",\"title\":\"\"}},{\"type\":\"grid_item\",\"props\":{\"content\":\"\n\n<blockquote>\\n\n\n<div class=\\\"et_pb_testimonial_description_inner\\\">\\n\n\n<div class=\\\"et_pb_testimonial_content\\\">\\n\n\n<p>J'avais perdu mon emploi en pleine quarantaine, j'ai demand\\u00e9 conseil \\u00e0 Ludovic de Sim Barcelona pour choisir et acheter un ordinateur puissant requis dans une offre d'emploi, il m'a dit o\\u00f9 je pouvais l'obtenir et quelques jours plus tard j'ai commenc\\u00e9 \\u00e0 l'utiliser dans mon nouveau travail! J'ai pu installer tous les programmes de l'entreprise et recevoir des appels \\u00e0 distance sans aucun probl\\u00e8me de connexion. Je le recommande comme conseiller en informatique.<\\\/p>\\n<\\\/div>\\n<\\\/div>\\n<\\\/blockquote>\",\"image\":\"\",\"meta\":\"Cathy\",\"title\":\"\"}}]}]}]}],\"name\":\"Hero\"}],\"version\":\"4.0.13\"} --><\/p>\n","protected":false},"excerpt":{"rendered":"<p>Rapidit\u00e9 et S\u00e9curit\u00e9 avec SIM Barcelona Installation, r\u00e9paration et maintenance d&rsquo;outils informatiques et multim\u00e9dias DEVIS GRATUIT PRENEZ CONTACT AVEC NOUS Votre ordinateur est en panne, vous rencontrez des probl\u00e8mes de connexion internet ou vous avez besoin de conseils pour l&rsquo;achat de mat\u00e9riel ou de logiciels ? SIM Barcelona propose ses services aux particuliers et aux [&hellip;]<\/p>\n","protected":false},"author":1,"featured_media":0,"parent":0,"menu_order":11,"comment_status":"closed","ping_status":"closed","template":"","meta":{"footnotes":""},"class_list":["post-2225","page","type-page","status-publish","hentry"],"acf":[],"_links":{"self":[{"href":"https:\/\/simbarcelona.es\/fr\/wp-json\/wp\/v2\/pages\/2225","targetHints":{"allow":["GET"]}}],"collection":[{"href":"https:\/\/simbarcelona.es\/fr\/wp-json\/wp\/v2\/pages"}],"about":[{"href":"https:\/\/simbarcelona.es\/fr\/wp-json\/wp\/v2\/types\/page"}],"author":[{"embeddable":true,"href":"https:\/\/simbarcelona.es\/fr\/wp-json\/wp\/v2\/users\/1"}],"replies":[{"embeddable":true,"href":"https:\/\/simbarcelona.es\/fr\/wp-json\/wp\/v2\/comments?post=2225"}],"version-history":[{"count":0,"href":"https:\/\/simbarcelona.es\/fr\/wp-json\/wp\/v2\/pages\/2225\/revisions"}],"wp:attachment":[{"href":"https:\/\/simbarcelona.es\/fr\/wp-json\/wp\/v2\/media?parent=2225"}],"curies":[{"name":"wp","href":"https:\/\/api.w.org\/{rel}","templated":true}]}}