{"id":2658,"date":"2023-08-24T08:18:21","date_gmt":"2023-08-24T06:18:21","guid":{"rendered":"https:\/\/simbarcelona.indianwebs.es\/?page_id=2658"},"modified":"2024-06-16T01:23:09","modified_gmt":"2024-06-15T23:23:09","slug":"qui-sommes-nous","status":"publish","type":"page","link":"https:\/\/simbarcelona.es\/fr\/qui-sommes-nous\/","title":{"rendered":"Qui sommes-nous ?"},"content":{"rendered":"<div>\n<p>    <img decoding=\"async\" src=\"\/wp-content\/uploads\/2023\/09\/assistance-informatique-particuliers-sim-barcelona.png\" alt=\"\"><\/p>\n<h3>Qui sommes-nous ?<\/h3>\n<p>R\u00e9paration, assistance et maintenance informatique Barcelone<\/p>\n<div>\n<div class=\"uk-flex-middle uk-child-width-auto uk-flex-center uk-grid\" uk-grid=\"\">\n<div class=\"el-item uk-first-column\"><a class=\"el-content uk-button uk-button-primary\" href=\"\/contacto-sim-barcelona-soporte-informatico-barcelona\/\">DEVIS GRATUIT<\/a><\/div>\n<div class=\"el-item\"><a class=\"el-content uk-button uk-button-default\" href=\"#js-f204\" uk-toggle=\"\" role=\"button\">NOUS CONTACTER<\/a><\/div>\n<\/div>\n<\/div>\n<\/div>\n<h1>\n<p>Plus de 25 ans d&rsquo;exp\u00e9rience<\/p>\n<\/h1>\n<div>\n<p>SIM Barcelona est une entreprise qui fournit des services informatiques et multim\u00e9dias aux particuliers et aux professionnels de Barcelone et des environs.<br \/>Nous sommes sp\u00e9cialis\u00e9s dans la r\u00e9paration, l&rsquo;assistance et la maintenance d&rsquo;ordinateurs.<\/p>\n<\/div>\n<ul>\n<li>\n<h2 class=\"uk-margin-remove\">\n\t\t        <span>3<span><\/p>\n<p>\t\t\t<span>\/<span><\/p>\n<p>\t\t\t<span>100<span><br \/>\n\t    <\/h2>\n<h3 class=\"uk-margin-remove\">Les experts<\/h3>\n<\/li>\n<li>\n<h2 class=\"uk-margin-remove\">\n\t\t        <span>25<span><\/p>\n<p>\t\t\t<span>\/<span><\/p>\n<p>\t\t\t<span>100<span><br \/>\n\t    <\/h2>\n<h3 class=\"uk-margin-remove\">Ann\u00e9es d&rsquo;exp\u00e9rience<\/h3>\n<\/li>\n<li>\n<h2 class=\"uk-margin-remove\">\n\t\t        <span>2000<span><\/p>\n<p>\t\t\t<span>\/<span><\/p>\n<p>\t\t\t<span>2000<span><br \/>\n\t    <\/h2>\n<h3 class=\"uk-margin-remove\">Projets<\/h3>\n<\/li>\n<\/ul>\n<div>\n<p>        <img decoding=\"async\" src=\"\/wp-content\/uploads\/2023\/09\/depannage-informatique-sim-barcelona.png\" alt=\"\"><\/p>\n<div>\n<p>Nos techniciens sont polyvalents et communicatifs et sont capables de r\u00e9soudre une panne de Mac ou de PC, de r\u00e9parer un ordinateur portable, une unit\u00e9 centrale ou de vous aider avec n&rsquo;importe quel mat\u00e9riel \u00e9lectronique ou informatique.<\/p>\n<p><strong>Vous achetez un \u00e9quipement multim\u00e9dia et vous avez besoin de conseils ?<\/strong><\/p>\n<p>Nous serons heureux de partager avec vous notre connaissance des derni\u00e8res innovations technologiques. Et si vous avez besoin d&rsquo;un peu plus d&rsquo;aide, SIM Barcelona se charge \u00e9galement de l&rsquo;installation, de la configuration et de la connexion de votre mat\u00e9riel informatique.<\/p>\n<p>Gagnez du temps et de la s\u00e9r\u00e9nit\u00e9, vous \u00eates entre les mains des meilleurs techniciens de Barcelone !<\/p>\n<\/div>\n<p><a href=\"\/fr\/tarifs-sim-barcelona-assistance-et-services-informatiques\/\">TARIFS<\/a><\/p>\n<\/div>\n<div>\n<p>        <img decoding=\"async\" src=\"\/wp-content\/uploads\/2023\/09\/Formacion-2-1-1-scaled.jpg\" alt=\"\"><\/p>\n<h3>SIM Barcelona, votre service informatique \u00e0 Barcelone<\/h3>\n<div>\n<div class=\"et_pb_module et_pb_text et_pb_text_4  et_pb_text_align_left et_pb_bg_layout_light\">\n<div class=\"et_pb_text_inner\">\n<p>Pour les professionnels, notre service d&rsquo;assistance informatique offre la possibilit\u00e9 de disposer d&rsquo;un personnel de haut niveau et des meilleures technologies au meilleur prix. Vous pouvez ainsi profiter des avantages de pouvoir compter sur une \u00e9quipe sp\u00e9cialis\u00e9e et sur les meilleures proc\u00e9dures du secteur, sans perdre la flexibilit\u00e9 dans le fonctionnement de votre entreprise. En confiant \u00e0 SIM Barcelona la gestion et la maintenance informatique de votre entreprise, vous pourrez vous concentrer sur le d\u00e9veloppement et la croissance de votre entreprise en toute s\u00e9r\u00e9nit\u00e9.<\/p>\n<\/div>\n<\/div>\n<\/div>\n<p><a href=\"\/fr\/services-professionnels-dassistance-informatique\/\">SERVICES AUX ENTREPRISES<\/a><\/p>\n<\/div>\n<div>\n<p>        <img decoding=\"async\" src=\"\/wp-content\/uploads\/2023\/09\/arc-1936510_1920-2.jpg\" alt=\"\"><\/p>\n<h3>\u00c9tendue des travaux d&rsquo;assistance et de maintenance informatique<\/h3>\n<div>\n<p>Notre \u00e9quipe de r\u00e9paration d&rsquo;ordinateurs, en entreprise ou \u00e0 domicile, se d\u00e9place dans la ville et la province de Barcelone, dans des endroits tels que L&rsquo;Hospitalet, Sant Just Desvern ou San Cugat del Vall\u00e8s. En fonction de la panne, nous proposons \u00e9galement un service d&rsquo;assistance informatique \u00e0 distance.<\/p>\n<p>Notre personnel parle espagnol, catalan, anglais et fran\u00e7ais. Vous ne serez donc pas perdu au moment de suivre leurs explications.<\/p>\n<\/div>\n<p><a href=\"\/fr\/contact-sim-barcelona-it-support-barcelona\/\">DEVIS GRATUIT<\/a><\/p>\n<\/div>\n<h1>\n<p>L&rsquo;\u00e9quipe SIM Barcelone<\/p>\n<\/h1>\n<ul>\n<li>\n<p>        <img decoding=\"async\" src=\"\/wp-content\/uploads\/2023\/09\/Ludovic-Julian-Laboury-CEO-sim-Barcelona-1.png\" alt=\"\"><\/p>\n<h3>Juli\u00e1n Laboury<\/h3>\n<p>CEO &#8211; Expert hardware &#038; software<\/p>\n<div>\n<p>\u00ab\u00a0L&rsquo;informatique est ma passion. Les gens sont ma priorit\u00e9. La vitesse et la s\u00e9curit\u00e9 sont mon engagement\u00a0\u00bb.<\/p>\n<\/div>\n<\/li>\n<li>\n<p>        <img decoding=\"async\" src=\"\/wp-content\/uploads\/2023\/09\/Harold-Albors-expert-sim-barcelona-1.png\" alt=\"\"><\/p>\n<h3>Harold Albors Romero<\/h3>\n<p>Sp\u00e9cialiste des r\u00e9seaux<\/p>\n<div>\n<p>\u00ab\u00a0Passionn\u00e9 par les nouvelles technologies et l&rsquo;informatique, avec plus de 25 ans d&rsquo;exp\u00e9rience dans le secteur et toujours en train d&rsquo;apprendre&#8230;\u00a0\u00bb<\/p>\n<\/div>\n<\/li>\n<li>\n<p>        <img decoding=\"async\" src=\"\/wp-content\/uploads\/2023\/09\/Christian-Ravohangy-experto-sim-barcelona-1.png\" alt=\"\"><\/p>\n<h3>Christian Ravohangy<\/h3>\n<p>Technicien hardware &#038; software<\/p>\n<div>\n<div class=\"et_pb_row et_pb_row_7\">\n<div class=\"et_pb_column et_pb_column_1_3 et_pb_column_16  et_pb_css_mix_blend_mode_passthrough et-last-child\">\n<div class=\"et_pb_module et_pb_blurb et_pb_blurb_3  et_pb_text_align_left  et_pb_blurb_position_top et_pb_bg_layout_light\">\n<div class=\"et_pb_blurb_content\">\n<div class=\"et_pb_blurb_container\">\n<div class=\"et_pb_blurb_description\">\n<p>\u00ab\u00a0J&rsquo;ai essay\u00e9 l&rsquo;informatique pour la premi\u00e8re fois \u00e0 l&rsquo;\u00e2ge de 10 ans. Ce qui \u00e9tait un hobby s&rsquo;est transform\u00e9 en une passion, une formation et est devenu mon m\u00e9tier\u00a0\u00bb.<\/p>\n<\/div>\n<\/div>\n<\/div>\n<\/div>\n<\/div>\n<\/div>\n<\/div>\n<\/li>\n<\/ul>\n<p>\n    <a href=\"\/contacto-sim-barcelona-soporte-informatico-barcelona\/\">FAITES CONFIANCE \u00c0 UN EXPERT !<\/a>\n<\/p>\n<p><!--more--><br \/>\n<!-- {\"type\":\"layout\",\"children\":[{\"type\":\"section\",\"props\":{\"image_position\":\"center-center\",\"padding_remove_bottom\":true,\"padding_remove_top\":true,\"style\":\"default\",\"title_breakpoint\":\"xl\",\"title_position\":\"top-left\",\"title_rotation\":\"left\",\"vertical_align\":\"middle\",\"width\":\"\"},\"children\":[{\"type\":\"row\",\"children\":[{\"type\":\"column\",\"props\":{\"image_position\":\"center-center\",\"position_sticky_breakpoint\":\"m\"},\"children\":[{\"type\":\"slideshow\",\"props\":{\"link_style\":\"default\",\"link_text\":\"Read more\",\"margin\":\"default\",\"meta_align\":\"below-title\",\"meta_element\":\"div\",\"meta_style\":\"h4\",\"nav\":\"dotnav\",\"nav_align\":\"center\",\"nav_breakpoint\":\"s\",\"nav_position\":\"bottom-center\",\"nav_position_margin\":\"medium\",\"overlay_animation\":\"parallax\",\"overlay_position\":\"center\",\"overlay_style\":\"overlay-default\",\"show_content\":true,\"show_link\":true,\"show_meta\":true,\"show_thumbnail\":true,\"show_title\":true,\"slidenav\":\"default\",\"slidenav_breakpoint\":\"s\",\"slidenav_margin\":\"medium\",\"slidenav_outside_breakpoint\":\"xl\",\"slideshow_autoplay_pause\":true,\"slideshow_min_height\":300,\"slideshow_ratio\":\"1998:611\",\"text_align\":\"center\",\"thumbnav_height\":\"75\",\"thumbnav_svg_color\":\"emphasis\",\"thumbnav_width\":\"100\",\"title_element\":\"h3\",\"title_style\":\"h2\"},\"children\":[{\"type\":\"slideshow_item\",\"props\":{\"content\":\"\n\n<div class=\\\"uk-flex-middle uk-child-width-auto uk-flex-center uk-grid\\\" uk-grid=\\\"\\\">\\n\n\n<div class=\\\"el-item uk-first-column\\\"><a class=\\\"el-content uk-button uk-button-primary\\\" href=\\\"\\\/contacto-sim-barcelona-soporte-informatico-barcelona\\\/\\\">DEVIS GRATUIT<\\\/a><\\\/div>\\n\n\n<div class=\\\"el-item\\\"><a class=\\\"el-content uk-button uk-button-default\\\" href=\\\"#js-f204\\\" uk-toggle=\\\"\\\" role=\\\"button\\\">NOUS CONTACTER<\\\/a><\\\/div>\\n<\\\/div>\",\"image\":\"wp-content\\\/uploads\\\/2023\\\/09\\\/assistance-informatique-particuliers-sim-barcelona.png\",\"media_overlay\":\"rgba(55, 155, 218, 0.15)\",\"meta\":\"R\\u00e9paration, assistance et maintenance informatique Barcelone\",\"title\":\"Qui sommes-nous ?\"}}]}]}]}]},{\"type\":\"section\",\"props\":{\"animation\":\"slide-right\",\"animation_delay\":\"100\",\"header_transparent\":\"light\",\"header_transparent_noplaceholder\":true,\"image\":\"wp-content\\\/uploads\\\/yootheme\\\/hero-bg.svg\",\"image_position\":\"bottom-center\",\"image_size\":\"cover\",\"padding_remove_bottom\":false,\"style\":\"default\",\"title_breakpoint\":\"xl\",\"title_position\":\"top-left\",\"title_rotation\":\"left\",\"vertical_align\":\"middle\",\"width\":\"xlarge\"},\"children\":[{\"type\":\"row\",\"children\":[{\"type\":\"column\",\"props\":{\"image_position\":\"center-center\",\"position_sticky_breakpoint\":\"m\"},\"children\":[{\"type\":\"headline\",\"props\":{\"content\":\"\n\n<p>Plus de 25 ans d'exp\\u00e9rience<\\\/p>\",\"margin\":\"medium\",\"text_align\":\"center\",\"title_element\":\"h1\",\"title_style\":\"h2\"}},{\"type\":\"text\",\"props\":{\"block_align\":\"center\",\"column_breakpoint\":\"m\",\"content\":\"\n\n<p>SIM Barcelona est une entreprise qui fournit des services informatiques et multim\\u00e9dias aux particuliers et aux professionnels de Barcelone et des environs.<br \\\/>Nous sommes sp\\u00e9cialis\\u00e9s dans la r\\u00e9paration, l'assistance et la maintenance d'ordinateurs.<\\\/p>\",\"margin\":\"\",\"maxwidth\":\"2xlarge\",\"text_align\":\"center\",\"text_style\":\"large\"}},{\"type\":\"circleprogress\",\"props\":{\"bar_align\":\"top\",\"bar_animation_duration\":\"600\",\"bar_animation_repeat\":false,\"bar_animation_scrollspy_offset\":\"100\",\"bar_animation_style\":\"linear\",\"bar_circle_color\":\"#f2f2f2\",\"bar_circle_stroke\":\"1\",\"bar_clockwise\":\"true\",\"bar_constrain\":\"false\",\"bar_da_dashes\":\"0.5\",\"bar_da_gaps\":\"4\",\"bar_font_weight\":\"400\",\"bar_format\":\"value\",\"bar_grid_breakpoint\":\"m\",\"bar_grid_width\":\"1-2\",\"bar_size\":\"180\",\"bar_start_angle\":\"0\",\"bar_text_color\":\"#999\",\"bar_text_size\":\"16\",\"bar_value_color\":\"#3696f3\",\"bar_value_stroke\":\"3\",\"bar_value_stroke_linecap\":\"butt\",\"bar_vertical_align\":true,\"block_align\":\"center\",\"content_column_breakpoint\":\"m\",\"content_limit_length\":\"80\",\"css\":\".el-item svg circle, .el-item svg path{\\n    display: none;\\n}\",\"filter_align\":\"left\",\"filter_all\":true,\"filter_grid_breakpoint\":\"m\",\"filter_grid_width\":\"auto\",\"filter_position\":\"top\",\"filter_style\":\"tab\",\"grid_default\":\"1\",\"grid_medium\":\"3\",\"item_animation\":true,\"link_style\":\"default\",\"link_text\":\"Read more\",\"margin\":\"medium\",\"margin_remove_top\":true,\"maxwidth\":\"2xlarge\",\"meta_align\":\"below-title\",\"meta_element\":\"div\",\"meta_limit_length\":\"80\",\"meta_style\":\"text-meta\",\"show_content\":true,\"show_link\":true,\"show_meta\":true,\"show_title\":true,\"text_align\":\"center\",\"title_align\":\"top\",\"title_element\":\"h3\",\"title_grid_breakpoint\":\"m\",\"title_grid_width\":\"1-2\",\"title_hover_style\":\"reset\",\"title_limit_length\":\"80\"},\"children\":[{\"type\":\"circleprogress_item\",\"props\":{\"bar_animation_duration_item\":\"3000\",\"bar_animation_style_item\":\"linear\",\"bar_clockwise_item\":\"true\",\"bar_constrain_item\":\"true\",\"bar_format_item\":\"value\",\"max\":\"100\",\"title\":\"Les experts\",\"value\":3}},{\"type\":\"circleprogress_item\",\"props\":{\"bar_animation_duration_item\":\"3000\",\"bar_animation_style_item\":\"linear\",\"bar_clockwise_item\":\"true\",\"bar_constrain_item\":\"true\",\"bar_format_item\":\"value\",\"max\":\"100\",\"title\":\"Ann\\u00e9es d'exp\\u00e9rience\",\"value\":25}},{\"type\":\"circleprogress_item\",\"props\":{\"bar_animation_duration_item\":\"3000\",\"bar_animation_style_item\":\"linear\",\"bar_clockwise_item\":\"true\",\"bar_constrain_item\":\"true\",\"bar_format_item\":\"value\",\"max\":2000,\"title\":\"Projets\",\"value\":2000}}]},{\"type\":\"panel\",\"props\":{\"content\":\"\n\n<p>Nos techniciens sont polyvalents et communicatifs et sont capables de r\\u00e9soudre une panne de Mac ou de PC, de r\\u00e9parer un ordinateur portable, une unit\\u00e9 centrale ou de vous aider avec n'importe quel mat\\u00e9riel \\u00e9lectronique ou informatique.<\\\/p>\\n\n\n<p><strong>Vous achetez un \\u00e9quipement multim\\u00e9dia et vous avez besoin de conseils ?<\\\/strong><\\\/p>\\n\n\n<p>Nous serons heureux de partager avec vous notre connaissance des derni\\u00e8res innovations technologiques. Et si vous avez besoin d'un peu plus d'aide, SIM Barcelona se charge \\u00e9galement de l'installation, de la configuration et de la connexion de votre mat\\u00e9riel informatique.<\\\/p>\\n\n\n<p>Gagnez du temps et de la s\\u00e9r\\u00e9nit\\u00e9, vous \\u00eates entre les mains des meilleurs techniciens de Barcelone !<\\\/p>\",\"content_column_breakpoint\":\"m\",\"icon_width\":80,\"image\":\"wp-content\\\/uploads\\\/2023\\\/09\\\/depannage-informatique-sim-barcelona.png\",\"image_align\":\"right\",\"image_grid_breakpoint\":\"m\",\"image_grid_width\":\"1-2\",\"image_svg_color\":\"emphasis\",\"link\":\"\\\/fr\\\/tarifs-sim-barcelona-assistance-et-services-informatiques\\\/\",\"link_style\":\"secondary\",\"link_text\":\"TARIFS\",\"margin\":\"default\",\"meta_align\":\"below-title\",\"meta_element\":\"div\",\"meta_style\":\"text-meta\",\"panel_image_no_padding\":true,\"panel_padding\":\"default\",\"panel_style\":\"card-primary\",\"title\":\"\",\"title_align\":\"top\",\"title_element\":\"h3\",\"title_grid_breakpoint\":\"m\",\"title_grid_width\":\"1-2\",\"title_hover_style\":\"reset\"}},{\"type\":\"panel\",\"props\":{\"content\":\"\n\n<div class=\\\"et_pb_module et_pb_text et_pb_text_4  et_pb_text_align_left et_pb_bg_layout_light\\\">\\n\n\n<div class=\\\"et_pb_text_inner\\\">\\n\n\n<p>Pour les professionnels, notre service d'assistance informatique offre la possibilit\\u00e9 de disposer d'un personnel de haut niveau et des meilleures technologies au meilleur prix. Vous pouvez ainsi profiter des avantages de pouvoir compter sur une \\u00e9quipe sp\\u00e9cialis\\u00e9e et sur les meilleures proc\\u00e9dures du secteur, sans perdre la flexibilit\\u00e9 dans le fonctionnement de votre entreprise. En confiant \\u00e0 SIM Barcelona la gestion et la maintenance informatique de votre entreprise, vous pourrez vous concentrer sur le d\\u00e9veloppement et la croissance de votre entreprise en toute s\\u00e9r\\u00e9nit\\u00e9.<\\\/p>\\n<\\\/div>\\n<\\\/div>\",\"content_column_breakpoint\":\"m\",\"icon_width\":80,\"image\":\"wp-content\\\/uploads\\\/2023\\\/09\\\/Formacion-2-1-1-scaled.jpg\",\"image_align\":\"left\",\"image_grid_breakpoint\":\"m\",\"image_grid_width\":\"1-2\",\"image_svg_color\":\"emphasis\",\"link\":\"\\\/fr\\\/services-professionnels-dassistance-informatique\\\/\",\"link_style\":\"primary\",\"link_text\":\"SERVICES AUX ENTREPRISES\",\"margin\":\"default\",\"meta_align\":\"below-title\",\"meta_element\":\"div\",\"meta_style\":\"text-meta\",\"panel_image_no_padding\":true,\"panel_padding\":\"default\",\"panel_style\":\"card-default\",\"title\":\"SIM Barcelona, votre service informatique \\u00e0 Barcelone\",\"title_align\":\"top\",\"title_element\":\"h3\",\"title_grid_breakpoint\":\"m\",\"title_grid_width\":\"1-2\",\"title_hover_style\":\"reset\"}},{\"type\":\"panel\",\"props\":{\"content\":\"\n\n<p>Notre \\u00e9quipe de r\\u00e9paration d'ordinateurs, en entreprise ou \\u00e0 domicile, se d\\u00e9place dans la ville et la province de Barcelone, dans des endroits tels que L'Hospitalet, Sant Just Desvern ou San Cugat del Vall\\u00e8s. En fonction de la panne, nous proposons \\u00e9galement un service d'assistance informatique \\u00e0 distance.<\\\/p>\\n\n\n<p>Notre personnel parle espagnol, catalan, anglais et fran\\u00e7ais. Vous ne serez donc pas perdu au moment de suivre leurs explications.<\\\/p>\",\"content_column_breakpoint\":\"m\",\"icon_width\":80,\"image\":\"wp-content\\\/uploads\\\/2023\\\/09\\\/arc-1936510_1920-2.jpg\",\"image_align\":\"right\",\"image_grid_breakpoint\":\"m\",\"image_grid_width\":\"1-2\",\"image_svg_color\":\"emphasis\",\"link\":\"\\\/fr\\\/contact-sim-barcelona-it-support-barcelona\\\/\",\"link_style\":\"secondary\",\"link_text\":\"DEVIS GRATUIT\",\"margin\":\"default\",\"meta_align\":\"below-title\",\"meta_element\":\"div\",\"meta_style\":\"text-meta\",\"panel_image_no_padding\":true,\"panel_padding\":\"default\",\"panel_style\":\"card-primary\",\"title\":\"\\u00c9tendue des travaux d'assistance et de maintenance informatique\",\"title_align\":\"top\",\"title_element\":\"h3\",\"title_grid_breakpoint\":\"m\",\"title_grid_width\":\"1-2\",\"title_hover_style\":\"reset\"}}]}]},{\"type\":\"row\",\"children\":[{\"type\":\"column\",\"props\":{\"image_position\":\"center-center\",\"position_sticky_breakpoint\":\"m\"},\"children\":[{\"type\":\"headline\",\"props\":{\"content\":\"\n\n<p>L'\\u00e9quipe SIM Barcelone<\\\/p>\",\"margin\":\"medium\",\"text_align\":\"center\",\"title_element\":\"h1\",\"title_style\":\"h2\"}},{\"type\":\"grid\",\"props\":{\"content_column_breakpoint\":\"m\",\"filter_align\":\"left\",\"filter_all\":true,\"filter_grid_breakpoint\":\"m\",\"filter_grid_width\":\"auto\",\"filter_position\":\"top\",\"filter_style\":\"tab\",\"grid_default\":\"1\",\"grid_divider\":false,\"grid_masonry\":true,\"grid_medium\":\"3\",\"grid_parallax\":\"0\",\"icon_width\":\"\",\"image_align\":\"top\",\"image_grid_breakpoint\":\"m\",\"image_grid_width\":\"1-2\",\"image_svg_color\":\"emphasis\",\"image_svg_inline\":true,\"item_animation\":true,\"link_style\":\"default\",\"link_text\":\"Read more\",\"margin\":\"default\",\"meta_align\":\"below-title\",\"meta_element\":\"div\",\"meta_style\":\"text-meta\",\"panel_image_no_padding\":true,\"panel_padding\":\"default\",\"panel_style\":\"card-secondary\",\"show_content\":true,\"show_image\":true,\"show_link\":true,\"show_meta\":true,\"show_title\":true,\"text_align\":\"center\",\"title_align\":\"top\",\"title_element\":\"h3\",\"title_grid_breakpoint\":\"m\",\"title_grid_width\":\"1-2\",\"title_hover_style\":\"reset\"},\"children\":[{\"type\":\"grid_item\",\"props\":{\"content\":\"\n\n<p>\\\"L'informatique est ma passion. Les gens sont ma priorit\\u00e9. La vitesse et la s\\u00e9curit\\u00e9 sont mon engagement\\\".<\\\/p>\",\"image\":\"wp-content\\\/uploads\\\/2023\\\/09\\\/Ludovic-Julian-Laboury-CEO-sim-Barcelona-1.png\",\"meta\":\"CEO - Expert hardware & software\",\"title\":\"Juli\\u00e1n Laboury\"}},{\"type\":\"grid_item\",\"props\":{\"content\":\"\n\n<p>\\\"Passionn\\u00e9 par les nouvelles technologies et l'informatique, avec plus de 25 ans d'exp\\u00e9rience dans le secteur et toujours en train d'apprendre...\\\"<\\\/p>\",\"image\":\"wp-content\\\/uploads\\\/2023\\\/09\\\/Harold-Albors-expert-sim-barcelona-1.png\",\"meta\":\"Sp\\u00e9cialiste des r\\u00e9seaux\",\"title\":\"Harold Albors Romero\"}},{\"type\":\"grid_item\",\"props\":{\"content\":\"\n\n<div class=\\\"et_pb_row et_pb_row_7\\\">\\n\n\n<div class=\\\"et_pb_column et_pb_column_1_3 et_pb_column_16  et_pb_css_mix_blend_mode_passthrough et-last-child\\\">\\n\n\n<div class=\\\"et_pb_module et_pb_blurb et_pb_blurb_3  et_pb_text_align_left  et_pb_blurb_position_top et_pb_bg_layout_light\\\">\\n\n\n<div class=\\\"et_pb_blurb_content\\\">\\n\n\n<div class=\\\"et_pb_blurb_container\\\">\\n\n\n<div class=\\\"et_pb_blurb_description\\\">\\n\n\n<p>\\\"J'ai essay\\u00e9 l'informatique pour la premi\\u00e8re fois \\u00e0 l'\\u00e2ge de 10 ans. Ce qui \\u00e9tait un hobby s'est transform\\u00e9 en une passion, une formation et est devenu mon m\\u00e9tier\\\".<\\\/p>\\n<\\\/div>\\n<\\\/div>\\n<\\\/div>\\n<\\\/div>\\n<\\\/div>\\n<\\\/div>\",\"image\":\"wp-content\\\/uploads\\\/2023\\\/09\\\/Christian-Ravohangy-experto-sim-barcelona-1.png\",\"meta\":\"Technicien hardware & software\",\"title\":\"Christian Ravohangy\"}}]},{\"type\":\"button\",\"props\":{\"grid_column_gap\":\"small\",\"grid_row_gap\":\"small\",\"margin\":\"default\",\"text_align\":\"center\"},\"children\":[{\"type\":\"button_item\",\"props\":{\"button_style\":\"default\",\"content\":\"FAITES CONFIANCE \\u00c0 UN EXPERT !\",\"icon_align\":\"left\",\"link\":\"contacto-sim-barcelona-soporte-informatico-barcelona\\\/\"}}]}]}]}],\"name\":\"Hero\"}],\"version\":\"4.0.13\"} --><\/p>\n","protected":false},"excerpt":{"rendered":"<p>Qui sommes-nous ? R\u00e9paration, assistance et maintenance informatique Barcelone DEVIS GRATUIT NOUS CONTACTER Plus de 25 ans d&rsquo;exp\u00e9rience SIM Barcelona est une entreprise qui fournit des services informatiques et multim\u00e9dias aux particuliers et aux professionnels de Barcelone et des environs.Nous sommes sp\u00e9cialis\u00e9s dans la r\u00e9paration, l&rsquo;assistance et la maintenance d&rsquo;ordinateurs. 3 \/ 100 Les experts [&hellip;]<\/p>\n","protected":false},"author":1,"featured_media":0,"parent":0,"menu_order":0,"comment_status":"closed","ping_status":"closed","template":"","meta":{"footnotes":""},"class_list":["post-2658","page","type-page","status-publish","hentry"],"acf":[],"_links":{"self":[{"href":"https:\/\/simbarcelona.es\/fr\/wp-json\/wp\/v2\/pages\/2658","targetHints":{"allow":["GET"]}}],"collection":[{"href":"https:\/\/simbarcelona.es\/fr\/wp-json\/wp\/v2\/pages"}],"about":[{"href":"https:\/\/simbarcelona.es\/fr\/wp-json\/wp\/v2\/types\/page"}],"author":[{"embeddable":true,"href":"https:\/\/simbarcelona.es\/fr\/wp-json\/wp\/v2\/users\/1"}],"replies":[{"embeddable":true,"href":"https:\/\/simbarcelona.es\/fr\/wp-json\/wp\/v2\/comments?post=2658"}],"version-history":[{"count":0,"href":"https:\/\/simbarcelona.es\/fr\/wp-json\/wp\/v2\/pages\/2658\/revisions"}],"wp:attachment":[{"href":"https:\/\/simbarcelona.es\/fr\/wp-json\/wp\/v2\/media?parent=2658"}],"curies":[{"name":"wp","href":"https:\/\/api.w.org\/{rel}","templated":true}]}}