{"id":2704,"date":"2023-08-24T08:17:05","date_gmt":"2023-08-24T06:17:05","guid":{"rendered":"https:\/\/simbarcelona.indianwebs.es\/?page_id=2704"},"modified":"2024-06-16T18:28:36","modified_gmt":"2024-06-16T16:28:36","slug":"assistance-informatique-aux-particuliers","status":"publish","type":"page","link":"https:\/\/simbarcelona.es\/fr\/assistance-informatique-aux-particuliers\/","title":{"rendered":"Assistance informatique aux particuliers"},"content":{"rendered":"<div>\n<p>    <img decoding=\"async\" src=\"\/wp-content\/uploads\/2023\/08\/assistance-informatique-aux-particuliers-sim-barcelona.png\" alt=\"\"><\/p>\n<h3>Assistance informatique aux particuliers<\/h3>\n<div>\n<div class=\"uk-flex-middle uk-child-width-auto uk-flex-center uk-grid\" uk-grid=\"\">\n<div class=\"el-item uk-first-column\"><a class=\"el-content uk-button uk-button-primary\" href=\"\/contacto-sim-barcelona-soporte-informatico-barcelona\/\">DEVIS GRATUIT<\/a><\/div>\n<div class=\"el-item\"><a class=\"el-content uk-button uk-button-default\" href=\"#js-f204\" uk-toggle=\"\" role=\"button\">NOUS CONTACTER<\/a><\/div>\n<\/div>\n<\/div>\n<\/div>\n<h1>\n<p>Pour vous, les particuliers<\/p>\n<\/h1>\n<div>\n<h3>Les outils informatiques sont devenus indispensables dans la vie de tous les jours.<\/h3>\n<p>Perdre le contenu de son disque dur peut \u00eatre une exp\u00e9rience traumatisante. C&rsquo;est pourquoi il est important de sauvegarder vos fichiers et de r\u00e9parer votre ordinateur pour \u00e9viter de vous retrouver dans une situation d\u00e9sesp\u00e9r\u00e9e.<br \/>Il n&rsquo;y a rien \u00e0 l&rsquo;\u00e9cran, le syst\u00e8me d&rsquo;exploitation ou certains programmes ne r\u00e9pondent pas, la connexion internet est d\u00e9faillante, tr\u00e8s lente ou coupe constamment ? Ne vous inqui\u00e9tez pas, ne perdez pas patience. SIM Barcelona r\u00e9sout tous vos probl\u00e8mes informatiques \u00e0 domicile ou \u00e0 distance afin que vous puissiez profiter de votre mat\u00e9riel en toute s\u00e9r\u00e9nit\u00e9.<\/p>\n<\/div>\n<h1>\n<p>Notre service d&rsquo;assistance informatique aux particuliers s&rsquo;occupe de<\/p>\n<\/h1>\n<ul>\n<li>\n<h3>R\u00e9paration de mat\u00e9riel informatique (PC ou Mac)<\/h3>\n<\/li>\n<li>\n<h3>Installation et entretien<\/h3>\n<div>\n<ul>\n<li>Installation et configuration du syst\u00e8me d&rsquo;exploitation, du courrier \u00e9lectronique, des logiciels et des outils num\u00e9riques.<\/li>\n<li>Mise \u00e0 niveau et optimisation des ordinateurs<\/li>\n<li>Protection, y compris la suppression des logiciels espions et l&rsquo;installation d&rsquo;un logiciel antivirus<\/li>\n<\/ul>\n<\/div>\n<\/li>\n<li>\n<h3>Assistance et r\u00e9paration d&rsquo;ordinateurs et de p\u00e9riph\u00e9riques multim\u00e9dia (imprimante avec scanner, \u00e9metteur wifi, smartphone, tablette&#8230;).<\/h3>\n<div>\n<ul>\n<li>Restauration du syst\u00e8me d&rsquo;exploitation<\/li>\n<li>R\u00e9cup\u00e9ration et copie de donn\u00e9es<\/li>\n<li>D\u00e9pannage de l&rsquo;internet, amplification du r\u00e9seau wifi<\/li>\n<li>Suppression des virus, des logiciels malveillants et des logiciels espions<\/li>\n<\/ul>\n<\/div>\n<\/li>\n<li>\n<h3>Transfert de donn\u00e9es entre appareils<\/h3>\n<div>\n<ul>\n<li>Nous pouvons transf\u00e9rer des donn\u00e9es d&rsquo;un appareil \u00e0 un autre (d&rsquo;un ancien appareil \u00e0 un nouveau, par exemple) ou vers un disque dur externe.<\/li>\n<li>Comme il s&rsquo;agit d&rsquo;une t\u00e2che tr\u00e8s d\u00e9licate, n&rsquo;h\u00e9sitez pas, faites confiance \u00e0 un expert !<\/li>\n<\/ul>\n<\/div>\n<\/li>\n<li>\n<h3>Formation, conseils et orientation lors de l&rsquo;achat ou de l&rsquo;apprentissage de l&rsquo;utilisation d&rsquo;outils informatiques<\/h3>\n<\/li>\n<\/ul>\n<div>\n<h3>Nos techniciens informatiques se d\u00e9placent \u00e0 votre domicile, si vous habitez \u00e0 Barcelone ou dans les environs.<\/h3>\n<p>Cependant, si vous \u00eates press\u00e9, nous offrons \u00e9galement un service de support informatique \u00e0 distance, o\u00f9 que vous soyez. Connect\u00e9 \u00e0 internet gr\u00e2ce \u00e0 un logiciel totalement s\u00e9curis\u00e9 et gratuit, notre expert peut voir votre \u00e9cran et vous aider de la mani\u00e8re la plus efficace.<\/p>\n<\/div>\n<p>\n    <a href=\"\/contacto-sim-barcelona-soporte-informatico-barcelona\/\">FAITES CONFIANCE \u00c0 UN EXPERT !<\/a>\n<\/p>\n<div>\n<p>        <img decoding=\"async\" src=\"\/wp-content\/uploads\/2023\/08\/diagnostique-assistance-informatique-sim-barcelona.png\" alt=\"\"><\/p>\n<h3>Comment fonctionne notre service de r\u00e9paration et d&rsquo;assistance informatique sur mesure ?<\/h3>\n<div>\n<ul>\n<li>Nous commen\u00e7ons par diagnostiquer votre probl\u00e8me informatique ou internet.<\/li>\n<li>Nous \u00e9tablissons rapidement un devis sur la base de la solution dont vous avez besoin.<\/li>\n<li>Selon le mode choisi, un technicien se d\u00e9place ou travaille \u00e0 distance sur votre appareil.<\/li>\n<li>Si nous ne r\u00e9solvons pas le probl\u00e8me, le service sera enti\u00e8rement gratuit. S&rsquo;il s&rsquo;agit d&rsquo;une pi\u00e8ce d\u00e9fectueuse, vous ne devrez payer que le co\u00fbt du diagnostic, 36,90 euros +TVA.<\/li>\n<\/ul>\n<\/div>\n<p><a href=\"\/fr\/contact-sim-barcelona-it-support-barcelona\/\">DEVIS<\/a><\/p>\n<\/div>\n<div>\n<p>        <img decoding=\"async\" src=\"\/wp-content\/uploads\/2023\/08\/support-informatique-particulier-et-entreprise-sim-barcelona-.png\" alt=\"\"><\/p>\n<h3>Nos engagements en mati\u00e8re d&rsquo;assistance et de r\u00e9paration informatique<\/h3>\n<div>\n<ul>\n<li>Intervention rapide de nos sp\u00e9cialistes informatiques pour que vous puissiez continuer \u00e0 utiliser vos appareils d\u00e8s que possible.<\/li>\n<li>Assistance personnalis\u00e9e en fonction de vos probl\u00e8mes informatiques<\/li>\n<li>Un service de qualit\u00e9, assur\u00e9 par des informaticiens professionnels et communicatifs.<\/li>\n<li>Des conseils judicieux pour assurer le bon fonctionnement de votre \u00e9quipement<\/li>\n<\/ul>\n<\/div>\n<p><a href=\"\/fr\/contact-sim-barcelona-it-support-barcelona\/\">DEVIS GRATUIT<\/a><\/p>\n<\/div>\n<h1>\n<p>Avis des clients de SIM Barcelona<\/p>\n<\/h1>\n<ul>\n<li>\n<p>Javier<\/p>\n<div>\n<blockquote>\n<p>J&rsquo;ai \u00e9t\u00e9 tr\u00e8s satisfait de son travail. Nous avons eu quelques probl\u00e8mes avec mon vieil ordinateur mais il a tout r\u00e9solu avec beaucoup de patience.<\/p>\n<\/blockquote>\n<\/div>\n<\/li>\n<li>\n<p>Aida<\/p>\n<div>\n<blockquote>\n<div class=\"et_pb_testimonial_description_inner\">\n<div class=\"et_pb_testimonial_content\">\n<p>Hautement recommand\u00e9 ! Fiable et efficace. Il a r\u00e9solu plusieurs probl\u00e8mes avec mon ordinateur et mon t\u00e9l\u00e9phone portable tr\u00e8s rapidement. Il m&rsquo;a \u00e9galement donn\u00e9 de tr\u00e8s bons conseils pour l&rsquo;achat de l&rsquo;ordinateur et du t\u00e9l\u00e9phone portable. Grande disponibilit\u00e9 et flexibilit\u00e9.<\/p>\n<\/div>\n<\/div>\n<\/blockquote>\n<\/div>\n<\/li>\n<li>\n<p>Viviane<\/p>\n<div>\n<blockquote>\n<div class=\"et_pb_testimonial_description_inner\">\n<div class=\"et_pb_testimonial_content\">\n<p>SIM Barcelona m&rsquo;a assist\u00e9 lors de l&rsquo;installation de logiciels et m&rsquo;a conseill\u00e9 sur les plus efficaces. Ils sont \u00e0 la pointe des technologies informatiques.<\/p>\n<p>Pour les probl\u00e8mes de covid-19 et de s\u00e9curit\u00e9, ils offrent \u00e9galement une assistance \u00e0 distance par le biais du \u00ab\u00a0Team Viewer\u00a0\u00bb pendant le processus. Cela facilite la r\u00e9solution rapide de l&rsquo;incident lorsque nous les appelons.<\/p>\n<\/div>\n<\/div>\n<\/blockquote>\n<\/div>\n<\/li>\n<\/ul>\n<p><!--more--><br \/>\n<!-- {\"type\":\"layout\",\"children\":[{\"type\":\"section\",\"props\":{\"image_position\":\"center-center\",\"padding_remove_bottom\":true,\"padding_remove_top\":true,\"style\":\"default\",\"title_breakpoint\":\"xl\",\"title_position\":\"top-left\",\"title_rotation\":\"left\",\"vertical_align\":\"middle\",\"width\":\"\"},\"children\":[{\"type\":\"row\",\"children\":[{\"type\":\"column\",\"props\":{\"image_position\":\"center-center\",\"position_sticky_breakpoint\":\"m\"},\"children\":[{\"type\":\"slideshow\",\"props\":{\"link_style\":\"default\",\"link_text\":\"Read more\",\"margin\":\"default\",\"meta_align\":\"below-title\",\"meta_element\":\"div\",\"meta_style\":\"h4\",\"nav\":\"dotnav\",\"nav_align\":\"center\",\"nav_breakpoint\":\"s\",\"nav_position\":\"bottom-center\",\"nav_position_margin\":\"medium\",\"overlay_animation\":\"parallax\",\"overlay_position\":\"center\",\"overlay_style\":\"overlay-default\",\"show_content\":true,\"show_link\":true,\"show_meta\":true,\"show_thumbnail\":true,\"show_title\":true,\"slidenav\":\"default\",\"slidenav_breakpoint\":\"s\",\"slidenav_margin\":\"medium\",\"slidenav_outside_breakpoint\":\"xl\",\"slideshow_autoplay_pause\":true,\"slideshow_min_height\":300,\"slideshow_ratio\":\"1998:611\",\"text_align\":\"center\",\"thumbnav_height\":\"75\",\"thumbnav_svg_color\":\"emphasis\",\"thumbnav_width\":\"100\",\"title_element\":\"h3\",\"title_style\":\"h2\"},\"children\":[{\"type\":\"slideshow_item\",\"props\":{\"content\":\"\n\n<div class=\\\"uk-flex-middle uk-child-width-auto uk-flex-center uk-grid\\\" uk-grid=\\\"\\\">\\n\n\n<div class=\\\"el-item uk-first-column\\\"><a class=\\\"el-content uk-button uk-button-primary\\\" href=\\\"\\\/contacto-sim-barcelona-soporte-informatico-barcelona\\\/\\\">DEVIS GRATUIT<\\\/a><\\\/div>\\n\n\n<div class=\\\"el-item\\\"><a class=\\\"el-content uk-button uk-button-default\\\" href=\\\"#js-f204\\\" uk-toggle=\\\"\\\" role=\\\"button\\\">NOUS CONTACTER<\\\/a><\\\/div>\\n<\\\/div>\",\"image\":\"wp-content\\\/uploads\\\/2023\\\/08\\\/assistance-informatique-aux-particuliers-sim-barcelona.png\",\"media_overlay\":\"rgba(14, 64, 96, 0.5)\",\"meta\":\"\",\"title\":\"Assistance informatique aux particuliers\"}}]}]}]}]},{\"type\":\"section\",\"props\":{\"animation\":\"slide-right\",\"animation_delay\":\"100\",\"header_transparent\":\"light\",\"header_transparent_noplaceholder\":true,\"image\":\"wp-content\\\/uploads\\\/yootheme\\\/hero-bg.svg\",\"image_position\":\"bottom-center\",\"image_size\":\"cover\",\"padding_remove_bottom\":false,\"style\":\"default\",\"title_breakpoint\":\"xl\",\"title_position\":\"top-left\",\"title_rotation\":\"left\",\"vertical_align\":\"middle\",\"width\":\"xlarge\"},\"children\":[{\"type\":\"row\",\"children\":[{\"type\":\"column\",\"props\":{\"image_position\":\"center-center\",\"position_sticky_breakpoint\":\"m\"},\"children\":[{\"type\":\"headline\",\"props\":{\"content\":\"\n\n<p>Pour vous, les particuliers<\\\/p>\",\"margin\":\"medium\",\"text_align\":\"center\",\"title_element\":\"h1\",\"title_style\":\"h2\"}},{\"type\":\"text\",\"props\":{\"block_align\":\"center\",\"column_breakpoint\":\"m\",\"content\":\"\n\n<h3>Les outils informatiques sont devenus indispensables dans la vie de tous les jours.<\\\/h3>\\n\n\n<p>Perdre le contenu de son disque dur peut \\u00eatre une exp\\u00e9rience traumatisante. C'est pourquoi il est important de sauvegarder vos fichiers et de r\\u00e9parer votre ordinateur pour \\u00e9viter de vous retrouver dans une situation d\\u00e9sesp\\u00e9r\\u00e9e.<br \\\/>Il n'y a rien \\u00e0 l'\\u00e9cran, le syst\\u00e8me d'exploitation ou certains programmes ne r\\u00e9pondent pas, la connexion internet est d\\u00e9faillante, tr\\u00e8s lente ou coupe constamment ? Ne vous inqui\\u00e9tez pas, ne perdez pas patience. SIM Barcelona r\\u00e9sout tous vos probl\\u00e8mes informatiques \\u00e0 domicile ou \\u00e0 distance afin que vous puissiez profiter de votre mat\\u00e9riel en toute s\\u00e9r\\u00e9nit\\u00e9.<\\\/p>\",\"margin\":\"large\",\"maxwidth\":\"2xlarge\",\"text_align\":\"center\",\"text_style\":\"large\"}},{\"type\":\"headline\",\"props\":{\"content\":\"\n\n<p>Notre service d'assistance informatique aux particuliers s'occupe de<\\\/p>\",\"margin\":\"medium\",\"title_element\":\"h1\",\"title_style\":\"h1\"}},{\"type\":\"grid\",\"props\":{\"content_column_breakpoint\":\"m\",\"filter_align\":\"left\",\"filter_all\":true,\"filter_grid_breakpoint\":\"m\",\"filter_grid_width\":\"auto\",\"filter_position\":\"top\",\"filter_style\":\"tab\",\"grid_default\":\"1\",\"grid_divider\":false,\"grid_masonry\":true,\"grid_medium\":\"2\",\"grid_parallax\":\"0\",\"icon_width\":\"50\",\"image_align\":\"left\",\"image_grid_breakpoint\":\"m\",\"image_grid_width\":\"1-5\",\"image_height\":\"100px\",\"image_svg_color\":\"emphasis\",\"image_svg_inline\":true,\"item_animation\":true,\"link_style\":\"default\",\"link_text\":\"Read more\",\"margin\":\"default\",\"meta_align\":\"below-title\",\"meta_element\":\"div\",\"meta_style\":\"text-meta\",\"panel_padding\":\"default\",\"panel_style\":\"card-default\",\"show_content\":true,\"show_image\":true,\"show_link\":true,\"show_meta\":true,\"show_title\":true,\"title_align\":\"top\",\"title_element\":\"h3\",\"title_grid_breakpoint\":\"m\",\"title_grid_width\":\"1-2\",\"title_hover_style\":\"reset\",\"title_style\":\"h4\"},\"children\":[{\"type\":\"grid_item\",\"props\":{\"icon\":\"check\",\"image\":\"\",\"title\":\"R\\u00e9paration de mat\\u00e9riel informatique (PC ou Mac)\"}},{\"type\":\"grid_item\",\"props\":{\"content\":\"\n\n<ul>\\n\n\n<li>Installation et configuration du syst\\u00e8me d'exploitation, du courrier \\u00e9lectronique, des logiciels et des outils num\\u00e9riques.<\\\/li>\\n\n\n<li>Mise \\u00e0 niveau et optimisation des ordinateurs<\\\/li>\\n\n\n<li>Protection, y compris la suppression des logiciels espions et l'installation d'un logiciel antivirus<\\\/li>\\n<\\\/ul>\",\"icon\":\"check\",\"image\":\"\",\"title\":\"Installation et entretien\"}},{\"type\":\"grid_item\",\"props\":{\"content\":\"\n\n<ul>\\n\n\n<li>Restauration du syst\\u00e8me d'exploitation<\\\/li>\\n\n\n<li>R\\u00e9cup\\u00e9ration et copie de donn\\u00e9es<\\\/li>\\n\n\n<li>D\\u00e9pannage de l'internet, amplification du r\\u00e9seau wifi<\\\/li>\\n\n\n<li>Suppression des virus, des logiciels malveillants et des logiciels espions<\\\/li>\\n<\\\/ul>\",\"icon\":\"check\",\"image\":\"\",\"title\":\"Assistance et r\\u00e9paration d'ordinateurs et de p\\u00e9riph\\u00e9riques multim\\u00e9dia (imprimante avec scanner, \\u00e9metteur wifi, smartphone, tablette...).\"}},{\"type\":\"grid_item\",\"props\":{\"content\":\"\n\n<ul>\\n\n\n<li>Nous pouvons transf\\u00e9rer des donn\\u00e9es d'un appareil \\u00e0 un autre (d'un ancien appareil \\u00e0 un nouveau, par exemple) ou vers un disque dur externe.<\\\/li>\\n\n\n<li>Comme il s'agit d'une t\\u00e2che tr\\u00e8s d\\u00e9licate, n'h\\u00e9sitez pas, faites confiance \\u00e0 un expert !<\\\/li>\\n<\\\/ul>\",\"icon\":\"check\",\"image\":\"\",\"title\":\"Transfert de donn\\u00e9es entre appareils\"}},{\"type\":\"grid_item\",\"props\":{\"icon\":\"check\",\"image\":\"\",\"title\":\"Formation, conseils et orientation lors de l'achat ou de l'apprentissage de l'utilisation d'outils informatiques\"}}]},{\"type\":\"text\",\"props\":{\"block_align\":\"center\",\"column_breakpoint\":\"m\",\"content\":\"\n\n<h3>Nos techniciens informatiques se d\\u00e9placent \\u00e0 votre domicile, si vous habitez \\u00e0 Barcelone ou dans les environs.<\\\/h3>\\n\n\n<p>Cependant, si vous \\u00eates press\\u00e9, nous offrons \\u00e9galement un service de support informatique \\u00e0 distance, o\\u00f9 que vous soyez. Connect\\u00e9 \\u00e0 internet gr\\u00e2ce \\u00e0 un logiciel totalement s\\u00e9curis\\u00e9 et gratuit, notre expert peut voir votre \\u00e9cran et vous aider de la mani\\u00e8re la plus efficace.<\\\/p>\",\"margin\":\"large\",\"maxwidth\":\"2xlarge\",\"text_align\":\"center\",\"text_style\":\"large\"}},{\"type\":\"button\",\"props\":{\"grid_column_gap\":\"small\",\"grid_row_gap\":\"small\",\"margin\":\"default\",\"text_align\":\"center\"},\"children\":[{\"type\":\"button_item\",\"props\":{\"button_style\":\"default\",\"content\":\"FAITES CONFIANCE \\u00c0 UN EXPERT !\",\"icon_align\":\"left\",\"link\":\"contacto-sim-barcelona-soporte-informatico-barcelona\\\/\"}}]},{\"type\":\"panel\",\"props\":{\"content\":\"\n\n<ul>\\n\n\n<li>Nous commen\\u00e7ons par diagnostiquer votre probl\\u00e8me informatique ou internet.<\\\/li>\\n\n\n<li>Nous \\u00e9tablissons rapidement un devis sur la base de la solution dont vous avez besoin.<\\\/li>\\n\n\n<li>Selon le mode choisi, un technicien se d\\u00e9place ou travaille \\u00e0 distance sur votre appareil.<\\\/li>\\n\n\n<li>Si nous ne r\\u00e9solvons pas le probl\\u00e8me, le service sera enti\\u00e8rement gratuit. S'il s'agit d'une pi\\u00e8ce d\\u00e9fectueuse, vous ne devrez payer que le co\\u00fbt du diagnostic, 36,90 euros +TVA.<\\\/li>\\n<\\\/ul>\",\"content_column_breakpoint\":\"m\",\"icon_width\":80,\"image\":\"wp-content\\\/uploads\\\/2023\\\/08\\\/diagnostique-assistance-informatique-sim-barcelona.png\",\"image_align\":\"right\",\"image_grid_breakpoint\":\"m\",\"image_grid_width\":\"1-2\",\"image_svg_color\":\"emphasis\",\"link\":\"\\\/fr\\\/contact-sim-barcelona-it-support-barcelona\\\/\",\"link_style\":\"secondary\",\"link_text\":\"DEVIS\",\"margin\":\"default\",\"meta_align\":\"below-title\",\"meta_element\":\"div\",\"meta_style\":\"text-meta\",\"panel_image_no_padding\":true,\"panel_padding\":\"default\",\"panel_style\":\"card-primary\",\"title\":\"Comment fonctionne notre service de r\\u00e9paration et d'assistance informatique sur mesure ?\",\"title_align\":\"top\",\"title_element\":\"h3\",\"title_grid_breakpoint\":\"m\",\"title_grid_width\":\"1-2\",\"title_hover_style\":\"reset\"}},{\"type\":\"panel\",\"props\":{\"content\":\"\n\n<ul>\\n\n\n<li>Intervention rapide de nos sp\\u00e9cialistes informatiques pour que vous puissiez continuer \\u00e0 utiliser vos appareils d\\u00e8s que possible.<\\\/li>\\n\n\n<li>Assistance personnalis\\u00e9e en fonction de vos probl\\u00e8mes informatiques<\\\/li>\\n\n\n<li>Un service de qualit\\u00e9, assur\\u00e9 par des informaticiens professionnels et communicatifs.<\\\/li>\\n\n\n<li>Des conseils judicieux pour assurer le bon fonctionnement de votre \\u00e9quipement<\\\/li>\\n<\\\/ul>\",\"content_column_breakpoint\":\"m\",\"icon_width\":80,\"image\":\"wp-content\\\/uploads\\\/2023\\\/08\\\/support-informatique-particulier-et-entreprise-sim-barcelona-.png\",\"image_align\":\"left\",\"image_grid_breakpoint\":\"m\",\"image_grid_width\":\"1-2\",\"image_svg_color\":\"emphasis\",\"link\":\"\\\/fr\\\/contact-sim-barcelona-it-support-barcelona\\\/\",\"link_style\":\"primary\",\"link_text\":\"DEVIS GRATUIT\",\"margin\":\"default\",\"meta_align\":\"below-title\",\"meta_element\":\"div\",\"meta_style\":\"text-meta\",\"panel_image_no_padding\":true,\"panel_padding\":\"default\",\"panel_style\":\"card-default\",\"title\":\"Nos engagements en mati\\u00e8re d'assistance et de r\\u00e9paration informatique\",\"title_align\":\"top\",\"title_element\":\"h3\",\"title_grid_breakpoint\":\"m\",\"title_grid_width\":\"1-2\",\"title_hover_style\":\"reset\"}}]}]},{\"type\":\"row\",\"children\":[{\"type\":\"column\",\"props\":{\"image_position\":\"center-center\",\"position_sticky_breakpoint\":\"m\"},\"children\":[{\"type\":\"headline\",\"props\":{\"content\":\"\n\n<p>Avis des clients de SIM Barcelona<\\\/p>\",\"margin\":\"medium\",\"text_align\":\"center\",\"title_element\":\"h1\",\"title_style\":\"h2\"}},{\"type\":\"grid\",\"props\":{\"content_column_breakpoint\":\"m\",\"filter_align\":\"left\",\"filter_all\":true,\"filter_grid_breakpoint\":\"m\",\"filter_grid_width\":\"auto\",\"filter_position\":\"top\",\"filter_style\":\"tab\",\"grid_default\":\"1\",\"grid_divider\":false,\"grid_masonry\":true,\"grid_medium\":\"3\",\"grid_parallax\":\"0\",\"icon_width\":\"\",\"image_align\":\"top\",\"image_grid_breakpoint\":\"m\",\"image_grid_width\":\"1-2\",\"image_height\":\"100px\",\"image_svg_color\":\"emphasis\",\"image_svg_inline\":true,\"item_animation\":true,\"link_style\":\"default\",\"link_text\":\"Read more\",\"margin\":\"default\",\"meta_align\":\"below-title\",\"meta_element\":\"div\",\"meta_style\":\"text-meta\",\"panel_padding\":\"default\",\"panel_style\":\"card-secondary\",\"show_content\":true,\"show_image\":true,\"show_link\":true,\"show_meta\":true,\"show_title\":true,\"text_align\":\"center\",\"title_align\":\"top\",\"title_element\":\"h3\",\"title_grid_breakpoint\":\"m\",\"title_grid_width\":\"1-2\",\"title_hover_style\":\"reset\"},\"children\":[{\"type\":\"grid_item\",\"props\":{\"content\":\"\n\n<blockquote>\\n\n\n<p>J'ai \\u00e9t\\u00e9 tr\\u00e8s satisfait de son travail. Nous avons eu quelques probl\\u00e8mes avec mon vieil ordinateur mais il a tout r\\u00e9solu avec beaucoup de patience.<\\\/p>\\n<\\\/blockquote>\",\"image\":\"\",\"meta\":\"Javier\",\"title\":\"\"}},{\"type\":\"grid_item\",\"props\":{\"content\":\"\n\n<blockquote>\\n\n\n<div class=\\\"et_pb_testimonial_description_inner\\\">\\n\n\n<div class=\\\"et_pb_testimonial_content\\\">\\n\n\n<p>Hautement recommand\\u00e9 ! Fiable et efficace. Il a r\\u00e9solu plusieurs probl\\u00e8mes avec mon ordinateur et mon t\\u00e9l\\u00e9phone portable tr\\u00e8s rapidement. Il m'a \\u00e9galement donn\\u00e9 de tr\\u00e8s bons conseils pour l'achat de l'ordinateur et du t\\u00e9l\\u00e9phone portable. Grande disponibilit\\u00e9 et flexibilit\\u00e9.<\\\/p>\\n<\\\/div>\\n<\\\/div>\\n<\\\/blockquote>\",\"image\":\"\",\"meta\":\"Aida\",\"title\":\"\"}},{\"type\":\"grid_item\",\"props\":{\"content\":\"\n\n<blockquote>\\n\n\n<div class=\\\"et_pb_testimonial_description_inner\\\">\\n\n\n<div class=\\\"et_pb_testimonial_content\\\">\\n\n\n<p>SIM Barcelona m'a assist\\u00e9 lors de l'installation de logiciels et m'a conseill\\u00e9 sur les plus efficaces. Ils sont \\u00e0 la pointe des technologies informatiques.<\\\/p>\\n\n\n<p>Pour les probl\\u00e8mes de covid-19 et de s\\u00e9curit\\u00e9, ils offrent \\u00e9galement une assistance \\u00e0 distance par le biais du \\\"Team Viewer\\\" pendant le processus. Cela facilite la r\\u00e9solution rapide de l'incident lorsque nous les appelons.<\\\/p>\\n<\\\/div>\\n<\\\/div>\\n<\\\/blockquote>\",\"image\":\"\",\"meta\":\"Viviane\",\"title\":\"\"}}]}]}]}],\"name\":\"Hero\"}],\"version\":\"4.0.13\"} --><\/p>\n","protected":false},"excerpt":{"rendered":"<p>Assistance informatique aux particuliers DEVIS GRATUIT NOUS CONTACTER Pour vous, les particuliers Les outils informatiques sont devenus indispensables dans la vie de tous les jours. Perdre le contenu de son disque dur peut \u00eatre une exp\u00e9rience traumatisante. C&rsquo;est pourquoi il est important de sauvegarder vos fichiers et de r\u00e9parer votre ordinateur pour \u00e9viter de vous [&hellip;]<\/p>\n","protected":false},"author":1,"featured_media":0,"parent":0,"menu_order":0,"comment_status":"closed","ping_status":"closed","template":"","meta":{"footnotes":""},"class_list":["post-2704","page","type-page","status-publish","hentry"],"acf":[],"_links":{"self":[{"href":"https:\/\/simbarcelona.es\/fr\/wp-json\/wp\/v2\/pages\/2704","targetHints":{"allow":["GET"]}}],"collection":[{"href":"https:\/\/simbarcelona.es\/fr\/wp-json\/wp\/v2\/pages"}],"about":[{"href":"https:\/\/simbarcelona.es\/fr\/wp-json\/wp\/v2\/types\/page"}],"author":[{"embeddable":true,"href":"https:\/\/simbarcelona.es\/fr\/wp-json\/wp\/v2\/users\/1"}],"replies":[{"embeddable":true,"href":"https:\/\/simbarcelona.es\/fr\/wp-json\/wp\/v2\/comments?post=2704"}],"version-history":[{"count":0,"href":"https:\/\/simbarcelona.es\/fr\/wp-json\/wp\/v2\/pages\/2704\/revisions"}],"wp:attachment":[{"href":"https:\/\/simbarcelona.es\/fr\/wp-json\/wp\/v2\/media?parent=2704"}],"curies":[{"name":"wp","href":"https:\/\/api.w.org\/{rel}","templated":true}]}}